{"id":814,"date":"1995-09-04T00:00:00","date_gmt":"1995-09-03T23:00:00","guid":{"rendered":"http:\/\/www.grappa.no\/albums\/uncategorized\/norsk-folkemusikk-norwegian-folk-music-1-10\/"},"modified":"2016-08-16T08:35:37","modified_gmt":"2016-08-16T07:35:37","slug":"norsk-folkemusikk-norwegian-folk-music-1-10","status":"publish","type":"product","link":"https:\/\/grappa.no\/no\/albums\/grappa\/norsk-folkemusikk-norwegian-folk-music-1-10\/","title":{"rendered":"Norsk Folkemusikk \/ Norwegian Folk Music 1-10"},"content":{"rendered":"<p><\/p>\n<p>Den ultimate folkemusikksamlingen<\/p>\n<p>Folkemusikkarkivet i NRK har i dag over 50 000 melodinummer. Innsamlingsarbeidet begynte i 1934 med Eivind Groven, den f\u00f8rste folkemusikkmedarbeideren i NRK. Rolf Myklebust startet i 1953 med sine legendariske innsamlingsturer landet rundt med opptaksbuss. 10 CD-plater er et lite steg p\u00e5 veien for \u00e5 f\u00e5 musikken fra denne store samlingen frem i lyset. Med utgivelsen vil NRK og Grappa Musikkforlag vise hvor frodig og mangoldig norsk folkemusikk er. Vi vil ogs\u00e5 gi folk lyst til \u00e5 trenge dypere inn i det norske folkemusikklandskapet, og inspirere flere til \u00e5 bli aktive ut\u00f8vere og brukere av tradisjonen.<\/p>\n<p>Leiv Solberg er redakt\u00f8r og produsent for samlingen.<\/p>\n<p><!--more--><\/p>\n<h4><\/h4>\n<\/p>\n<h4><\/h4>\n<p><h4><\/h4>\n<\/p>\n<p><\/p>","protected":false},"excerpt":{"rendered":"<p>10 CD-plater er et lite steg p\u00e5 veien for \u00e5 f\u00e5 musikken fra denne store samlingen frem i lyset.<\/p>\n","protected":false},"featured_media":26933,"comment_status":"closed","ping_status":"open","template":"","meta":[],"product_brand":[],"product_cat":[6],"product_tag":[],"class_list":{"0":"post-814","1":"product","2":"type-product","3":"status-publish","4":"has-post-thumbnail","6":"product_cat-grappa","7":"product_shipping_class-cddvd-shipping","8":"uni_artist_tag-trad","9":"uni_artist_genre-collection","10":"uni_artist_genre-folk-music","11":"uni_artist_genre-world-music","13":"first","14":"outofstock","15":"taxable","16":"shipping-taxable","17":"product-type-simple"},"_links":{"self":[{"href":"https:\/\/grappa.no\/no\/wp-json\/wp\/v2\/product\/814","targetHints":{"allow":["GET"]}}],"collection":[{"href":"https:\/\/grappa.no\/no\/wp-json\/wp\/v2\/product"}],"about":[{"href":"https:\/\/grappa.no\/no\/wp-json\/wp\/v2\/types\/product"}],"replies":[{"embeddable":true,"href":"https:\/\/grappa.no\/no\/wp-json\/wp\/v2\/comments?post=814"}],"wp:featuredmedia":[{"embeddable":true,"href":"https:\/\/grappa.no\/no\/wp-json\/wp\/v2\/media\/26933"}],"wp:attachment":[{"href":"https:\/\/grappa.no\/no\/wp-json\/wp\/v2\/media?parent=814"}],"wp:term":[{"taxonomy":"product_brand","embeddable":true,"href":"https:\/\/grappa.no\/no\/wp-json\/wp\/v2\/product_brand?post=814"},{"taxonomy":"product_cat","embeddable":true,"href":"https:\/\/grappa.no\/no\/wp-json\/wp\/v2\/product_cat?post=814"},{"taxonomy":"product_tag","embeddable":true,"href":"https:\/\/grappa.no\/no\/wp-json\/wp\/v2\/product_tag?post=814"}],"curies":[{"name":"wp","href":"https:\/\/api.w.org\/{rel}","templated":true}]}}