{"id":812,"date":"2012-09-28T00:00:00","date_gmt":"2012-09-27T23:00:00","guid":{"rendered":"http:\/\/www.grappa.no\/albums\/uncategorized\/kampestuen\/"},"modified":"2016-08-16T08:35:56","modified_gmt":"2016-08-16T07:35:56","slug":"kampestuen","status":"publish","type":"product","link":"https:\/\/grappa.no\/no\/albums\/grappa\/kampestuen\/","title":{"rendered":"Kampestuen"},"content":{"rendered":"<p><\/p>\n<p>Kampestuens debutalbum<\/p>\n<p>\u2013 Hver dag er full av t\u00e5pelige, men d\u00f8delige nederlag, sier Tove Kampestuen Heyerdahl Kampestuen), som n\u00e5 kommer med sin debutskive Kampestuen. Det hele er formidlet lekent, n\u00e6rt og alvorlig, og det er en moden artist som n\u00e5 presenterer sin musikk p\u00e5 GRAPPA. I m\u00f8tet med produsent og musiker Anders M\u00f8ller (Kitchie Kitchie Ki Me O, Euroboys, Paperboys, Gluecifer, K\u00e5re &amp; The Cavemen), har Kampestuen rendyrket ideen om \u00e5 kle de melodirike poetiske l\u00e5tene med tunge bassganger og subtile gitarriff. I tillegg til Anders M\u00f8ller p\u00e5 perkusjon, finner vi Trond Mj\u00f8en p\u00e5 gitar, Lars Kristian\u201dTittan\u201d Folkvord p\u00e5 bass, Thomas Pettersen p\u00e5 trommer og Tore Ylvisaker p\u00e5 tangenter og midi. Resultatet er blitt en sterk og fengende musikkopplevelse. Vi gleder oss over \u00e5 presentere Kampestuen!<br \/>\nhttps:\/\/soundcloud.com\/kampestuen<\/p>\n<p><!--more--><\/p>\n<p>\u2013 Hver dag er full av t\u00e5pelige, men d\u00f8delige nederlag, sier Tove Kampestuen Heyerdahl, som n\u00e5 kommer med sin debutskive Kampestuen.<\/p>\n<h4>Spennende samarbeid<\/h4>\n<p>I m\u00f8tet med produsent og musiker Anders M\u00f8ller (Kitchie Kitchie Ki Me O, Euroboys, Paperboys, Gluecifer, K\u00e5re &amp; The Cavemen), har Kampestuen rendyrket ideen om \u00e5 kle de melodirike poetiske l\u00e5tene med tunge bassganger og subtile gitarriff. I tillegg til Anders M\u00f8ller p\u00e5 perkusjon, finner vi Trond Mj\u00f8en p\u00e5 gitar, Lars Kristian\u201dTittan\u201d Folkvord p\u00e5 bass, Thomas Pettersen p\u00e5 trommer og Tore Ylvisaker p\u00e5 tangenter og midi. Resultatet er blitt en sterk og fengende musikkopplevelse.<\/p>\n<h4>Tove Kampestuen Heyerdahl<\/h4>\n<p>Tove K. Heyerdahl er utdannet skuespiller fra Statens Teaterh\u00f8gskole. Hun har jobbet ved en rekke teaterscener som skuespiller, og har medvirket i flere TV-serier p\u00e5 NRK. Hun er ogs\u00e5 snart utdannet journalist, noe hun selv sier var ment for \u00e5 f\u00e5 dreis p\u00e5 skrivingen, men har endt opp som l\u00e5tskriver p\u00e5 heltid.<br \/>\n&lt;https:\/\/www.soundcloud.com\/kampestuen&gt;<br \/>\nReleasekonsert p\u00e5 INTERNASJONALEN 26.september<br \/>\n&lt;https:\/\/www.internasjonalen.no\/events\/kampestuen&gt;<\/p>\n<h4><\/h4>\n<\/p>\n<p><\/p>","protected":false},"excerpt":{"rendered":"<p>\u2013 Platedebutant med b\u00e5de personlighet og egenart. [5 \/ Hamar Arbeiderblad]<\/p>\n","protected":false},"featured_media":27063,"comment_status":"closed","ping_status":"open","template":"","meta":[],"product_brand":[],"product_cat":[6],"product_tag":[],"class_list":{"0":"post-812","1":"product","2":"type-product","3":"status-publish","4":"has-post-thumbnail","6":"product_cat-grappa","7":"product_shipping_class-cddvd-shipping","8":"uni_artist_tag-tove-k","9":"uni_main_artist_tag-tove-k","11":"first","12":"instock","13":"taxable","14":"shipping-taxable","15":"purchasable","16":"product-type-simple"},"_links":{"self":[{"href":"https:\/\/grappa.no\/no\/wp-json\/wp\/v2\/product\/812","targetHints":{"allow":["GET"]}}],"collection":[{"href":"https:\/\/grappa.no\/no\/wp-json\/wp\/v2\/product"}],"about":[{"href":"https:\/\/grappa.no\/no\/wp-json\/wp\/v2\/types\/product"}],"replies":[{"embeddable":true,"href":"https:\/\/grappa.no\/no\/wp-json\/wp\/v2\/comments?post=812"}],"wp:featuredmedia":[{"embeddable":true,"href":"https:\/\/grappa.no\/no\/wp-json\/wp\/v2\/media\/27063"}],"wp:attachment":[{"href":"https:\/\/grappa.no\/no\/wp-json\/wp\/v2\/media?parent=812"}],"wp:term":[{"taxonomy":"product_brand","embeddable":true,"href":"https:\/\/grappa.no\/no\/wp-json\/wp\/v2\/product_brand?post=812"},{"taxonomy":"product_cat","embeddable":true,"href":"https:\/\/grappa.no\/no\/wp-json\/wp\/v2\/product_cat?post=812"},{"taxonomy":"product_tag","embeddable":true,"href":"https:\/\/grappa.no\/no\/wp-json\/wp\/v2\/product_tag?post=812"}],"curies":[{"name":"wp","href":"https:\/\/api.w.org\/{rel}","templated":true}]}}