{"id":811,"date":"2012-06-01T00:00:00","date_gmt":"2012-05-31T23:00:00","guid":{"rendered":"http:\/\/www.grappa.no\/albums\/uncategorized\/benedicte-maurseth-knut-hamre-anima\/"},"modified":"2016-08-16T08:35:55","modified_gmt":"2016-08-16T07:35:55","slug":"benedicte-maurseth-knut-hamre-anima","status":"publish","type":"product","link":"https:\/\/grappa.no\/no\/albums\/heilo\/benedicte-maurseth-knut-hamre-anima\/","title":{"rendered":"Benedicte Maurseth \/ Knut Hamre: Anima"},"content":{"rendered":"<p><\/p>\n<p>Det som er gammelt er nytt og det som er nytt er gammel<\/p>\n<p>For fem \u00e5r siden ga hardingfelespillerne Benedicte Maurseth og Knut Hamre ut CD\/DVD utgivelsen \u201dRosa i botnen\u201d &#8211; et nybrottsarbeid innen norsk folkemusikk.<br \/>\n&#8211; Et viktig prosjekt som brakte nye og friske perspektiver inn i tenkningen rundt folkemusikken. Rosa i botnen\u201d-prosjektet fikk mye oppmerksomhet og var omdiskutert i folkemusikkmilj\u00f8et. Kontroversene gikk p\u00e5 den ene siden p\u00e5 det rent estetiske ved \u00e5 hente frem disse gamle instrumentene. At mus\u00e9ene valgte \u00e5 l\u00e5ne ut disse klenodiene til ut\u00f8vere ble ogs\u00e5 problematisert.<br \/>\nUtgivelsen ble hyllet av et samlet kritikerkorps da den kom. VG trillet en sekser p\u00e5 terningen og kalte den \u201den av tidenes vakreste og sterkeste hardingfeleplater.\u201d <\/p>\n<p>P\u00e5 albumet \u201dAnima\u201d (sjel) videref\u00f8rer Maurseth og Hamre prosjektet som startet p\u00e5 \u201dRosa i botnen\u201d. Ogs\u00e5 denne gangen pusser de st\u00f8v av gamle hardingfeler. Denne gangen f\u00e5r vi i tillegg for f\u00f8rste gang anledning til \u00e5 h\u00f8re den eldste norskbygde fiolinen, laget av Trond Flateb\u00f8 i 1746. Med seg p\u00e5 Anima har de to invitert to klassike ut\u00f8vere som har spesialisert seg p\u00e5 \u00e5 spille p\u00e5 instrumenter fra samme tidsepoke. Tyske Elisabeth Seitz spiller tympanon (hakkebrett), og belgiske Philippe Pierlot spiller viola da gamba. Begge er blant de fremste p\u00e5 sitt felt. Den originale musikeren og komponisten Nils \u00d8kland spiller feler og viola d\u00b4amore p\u00e5 albumet, men har ogs\u00e5 bidratt med nyskreven musikk.<\/p>\n<p><!--more--><\/p>\n<p>For fem \u00e5r siden ga hardingfelespillerne Benedicte Maurseth og Knut Hamre ut CD\/DVD utgivelsen \u201dRosa i botnen\u201d &#8211; et nybrottsarbeid innen norsk folkemusikk.<br \/>\n&#8211; Et viktig prosjekt som brakte nye og friske perspektiver inn i tenkningen rundt folkemusikken.<\/p>\n<h4>Omdiskutert<\/h4>\n<p>\u201dRosa i botnen\u201d-prosjektet fikk mye oppmerksomhet og var omdiskutert i folkemusikkmilj\u00f8et. Kontroversene gikk p\u00e5 den ene siden p\u00e5 det rent estetiske ved \u00e5 hente frem disse gamle instrumentene. At mus\u00e9ene valgte \u00e5 l\u00e5ne ut disse klenodiene til ut\u00f8vere ble ogs\u00e5 problematisert.<br \/>\nUtgivelsen ble hyllet av et samlet kritikerkorps da den kom. VG trillet en sekser p\u00e5 terningen og kalte den \u201den av tidenes vakreste og sterkeste hardingfeleplater.\u201d<\/p>\n<h4>Anima<\/h4>\n<p>P\u00e5 albumet \u201dAnima\u201d (sjel) videref\u00f8rer Maurseth og Hamre prosjektet som startet p\u00e5 \u201dRosa i botnen\u201d. Ogs\u00e5 denne gangen pusser de st\u00f8v av gamle hardingfeler. Denne gangen f\u00e5r vi i tillegg for f\u00f8rste gang anledning til \u00e5 h\u00f8re den eldste norskbygde fiolinen, laget av Trond Flateb\u00f8 i 1746. <\/p>\n<p>Med seg p\u00e5 Anima har de to invitert to klassike ut\u00f8vere som har spesialisert seg p\u00e5 \u00e5 spille p\u00e5 instrumenter fra samme tidsepoke. Tyske Elisabeth Seitz spiller tympanon (hakkebrett), og belgiske Philippe Pierlot spiller viola da gamba. Begge er blant de fremste p\u00e5 sitt felt. Den originale musikeren og komponisten Nils \u00d8kland spiller feler og viola d\u00b4amore p\u00e5 albumet, men har ogs\u00e5 bidratt med nyskreven musikk. Maurseth og Hamre har bestilt verket \u201d5736\u201d. Navnet kommer fra Hamres hjemkommune Granvin sitt postnummer og verket sidestilles p\u00e5 albumet med sl\u00e5ttemusikk og tidlig barokkmusikk av bl.a Henry Purcell og Tobias Hume. \u201dDet var en stor og spennende utfordring \u00e5 skrive for dette ensemblet.\u201d sier Nils \u00d8kland. \u201dStykket har en \u00e5pen form, der musikerne kan utfolde seg i et landskap de kjenner seg hjemme i, b\u00e5de med instrument og musikalsk bakgrunn\u201d .<\/p>\n<p>Det er tydelig at musikerne p\u00e5 Anima er vel s\u00e5 opptatt av \u00e5 skape noe nytt og relevant, som de er av \u00e5 s\u00f8ke etter det historisk korrekte og autentiske. \u201cDet som er gammelt er nytt og det som er nytt er gammelt\u201d skriver Maurseth og Hamre i cd heftet.<\/p>\n<p>\u201dAnima\u201d kommer innpakket i et vakker omslag designet av Rune Mortensen, med malerier av Els Geelen. I det omfattende teksthefte skriver f\u00f8rsteemanuensis Bj\u00f8rn Aksdal et informativt essay om felemakerne Isak Nielsen Skaar og Trond Flateb\u00f8.<\/p>\n<h4><\/h4>\n<\/p>\n<p><\/p>","protected":false},"excerpt":{"rendered":"<p>P\u00e5 albumet \u201dAnima\u201d (sjel) videref\u00f8rer Maurseth og Hamre prosjektet som startet p\u00e5 \u201dRosa i botnen\u201d. Ogs\u00e5 denne gangen pusser de st\u00f8v av gamle hardingfeler. Denne gangen f\u00e5r vi i tillegg for f\u00f8rste gang anledning til \u00e5 h\u00f8re den eldste norskbygde fiolinen, laget av Trond Flateb\u00f8 i 1746.<\/p>\n","protected":false},"featured_media":27299,"comment_status":"closed","ping_status":"open","template":"","meta":[],"product_brand":[],"product_cat":[35],"product_tag":[],"class_list":{"0":"post-811","1":"product","2":"type-product","3":"status-publish","4":"has-post-thumbnail","6":"product_cat-heilo","7":"product_shipping_class-cddvd-shipping","8":"uni_artist_tag-benedicte-maurseth","9":"uni_artist_tag-knut-hamre","10":"uni_artist_tag-nils-okland","11":"uni_main_artist_tag-benedicte-maurseth","12":"uni_artist_genre-folk-music","14":"first","15":"instock","16":"taxable","17":"shipping-taxable","18":"purchasable","19":"product-type-simple"},"_links":{"self":[{"href":"https:\/\/grappa.no\/no\/wp-json\/wp\/v2\/product\/811","targetHints":{"allow":["GET"]}}],"collection":[{"href":"https:\/\/grappa.no\/no\/wp-json\/wp\/v2\/product"}],"about":[{"href":"https:\/\/grappa.no\/no\/wp-json\/wp\/v2\/types\/product"}],"replies":[{"embeddable":true,"href":"https:\/\/grappa.no\/no\/wp-json\/wp\/v2\/comments?post=811"}],"wp:featuredmedia":[{"embeddable":true,"href":"https:\/\/grappa.no\/no\/wp-json\/wp\/v2\/media\/27299"}],"wp:attachment":[{"href":"https:\/\/grappa.no\/no\/wp-json\/wp\/v2\/media?parent=811"}],"wp:term":[{"taxonomy":"product_brand","embeddable":true,"href":"https:\/\/grappa.no\/no\/wp-json\/wp\/v2\/product_brand?post=811"},{"taxonomy":"product_cat","embeddable":true,"href":"https:\/\/grappa.no\/no\/wp-json\/wp\/v2\/product_cat?post=811"},{"taxonomy":"product_tag","embeddable":true,"href":"https:\/\/grappa.no\/no\/wp-json\/wp\/v2\/product_tag?post=811"}],"curies":[{"name":"wp","href":"https:\/\/api.w.org\/{rel}","templated":true}]}}