{"id":810,"date":"2012-05-11T00:00:00","date_gmt":"2012-05-10T23:00:00","guid":{"rendered":"http:\/\/www.grappa.no\/albums\/uncategorized\/stjerner-lyser-hvite\/"},"modified":"2023-10-04T13:48:02","modified_gmt":"2023-10-04T12:48:02","slug":"stjerner-lyser-hvite","status":"publish","type":"product","link":"https:\/\/grappa.no\/no\/albums\/grappa\/stjerner-lyser-hvite\/","title":{"rendered":"Stjerner Lyser Hvite"},"content":{"rendered":"<p><\/p>\n<p>Jens Gunderssen &#8211; Stjerner lyser hvite<\/p>\n<p>Denne doble cd-utgivelsen markerer at det er 100 \u00e5r siden skuespiller, instrukt\u00f8r, teatersjef, komponist, sanger og visedikter Jens Gunderssen ble f\u00f8dt. Jens Gunderssen ble landskjent gjennom radio, grammofon, visekvelder og turneer. Hans lavm\u00e6lte, varme og melodi\u00f8se visesang, ofte til eget gitar- eller luttakkompagnement representerte n\u00e6rmest en egen genre da han kom p\u00e5 grammofonmarkedet i 1940 \u00e5rene. Jens Gunderssens grandnev\u00f8; Karl-Henrik Gunderssen har samlet et knippe med norske vokalister for \u00e5 markere dette. Blant deltagerne finner vi; Lars Bremnes, Jan Erik Vold, Helene B\u00f8ksle, Lars Lillo-Stenberg, Alf Cranner, Aasmund Nordstoga, Ola Bremnes, Finn Coren, Ivar B\u00f8ksle, Eivind B\u00f8ksle, Lars Klevstrand, Kari Iveland, Geirr Lystrup, J\u00f8rn Simen \u00d8verli mfl. I tillegg er det samlet spennende konstellasjoner med Lars Fredrik Beckstr\u00f8m (De Lillos), Espen Beranek Holm, Trygve Mathiesen (YM Stammen), Arvid Skancke-Knutsen (White Lord Jesus), Chris Erichsen (The Aller V\u00e6rste), P\u00e5l Angelsk\u00e5r (Minor Majority) og Harald Are Lund (NRK). Musikere er Stian Carstensen, Tone Hulb\u00e6kmo, \u00c5smund Reistad, Helge Lien, Tom Lund, Tine Asmundsen, Geir Jenssen (Biosphere) m.fl.<\/p>\n<p><!--more--><\/p>\n<p>Denne doble cd-utgivelsen markerer at det er 100 \u00e5r siden skuespiller, instrukt\u00f8r, teatersjef, komponist, sanger og visedikter Jens Gunderssen ble f\u00f8dt<\/p>\n<h4>Norske artister<\/h4>\n<p>Jens Gunderssens grandnev\u00f8; Karl-Henrik Gunderssen har samlet et knippe med norske vokalister for \u00e5 markere dette. Blant deltagerne finner vi; Lars Bremnes, Jan Erik Vold, Helene B\u00f8ksle, Lars Lillo-Stenberg, Alf Cranner, Aasmund Nordstoga, Ola Bremnes, Finn Coren, Ivar B\u00f8ksle, Eivind B\u00f8ksle, Lars Klevstrand, Kari Iveland, Geirr Lystrup, J\u00f8rn Simen \u00d8verli mfl. I tillegg er det samlet spennende konstellasjoner med Lars Fredrik Beckstr\u00f8m (De Lillos), Espen Beranek Holm, Trygve Mathiesen (YM Stammen), Arvid Skancke-Knutsen (White Lord Jesus), Chris Erichsen (The Aller V\u00e6rste), P\u00e5l Angelsk\u00e5r (Minor Majority) og Harald Are Lund (NRK). Musikere er Stian Carstensen, Tone Hulb\u00e6kmo, \u00c5smund Reistad, Helge Lien, Tom Lund, Tine Asmundsen, Geir Jenssen (Biosphere) m.fl.<\/p>\n<h4>Vuggevise<\/h4>\n<p>Tittelen bygger p\u00e5 Jens Gunderssens mest kjente vise; Vuggevise \u2013 noen kommer, noen g\u00e5r, noen d\u00f8r i livets v\u00e5r. Stjerner lyser hvite. Jens Gunderssens tekster kretser grovt sett om to hoved emner; Livet p\u00e5 svabergene nede p\u00e5 S\u00f8rlandet, og det store alvoret som er menneskelivets ferd mot d\u00f8den.<br \/>\nI denne doble cd-utgivelsen f\u00f8lger det en 32-siders booklet om Jens Gunderssens liv og levend, samt en 32-siders booklet med alle tekstene p\u00e5 plata. I booketene er det tegninger av Thorbj\u00f8rn Egner, Odd B\u00f8rretszen, Ulf Aas, Ivar Mauritz-Hansen samt upubliserte tegninger av Magne Soone. I tillegg er det fotografier av mesterfotograf Kjell Sten Tollefsen.<\/p>\n<h4><\/h4>\n<p><\/p>","protected":false},"excerpt":{"rendered":"<p>Et knippe av fantastiske norske artister markerer med denne doble cd-utgivelsen at det er 100 \u00e5r siden skuespiller, instrukt\u00f8r, teatersjef, komponist, sanger og visedikter Jens Gunderssen ble f\u00f8dt.<\/p>\n","protected":false},"featured_media":27078,"comment_status":"closed","ping_status":"closed","template":"","meta":[],"product_brand":[],"product_cat":[6],"product_tag":[],"class_list":{"0":"post-810","1":"product","2":"type-product","3":"status-publish","4":"has-post-thumbnail","6":"product_cat-grappa","7":"product_shipping_class-cddvd-shipping","8":"uni_artist_tag-aasmund-nordstoga","9":"uni_artist_tag-alf-cranner","10":"uni_artist_tag-arvid-skancke-knutsen","11":"uni_artist_tag-asmund-reistad","12":"uni_artist_tag-chris-erichsen","13":"uni_artist_tag-eivind-boksle","14":"uni_artist_tag-eivind-lorentzen","15":"uni_artist_tag-espen-beranek-holm","16":"uni_artist_tag-finn-coren","17":"uni_artist_tag-geir-jenssen","18":"uni_artist_tag-geirr-lystrup","19":"uni_artist_tag-harald-are-lund","20":"uni_artist_tag-hector-novas","21":"uni_artist_tag-helene-boksle","22":"uni_artist_tag-helge-lien","23":"uni_artist_tag-ivar-boksle","24":"uni_artist_tag-jan-erik-vold","25":"uni_artist_tag-jens-gunderssen","26":"uni_artist_tag-jorn-raknes","27":"uni_artist_tag-jorn-simen-overli","28":"uni_artist_tag-kare-siem","29":"uni_artist_tag-kari-iveland","30":"uni_artist_tag-karl-henrik-gunderssen","31":"uni_artist_tag-lars-bremnes","32":"uni_artist_tag-lars-fredrik-beckstrom","33":"uni_artist_tag-lars-klevestrand","34":"uni_artist_tag-lars-lillo-stenberg","35":"uni_artist_tag-ola-bremnes","36":"uni_artist_tag-ole-bendik-eilertsen","37":"uni_artist_tag-oivind-hanes","38":"uni_artist_tag-oystein-vesaas","39":"uni_artist_tag-pal-angleskar","40":"uni_artist_tag-petter-waldemar-nohr-unstad","41":"uni_artist_tag-steinar-refsdal","42":"uni_artist_tag-stian-carstensen","43":"uni_artist_tag-terje-nohr","44":"uni_artist_tag-tine-asmundsen","45":"uni_artist_tag-tom-s-lund","46":"uni_artist_tag-tone-hulbaekmo","47":"uni_artist_tag-trygve-mathiesen","48":"uni_main_artist_tag-lars-bremnes","49":"uni_artist_genre-folk-music","50":"uni_artist_genre-pop","52":"first","53":"outofstock","54":"taxable","55":"shipping-taxable","56":"purchasable","57":"product-type-simple"},"_links":{"self":[{"href":"https:\/\/grappa.no\/no\/wp-json\/wp\/v2\/product\/810","targetHints":{"allow":["GET"]}}],"collection":[{"href":"https:\/\/grappa.no\/no\/wp-json\/wp\/v2\/product"}],"about":[{"href":"https:\/\/grappa.no\/no\/wp-json\/wp\/v2\/types\/product"}],"replies":[{"embeddable":true,"href":"https:\/\/grappa.no\/no\/wp-json\/wp\/v2\/comments?post=810"}],"wp:featuredmedia":[{"embeddable":true,"href":"https:\/\/grappa.no\/no\/wp-json\/wp\/v2\/media\/27078"}],"wp:attachment":[{"href":"https:\/\/grappa.no\/no\/wp-json\/wp\/v2\/media?parent=810"}],"wp:term":[{"taxonomy":"product_brand","embeddable":true,"href":"https:\/\/grappa.no\/no\/wp-json\/wp\/v2\/product_brand?post=810"},{"taxonomy":"product_cat","embeddable":true,"href":"https:\/\/grappa.no\/no\/wp-json\/wp\/v2\/product_cat?post=810"},{"taxonomy":"product_tag","embeddable":true,"href":"https:\/\/grappa.no\/no\/wp-json\/wp\/v2\/product_tag?post=810"}],"curies":[{"name":"wp","href":"https:\/\/api.w.org\/{rel}","templated":true}]}}