{"id":809,"date":"2012-03-16T00:00:00","date_gmt":"2012-03-15T23:00:00","guid":{"rendered":"http:\/\/www.grappa.no\/albums\/uncategorized\/langs-veien\/"},"modified":"2016-08-16T08:35:54","modified_gmt":"2016-08-16T07:35:54","slug":"langs-veien","status":"publish","type":"product","link":"https:\/\/grappa.no\/no\/albums\/heilo\/langs-veien\/","title":{"rendered":"Langs veien"},"content":{"rendered":"<p><\/p>\n<p>Laila Yrvum \u2013 Langs veien<\/p>\n<p>For Laila Yrvum var det \u00e5 gi ut en plate med egne tekster og melodier i utgangspunktet noe hun ikke trodde ville skje, men n\u00e5 er hun ute med albumet \u201dLangs veien\u201d.  \u201dLangs veien\u201d handler om noe s\u00e5 enkelt og komplisert som hverdagslivet generelt \u2013 historier og tanker mange gj\u00f8r seg \u2013 uten konklusjoner. Fra \u201dLykkevisa\u201d om den enkle mannen som ser p\u00e5 TV og venter p\u00e5 oppvartning , til \u201dLivets karusell\u201d som er en betraktning av livet til de som ikke alltid har v\u00e6rt inkludert. Med seg har hun ogs\u00e5 Stein Ingebrigtsen p\u00e5 vokal p\u00e5 to av l\u00e5tene. Laila Yrvum har siden debuten v\u00e6rt en av de fremste formidlerne av tatermusikken og kulturen til de reisende i Norge, og i 2000 kom f\u00f8rste platen \u201dGia\u201d \u2013 en dokumentasjonsplate med tradisjonell tatermusikk. Seks \u00e5r senere kom andre platen \u201d Se min ild\u201d \u2013 en blanding av tradisjonell tatermusikk og noen egenkomponerte viser. For Laila Yrvum st\u00e5r tatermusikken sterkt, men denne gangen ville hun vise frem flere sider. P\u00e5 \u201dLangs veien\u201d er det biter fra et st\u00f8rre musikalsk register enn p\u00e5 de f\u00f8rste platene , ikke minst fra den folkelige popul\u00e6rmusikken som hun vokste opp i.<\/p>\n<p><!--more--><\/p>\n<p>Laila Yrvum er ute med nytt album: &quot;Langs veien&quot;<\/p>\n<h4>Hyllest til hverdagslivet<\/h4>\n<p>\u201dLangs veien\u201d handler om noe s\u00e5 enkelt og komplisert som hverdagslivet generelt \u2013 historier og tanker mange gj\u00f8r seg \u2013 uten konklusjoner. Fra \u201dLykkevisa\u201d om den enkle mannen som ser p\u00e5 TV og venter p\u00e5 oppvartning, til \u201dLivets karusell\u201d som er en betraktning av livet til de som ikke alltid har v\u00e6rt inkludert. Albumet er med andre ord en hyllest til hverdagslivet, med h\u00f8y gjenkjennelsesfaktor. Blant de medvirkende p\u00e5 plata finner vi flere dyktige musikere, deriblant Stein Ingebrigtsen som synger p\u00e5 to av l\u00e5tene.<\/p>\n<h4>St\u00f8rre musikalsk register<\/h4>\n<p>Laila Yrvum har siden debuten v\u00e6rt en av de fremste formidlerne av tatermusikken og kulturen til de reisende i Norge, og i 2000 kom f\u00f8rste platen \u201dGia\u201d \u2013 en dokumentasjonsplate med tradisjonell tatermusikk. Seks \u00e5r senere kom andre platen \u201dSe min ild\u201d \u2013 en blanding av tradisjonell tatermusikk og egenkomponerte viser. For Laila Yrvum st\u00e5r tatermusikken sterkt, men denne gangen ville hun vise frem flere sider av seg selv. P\u00e5 \u201dLangs veien\u201d er det biter fra et st\u00f8rre musikalsk register enn p\u00e5 de f\u00f8rste platene, med r\u00f8tter i den folkelige popul\u00e6rmusikken som hun vokste opp i.<\/p>\n<h4><\/h4>\n<\/p>\n<p><\/p>","protected":false},"excerpt":{"rendered":"<p>Laila Yrvums hyllest til hverdagslivet.<\/p>\n","protected":false},"featured_media":27278,"comment_status":"closed","ping_status":"open","template":"","meta":[],"product_brand":[],"product_cat":[35],"product_tag":[],"class_list":{"0":"post-809","1":"product","2":"type-product","3":"status-publish","4":"has-post-thumbnail","6":"product_cat-heilo","7":"product_shipping_class-cddvd-shipping","8":"uni_artist_tag-anna-davidsen","9":"uni_artist_tag-christin-andersen","10":"uni_artist_tag-freddy-holm","11":"uni_artist_tag-hakon-paulsberg","12":"uni_artist_tag-julie-marthinsen","13":"uni_artist_tag-laila-yrvum","14":"uni_artist_tag-malin-xu-johnsen","15":"uni_artist_tag-niklas-pedersen","16":"uni_artist_tag-peter-lundell","17":"uni_artist_tag-sandra-yrvum","18":"uni_artist_tag-stein-ingebrigtsen","19":"uni_artist_tag-sunniva-pedersen","20":"uni_artist_tag-sveinung-hovensjo","21":"uni_artist_tag-tom-s-lund","22":"uni_main_artist_tag-laila-yrvum","23":"uni_artist_genre-folk-music","24":"uni_artist_genre-pop","25":"uni_artist_genre-singersongwriter","27":"first","28":"instock","29":"taxable","30":"shipping-taxable","31":"purchasable","32":"product-type-simple"},"_links":{"self":[{"href":"https:\/\/grappa.no\/no\/wp-json\/wp\/v2\/product\/809","targetHints":{"allow":["GET"]}}],"collection":[{"href":"https:\/\/grappa.no\/no\/wp-json\/wp\/v2\/product"}],"about":[{"href":"https:\/\/grappa.no\/no\/wp-json\/wp\/v2\/types\/product"}],"replies":[{"embeddable":true,"href":"https:\/\/grappa.no\/no\/wp-json\/wp\/v2\/comments?post=809"}],"wp:featuredmedia":[{"embeddable":true,"href":"https:\/\/grappa.no\/no\/wp-json\/wp\/v2\/media\/27278"}],"wp:attachment":[{"href":"https:\/\/grappa.no\/no\/wp-json\/wp\/v2\/media?parent=809"}],"wp:term":[{"taxonomy":"product_brand","embeddable":true,"href":"https:\/\/grappa.no\/no\/wp-json\/wp\/v2\/product_brand?post=809"},{"taxonomy":"product_cat","embeddable":true,"href":"https:\/\/grappa.no\/no\/wp-json\/wp\/v2\/product_cat?post=809"},{"taxonomy":"product_tag","embeddable":true,"href":"https:\/\/grappa.no\/no\/wp-json\/wp\/v2\/product_tag?post=809"}],"curies":[{"name":"wp","href":"https:\/\/api.w.org\/{rel}","templated":true}]}}