{"id":808,"date":"2012-03-09T00:00:00","date_gmt":"2012-03-08T23:00:00","guid":{"rendered":"http:\/\/www.grappa.no\/albums\/uncategorized\/himlen-har-sove-bort-morkret\/"},"modified":"2016-08-16T08:35:54","modified_gmt":"2016-08-16T07:35:54","slug":"himlen-har-sove-bort-morkret","status":"publish","type":"product","link":"https:\/\/grappa.no\/no\/albums\/heilo\/himlen-har-sove-bort-morkret\/","title":{"rendered":"Himlen har sove bort m\u00f8rkret"},"content":{"rendered":"<p><\/p>\n<p>Sigrid Moldestad slipper ny plate 8 mars i kvinnekraftens \u00e5nd<\/p>\n<p>Sangeren, felespilleren og historiefortelleren Sigrid Moldestad er igjen plateklar etter de kritikerroste albumene TAUS (2007) og Sandkorn (2010). Moldestad bygger videre p\u00e5 uttrykket fra de to forrige platene, men \u201dHimlen har sove bort m\u00f8rkret\u201d, som er tittelen p\u00e5 den nye plata, sprenger enda flere musikalske grenser. <\/p>\n<p>Albumet har smaker av visetradisjon, britisk 70-tals folk, psykedelia og pop. Sigrid Moldestad st\u00e5r for de fleste l\u00e5tene selv, og bygger alltid med folkemusikken som sin musikalske base. <\/p>\n<p>Sammen med bandet skaper Moldestad sjangerl\u00f8se og grensel\u00f8se m\u00f8testeder i musikken.<\/p>\n<p><!--more--><\/p>\n<p>Sangeren, felespilleren og historiefortelleren Sigrid Moldestad er igjen plateklar etter de kritikerroste albumene TAUS (2007) og Sandkorn (2010).<\/p>\n<h4>Sjangerl\u00f8se og grensel\u00f8se m\u00f8testeder<\/h4>\n<p>Sigrid har et kraftfullt bogedrag som er akkompagnert av en s\u00e6regen stemme. Hun klarer gang p\u00e5 gang \u00e5 r\u00f8re ved hele f\u00f8lelsesregisteret til lytteren, og musikken og tekstene hennes maner fram b\u00e5de hjerteskj\u00e6rende sorg s\u00e5 vel som stormende glede og melankoli. Forsiktig er vi omfavnet av musikk som utfordrer oss som lyttere fordi tekstene er s\u00e5 innholdsrike, og som samtidig taktfast leier oss gjennom et musikalsk univers som etter hvert har f\u00e5tt et tydelig Moldestad-preg. Sammen med bandet skaper Moldestad sjangerl\u00f8se og grensel\u00f8se m\u00f8testeder i musikken.<\/p>\n<h4>Feirer kvinnedagen med ny plate og kvinnekraft<\/h4>\n<p>Feirer kvinnedagen med ny plate og kvinnekraftSigrid Moldestad kommer n\u00e5 med sin 3 plate som soloartist. Som p\u00e5 de foreg\u00e5ende blander hun folkemusikken med elementer fra flere sjangere. Musikerne som har f\u00f8lgt med henne siden f\u00f8rste soloplate \u201dTaus\u201d (2007), er fortsatt med, og sammen skaper de et overraskende, men gjenkjennelig musikalsk uttrykk. Sigrid har aldri v\u00e6rt redd for \u00e5 v\u00e6re sterk og svak samtidig n\u00e5r hun st\u00e5r p\u00e5 scenen. Etter den forestillingen TAUS om de uvanlig mange kvinnelige spellemennen i hennes hjemtrakter 150 \u00e5r tilbake gr\u00e5t publikum n\u00e5r de gikk ut av salen.<\/p>\n<h4>Ikke tilfeldig<\/h4>\n<p>\u201d Da jeg jobbet med Taus gikk det opp for meg at kvinnesaken er en sak som m\u00e5 pekes p\u00e5 hele tiden. Ikke alltid her i landet, men se rundt oss, h\u00f8r de stumme stemmene i verden. De som ikke f\u00e5r uttrykke seg med st\u00f8rste naturlighet! Alle platene mine er en feiring av at jeg kan uttrykke meg som jeg vil, uansett! Jeg f\u00e5r ta ut kraft og dj\u00e6velskap i felesl\u00e5ttene og jeg har sunget ut b\u00e5de egne og andre sine sorger og savn gjennom sangene. Jeg \u00f8nsker \u00e5 v\u00e6re med \u00e5 markere kvinnedagen som en viktig dag der de feminine sidene ikke bare blir forbundet med kampsaker og sexistige diskusjoner, men f\u00f8rst og fremst kraft!! Kvinnekraft. I det legger jeg det vakre i at vi v\u00e5ger \u00e5 v\u00e6re sterke og svake- samtidig. Jeg utfordrer meg selv hele tiden p\u00e5 den balansegangen. Jeg f\u00e5r god hjelp. Mennene i bandet mitt gj\u00f8r det enkelt \u00e5 f\u00e5 v\u00e6re seg selv, enten sterk eller svak. De er for\u00f8vrig glimrende forbilder p\u00e5 det samme selv. Jeg \u00f8nsker at 8.mars skal v\u00e6re en feiring av disse verdiene og en dag der vi skal hylle dette ekstra sterkt, uansett hvem eller hva vi er \u201d<\/p>\n<p><\/p>","protected":false},"excerpt":{"rendered":"<p>Moldestad bygger videre p\u00e5 uttrykket fra de to forrige platene, men \u201dHimlen har sove bort m\u00f8rkret\u201d, som er tittelen p\u00e5 den nye plata, sprenger enda flere musikalske grenser.<\/p>\n","protected":false},"featured_media":27302,"comment_status":"closed","ping_status":"open","template":"","meta":[],"product_brand":[],"product_cat":[35],"product_tag":[],"class_list":{"0":"post-808","1":"product","2":"type-product","3":"status-publish","4":"has-post-thumbnail","6":"product_cat-heilo","7":"product_shipping_class-cddvd-shipping","8":"uni_artist_tag-anders-bitustoyl","9":"uni_artist_tag-anders-hall","10":"uni_artist_tag-are-ovesen","11":"uni_artist_tag-hans-olav-molde","12":"uni_artist_tag-jorgen-sandvik","13":"uni_artist_tag-kevin-henderson","14":"uni_artist_tag-morten-skage","15":"uni_artist_tag-olav-mjelva","16":"uni_artist_tag-sigbjorn-apeland","17":"uni_artist_tag-sigrid-moldestad","18":"uni_artist_tag-thomas-nokling","19":"uni_artist_tag-tore-bruvoll","20":"uni_main_artist_tag-sigrid-moldestad","21":"uni_artist_genre-blues","22":"uni_artist_genre-folk-music","23":"uni_artist_genre-pop","24":"uni_artist_genre-singersongwriter","26":"first","27":"instock","28":"taxable","29":"shipping-taxable","30":"purchasable","31":"product-type-simple"},"_links":{"self":[{"href":"https:\/\/grappa.no\/no\/wp-json\/wp\/v2\/product\/808","targetHints":{"allow":["GET"]}}],"collection":[{"href":"https:\/\/grappa.no\/no\/wp-json\/wp\/v2\/product"}],"about":[{"href":"https:\/\/grappa.no\/no\/wp-json\/wp\/v2\/types\/product"}],"replies":[{"embeddable":true,"href":"https:\/\/grappa.no\/no\/wp-json\/wp\/v2\/comments?post=808"}],"wp:featuredmedia":[{"embeddable":true,"href":"https:\/\/grappa.no\/no\/wp-json\/wp\/v2\/media\/27302"}],"wp:attachment":[{"href":"https:\/\/grappa.no\/no\/wp-json\/wp\/v2\/media?parent=808"}],"wp:term":[{"taxonomy":"product_brand","embeddable":true,"href":"https:\/\/grappa.no\/no\/wp-json\/wp\/v2\/product_brand?post=808"},{"taxonomy":"product_cat","embeddable":true,"href":"https:\/\/grappa.no\/no\/wp-json\/wp\/v2\/product_cat?post=808"},{"taxonomy":"product_tag","embeddable":true,"href":"https:\/\/grappa.no\/no\/wp-json\/wp\/v2\/product_tag?post=808"}],"curies":[{"name":"wp","href":"https:\/\/api.w.org\/{rel}","templated":true}]}}