{"id":806,"date":"2012-02-10T00:00:00","date_gmt":"2012-02-09T23:00:00","guid":{"rendered":"http:\/\/www.grappa.no\/albums\/uncategorized\/khoom-loy\/"},"modified":"2016-08-16T08:35:53","modified_gmt":"2016-08-16T07:35:53","slug":"khoom-loy","status":"publish","type":"product","link":"https:\/\/grappa.no\/no\/albums\/heilo\/khoom-loy\/","title":{"rendered":"Khoom Loy"},"content":{"rendered":"<p><\/p>\n<p>Annbj\u00f8rg Lien er ute med ny solo-plate!<\/p>\n<p>Khoom Loy er en world music-produksjon hun ikke har gjort lignende siden Prisme og Baba Yaga. Annbj\u00f8rg Lien henter inspirasjon fra et spekter av tradisjoner, med kreativitet, profesjonalitet og intensitet. Med utgangspunkt i norsk tradisjonsmusikk inviterer hun oss til en f\u00f8lsom og forrykende reise gjennom stemninger og stilarter. Annbj\u00f8rg viser igjen at hun er av v\u00e5re mest nyskapende artister. Hun har et bredt uttrykk med hardingfele, fele, n\u00f8kkelharpe og vokal, og kobler tradisjonelle instrumenter og klanger med det moderne.Norsk, irsk og \u00f8stlig folkemusikk hilser til jazz, rock og andre samtidsklanger. Det er like naturlig \u00e5 bruke nepalske gjestemusikere som \u00e5 tonesette dikt av Jakob Sande og Andr\u00e9 Bjerke eller egne tekster. Musikken veksler mellom det intense og det inderlige, mellom lokale stemninger og storslagne utsikter, mellom instrumentalmusikk og sanger. Platen er produsert av Bj\u00f8rn Ole Rasch og spilt inn i Kongshavn Studios i Kristiansand.<\/p>\n<p><!--more--><\/p>\n<p>Annbj\u00f8rgs nye solo-plate Khoom Loy er en &quot;world music&quot;-produksjon hun ikke har gjort lignende siden Prisme og Baba Yaga!<\/p>\n<h4>Brobyggende musikk<\/h4>\n<p>Tittelen spiller p\u00e5 mange strenger; Khoom Loy er det thailandske navnet p\u00e5 \u00d8stens lanterner som symboliserer kunnskap, veiledning og \u00f8nsker om et godt liv. R\u00f8de lanterner brukes n\u00e5r man skal feire, gr\u00f8nne betyr vekst, purpur er livets mange muligheter, rosa st\u00e5r for kj\u00e6rlighet og hvit for helse. Nettopp spekteret av farger og gode \u00f8nsker kjennetegner denne produksjonen som bygger broer mellom \u00d8stens og Vestens kulturer, mellom tradisjon og nyskapning.<\/p>\n<h4>Bredt fargespekter<\/h4>\n<p>Med seg har Annbj\u00f8rg sitt eminente band, samt tre musikere fra Nepal \u2013 b\u00e5de p\u00e5 platen og den planlagte Rikskonsertturneen. Spekteret av farger og gode \u00f8nsker kjennetegner denne produksjonen som bygger broer mellom \u00d8stens og Vestens kulturer, mellom tradisjon og nyskapning. Norsk, irsk og \u00f8stlig folkemusikk hilser til jazz, rock og andre samtidsklanger. Det er like naturlig \u00e5 bruke nepalske gjestemusikere som \u00e5 tonesette dikt av Jakob Sande og Andr\u00e9 Bjerke eller skrive egne tekster . Musikken veksler mellom det intense og det inderlige, mellom lokale stemninger og storslagne utsikter, mellom instrumentalmusikk og sanger.<\/p>\n<p>Tekst og musikk av Annbj\u00f8rg Lien og Bj\u00f8rn Ole Rasch. Platen er produsert av Bj\u00f8rn Ole Rasch og spillt inn i Kongshavn Studios i Kristiansand.<\/p>\n<p>Turn\u00e9rute:<br \/>\n09.02    Cosmopolite \/ Releasekonsert \u2013 Oslo<br \/>\n10.02  Bjugn kulturhus<br \/>\n11.02  Brattv\u00e5g, Ingebrigt Davik-huset<br \/>\n12.02  \u00d8rsta kulturhus<br \/>\n13.02  Stryn kulturhus<br \/>\n14.02  F\u00f8rde, F\u00f8rdehuset<br \/>\n16.02  Arendal kulturhus<br \/>\n17.02  Larvik, kulturhuset B\u00f8lgen<br \/>\n24.02  B\u00f8, Gullbring kulturhus<br \/>\n25.02  Seljord, Granvin kulturhus<br \/>\n29.02  Asker kulturhus<br \/>\n01.03  Horten, Bakkenteigen kulturhus<br \/>\n02.03  N\u00f8tter\u00f8y Kulturhus<\/p>\n<h4><\/h4>\n<\/p>\n<p><\/p>","protected":false},"excerpt":{"rendered":"<p>For f\u00f8rste gang synger Annbj\u00f8rg Lien p\u00e5 sin egen plate. Annbj\u00f8rg viser igjen at hun er en av v\u00e5re mest nyskapende artister.<\/p>\n","protected":false},"featured_media":27285,"comment_status":"closed","ping_status":"open","template":"","meta":[],"product_brand":[],"product_cat":[35],"product_tag":[],"class_list":{"0":"post-806","1":"product","2":"type-product","3":"status-publish","4":"has-post-thumbnail","6":"product_cat-heilo","7":"product_shipping_class-cddvd-shipping","8":"uni_artist_tag-annbjorg-lien","9":"uni_artist_tag-bjorn-charles-dreyer","10":"uni_artist_tag-bjorn-ole-rasch","11":"uni_artist_tag-durga-prasad-khatiwada","12":"uni_artist_tag-fredrik-sahlander","13":"uni_artist_tag-hans-fredrik-jacobsen","14":"uni_artist_tag-jiwan-rai","15":"uni_artist_tag-kjell-age-stoveland","16":"uni_artist_tag-kristiansand-string-quartet","17":"uni_artist_tag-mannskoret-gaasehud","18":"uni_artist_tag-orsa-spelman","19":"uni_artist_tag-pat-broaders","20":"uni_artist_tag-per-elias-drablos","21":"uni_artist_tag-per-hillestad","22":"uni_artist_tag-petter-wettre","23":"uni_artist_tag-prabhu-raj-dhakal","24":"uni_artist_tag-rabin-lal-shrestha","25":"uni_artist_tag-rolf-kristensen","26":"uni_artist_tag-rune-arnesen","27":"uni_artist_tag-suman-sachin","28":"uni_artist_tag-suresh-raj-bajracharya","29":"uni_artist_tag-tareq-abboushi","30":"uni_artist_tag-trad","31":"uni_artist_tag-ytre-randesund-studiokor","32":"uni_main_artist_tag-annbjorg-lien","33":"uni_artist_genre-folk-music","34":"uni_artist_genre-traditional","35":"uni_artist_genre-world-music","37":"first","38":"instock","39":"taxable","40":"shipping-taxable","41":"purchasable","42":"product-type-simple"},"_links":{"self":[{"href":"https:\/\/grappa.no\/no\/wp-json\/wp\/v2\/product\/806","targetHints":{"allow":["GET"]}}],"collection":[{"href":"https:\/\/grappa.no\/no\/wp-json\/wp\/v2\/product"}],"about":[{"href":"https:\/\/grappa.no\/no\/wp-json\/wp\/v2\/types\/product"}],"replies":[{"embeddable":true,"href":"https:\/\/grappa.no\/no\/wp-json\/wp\/v2\/comments?post=806"}],"wp:featuredmedia":[{"embeddable":true,"href":"https:\/\/grappa.no\/no\/wp-json\/wp\/v2\/media\/27285"}],"wp:attachment":[{"href":"https:\/\/grappa.no\/no\/wp-json\/wp\/v2\/media?parent=806"}],"wp:term":[{"taxonomy":"product_brand","embeddable":true,"href":"https:\/\/grappa.no\/no\/wp-json\/wp\/v2\/product_brand?post=806"},{"taxonomy":"product_cat","embeddable":true,"href":"https:\/\/grappa.no\/no\/wp-json\/wp\/v2\/product_cat?post=806"},{"taxonomy":"product_tag","embeddable":true,"href":"https:\/\/grappa.no\/no\/wp-json\/wp\/v2\/product_tag?post=806"}],"curies":[{"name":"wp","href":"https:\/\/api.w.org\/{rel}","templated":true}]}}