{"id":797,"date":"2012-05-11T00:00:00","date_gmt":"2012-05-10T23:00:00","guid":{"rendered":"http:\/\/www.grappa.no\/albums\/uncategorized\/ballrogg-cabin-music\/"},"modified":"2021-04-14T09:28:51","modified_gmt":"2021-04-14T08:28:51","slug":"cabin-music","status":"publish","type":"product","link":"https:\/\/grappa.no\/no\/albums\/hubro\/cabin-music\/","title":{"rendered":"Cabin Music"},"content":{"rendered":"<p><\/p>\n<p>Ballrogg i nytt landskap<\/p>\n<p>Den personlige og kritikerroste trebl\u00e5s\/kontrabass duoen Ballrogg best\u00e5enda av Klaus Ellerhusen Holm (Trondheim Jazzorkester, Murmur) og Roger Arntzten (In the Country, Chrome Hill) har gitt ut to plater tidligere. P\u00e5 \u201cCabin Music\u201d er det en helt ny versjon av bandet vi m\u00f8ter. Den mest \u00e5penbare endringen er at duoen n\u00e5 er har blitt en trio. Nytt medlem er gitaristen Ivar Grydeland (Huntsville, Dans les Arbres), og han bringer et nytt lydarsenal, nye perspektiver og stemninger inn i gruppen. Musikken hinter n\u00e5 mot b\u00e5de gitarist Bill Frisell og Chicagobandet Town &amp; Country.<br \/>\nUttrykket til Ballrogg er fortsatt intimt, men denne gangen har det ogs\u00e5 en varme \u2013 kanskje det er derfor bandet har valgt \u00e5 kalle albumet Cabin Music &#8211; hyttemusikk?<\/p>\n<p><!--more--><\/p>\n<p>Den personlige og karakteristiske trebl\u00e5s\/kontrabass duoen Ballrogg har gitt ut to kritikerroste plater tidligere, men p\u00e5 \u201cCabin Music\u201d er det en helt ny versjon av bandet vi m\u00f8ter. Den mest \u00e5penbare endringen er at duoen n\u00e5 er har blitt en trio. Nytt medlem er gitaristen Ivar Grydeland (Huntsville, Dans les Arbres), og han bringer et nytt lydarsenal, nye perspektiver og stemninger inn i gruppen<\/p>\n<h4><\/h4>\n<h4><\/h4>\n<h4><\/h4>\n<p><\/p>","protected":false},"excerpt":{"rendered":"<p>Duoen Ballrogg fornyer seg og blir en trio p\u00e5 sitt tredje album.<\/p>\n","protected":false},"featured_media":27361,"comment_status":"closed","ping_status":"closed","template":"","meta":[],"product_brand":[],"product_cat":[36],"product_tag":[],"class_list":{"0":"post-797","1":"product","2":"type-product","3":"status-publish","4":"has-post-thumbnail","6":"product_cat-hubro","7":"product_shipping_class-cddvd-shipping","8":"uni_artist_tag-andreas-risanger-meland","9":"uni_artist_tag-ballrogg","10":"uni_artist_tag-ivar-grydeland","11":"uni_artist_tag-klaus-ellerhusen-holm","12":"uni_artist_tag-roger-arntzen","13":"uni_main_artist_tag-ballrogg","14":"uni_artist_genre-art-music","15":"uni_artist_genre-instrumental","16":"uni_artist_genre-jazz","18":"first","19":"outofstock","20":"featured","21":"taxable","22":"shipping-taxable","23":"purchasable","24":"product-type-simple"},"_links":{"self":[{"href":"https:\/\/grappa.no\/no\/wp-json\/wp\/v2\/product\/797","targetHints":{"allow":["GET"]}}],"collection":[{"href":"https:\/\/grappa.no\/no\/wp-json\/wp\/v2\/product"}],"about":[{"href":"https:\/\/grappa.no\/no\/wp-json\/wp\/v2\/types\/product"}],"replies":[{"embeddable":true,"href":"https:\/\/grappa.no\/no\/wp-json\/wp\/v2\/comments?post=797"}],"wp:featuredmedia":[{"embeddable":true,"href":"https:\/\/grappa.no\/no\/wp-json\/wp\/v2\/media\/27361"}],"wp:attachment":[{"href":"https:\/\/grappa.no\/no\/wp-json\/wp\/v2\/media?parent=797"}],"wp:term":[{"taxonomy":"product_brand","embeddable":true,"href":"https:\/\/grappa.no\/no\/wp-json\/wp\/v2\/product_brand?post=797"},{"taxonomy":"product_cat","embeddable":true,"href":"https:\/\/grappa.no\/no\/wp-json\/wp\/v2\/product_cat?post=797"},{"taxonomy":"product_tag","embeddable":true,"href":"https:\/\/grappa.no\/no\/wp-json\/wp\/v2\/product_tag?post=797"}],"curies":[{"name":"wp","href":"https:\/\/api.w.org\/{rel}","templated":true}]}}