{"id":790,"date":"2011-10-21T00:00:00","date_gmt":"2011-10-20T23:00:00","guid":{"rendered":"http:\/\/www.grappa.no\/albums\/uncategorized\/garage-a-go-go\/"},"modified":"2016-08-16T08:35:47","modified_gmt":"2016-08-16T07:35:47","slug":"garage-a-go-go","status":"publish","type":"product","link":"https:\/\/grappa.no\/no\/albums\/grappa\/garage-a-go-go\/","title":{"rendered":"Garage-A-Go-Go"},"content":{"rendered":"<p><\/p>\n<p>Magisk sjarm!<\/p>\n<p>Etter snart 30-\u00e5r p\u00e5 veien som et av de fremste norske pion\u00e8rbandene med inspirasjonskilder fra amerikansk 50- og 60-talls soul, savage Rock &amp; Roll og Rhythm And Blues, er Good Time Charlie klar med 13 nye l\u00e5ter som oser av energi og magisk sjarm.<\/p>\n<p>GTC blir beskrevet som \u201dtradisjonsb\u00e6rere for ekthet, kj\u00e6rlighet og respekt for faget\u201d, samtidig som bandet evner \u00e5 fornye seg og ta musikken videre i en sjanger hvor det meste av originalitet og nytenking ebbet ut for mange \u00e5r siden. <\/p>\n<p>\u00abGarage A Go-Go!\u00bb er en sammensmelting av 60-tallets intense garagerock, og den eksplosive og energiske lyden av soul-musikk \u2013 kort sagt garage soul!: A GOOD TIP FOR A GOOD TIME!<\/p>\n<p>Etter \u00e5 ha tatt en ny retning med kritikerroste og spellemannsnominerte \u201dMojo Energy\u201d i 2008, lanseres n\u00e5  \u201dGARAGE A GO-GO!\u201d som en stilsikker, uforskammet kompromissl\u00f8s og  h\u00f8yenergisk musikkopplevelse.\u201dReal purified music!&quot;<\/p>\n<p><!--more--><\/p>\n<p>Etter snart 30-\u00e5r p\u00e5 veien som et av de fremste norske pionerbandene med inspirasjonskilder fra amerikansk 50- og 60-talls soul, savage Rock &amp; Roll og Rhythm And Blues, er Good Time Charlie klar med 13 nye l\u00e5ter som oser av energi og magisk sjarm.<\/p>\n<h4>\u00abGarage A-Go-Go!\u00bb<\/h4>\n<p>\u00abGarage A Go-Go!\u00bb er en sammensmelting av 60-tallets intense garagerock, og den eksplosive og energiske lyden av soul-musikk \u2013 kort sagt garage soul!: A GOOD TIP FOR A GOOD TIME!<\/p>\n<p>Etter \u00e5 ha tatt en ny retning med kritikerroste og spellemannsnominerte \u00abMojo Energy\u00bb i 2008, lanseres n\u00e5  \u00abGARAGE A GO-GO!\u00bb som en stilsikker, uforskammet kompromissl\u00f8s og  h\u00f8yenergisk musikkopplevelse. \u00abReal purified music!\u00bb<\/p>\n<h4>Enorm kraft og autentisk lyd<\/h4>\n<p>Bandet har sterkt fokus p\u00e5 den enorme kraften som oppst\u00e5r n\u00e5r den personlige og musikalske kjemien stemmer fullt ut, og at tekster og l\u00e5ter skal ha en indre sammenheng, kraft og nerve. Albumet er innspilt i legendariske Duper Studio og er produsert av GTC og Yngve Leidulv S\u00e6tre (DumDum Boys, Kaizers Orchestra, deLillos, Datarock, Magnet).<\/p>\n<p>Yngve S\u00e6tre har enda en gang skapt en oppdatert, levende og frisk produksjon som s\u00f8rger for at GTC sin karakteristiske og autentiske \u2018sound\u2019 er tilpasset n\u00e5tida.<\/p>\n<h4><\/h4>\n<\/p>\n<p><\/p>","protected":false},"excerpt":{"rendered":"<p>&#8211; imponerende nok en gang! [VG]<\/p>\n","protected":false},"featured_media":27058,"comment_status":"closed","ping_status":"open","template":"","meta":[],"product_brand":[],"product_cat":[6],"product_tag":[],"class_list":{"0":"post-790","1":"product","2":"type-product","3":"status-publish","4":"has-post-thumbnail","6":"product_cat-grappa","7":"product_shipping_class-cddvd-shipping","8":"uni_artist_tag-arle-hjelmeland","9":"uni_artist_tag-good-time-charlie","10":"uni_artist_tag-mari-persen","11":"uni_artist_tag-matias-monsen","12":"uni_artist_tag-steinar-karlsen","13":"uni_artist_tag-thea-hjelmeland","14":"uni_artist_tag-yngve-leidulv-saetre","15":"uni_main_artist_tag-good-time-charlie","16":"uni_artist_genre-blues","17":"uni_artist_genre-rhythm-and-blues","18":"uni_artist_genre-rock","19":"uni_artist_genre-roots","21":"first","22":"instock","23":"taxable","24":"shipping-taxable","25":"purchasable","26":"product-type-simple"},"_links":{"self":[{"href":"https:\/\/grappa.no\/no\/wp-json\/wp\/v2\/product\/790","targetHints":{"allow":["GET"]}}],"collection":[{"href":"https:\/\/grappa.no\/no\/wp-json\/wp\/v2\/product"}],"about":[{"href":"https:\/\/grappa.no\/no\/wp-json\/wp\/v2\/types\/product"}],"replies":[{"embeddable":true,"href":"https:\/\/grappa.no\/no\/wp-json\/wp\/v2\/comments?post=790"}],"wp:featuredmedia":[{"embeddable":true,"href":"https:\/\/grappa.no\/no\/wp-json\/wp\/v2\/media\/27058"}],"wp:attachment":[{"href":"https:\/\/grappa.no\/no\/wp-json\/wp\/v2\/media?parent=790"}],"wp:term":[{"taxonomy":"product_brand","embeddable":true,"href":"https:\/\/grappa.no\/no\/wp-json\/wp\/v2\/product_brand?post=790"},{"taxonomy":"product_cat","embeddable":true,"href":"https:\/\/grappa.no\/no\/wp-json\/wp\/v2\/product_cat?post=790"},{"taxonomy":"product_tag","embeddable":true,"href":"https:\/\/grappa.no\/no\/wp-json\/wp\/v2\/product_tag?post=790"}],"curies":[{"name":"wp","href":"https:\/\/api.w.org\/{rel}","templated":true}]}}