{"id":773,"date":"2011-09-09T00:00:00","date_gmt":"2011-09-08T23:00:00","guid":{"rendered":"http:\/\/www.grappa.no\/albums\/uncategorized\/vegen\/"},"modified":"2016-08-15T15:18:24","modified_gmt":"2016-08-15T14:18:24","slug":"vegen","status":"publish","type":"product","link":"https:\/\/grappa.no\/no\/albums\/heilo\/vegen\/","title":{"rendered":"Vegen"},"content":{"rendered":"<p><\/p>\n<p>Spellemannsnominert album fra Kim Andr\u00e9 Rysstad!<\/p>\n<p>Kim Andr\u00e9 Rysstad er ikke redd for \u00e5 blande andre sjangre inn i folkemusikken. Whitney Houston er hans store idol og han har blant annet spilt med st\u00f8ymusiker Lasse Marhaug. P\u00e5 albumet Vegen leker han med ulike musikalske uttrykk og henter inspirasjon fra b\u00e5de folkemusikken og andre musikkretninger. Kim Andr\u00e9 Rysstad forteller at musikalsk frihet har v\u00e6rt sentralt i arbeidet med albumet: \u2013 P\u00e5 f\u00f8rste m\u00f8tet eg hadde med produsentene Anders Engen og Knut Reiersrud sa eg at det viktigste for meg er \u00e5 f\u00e5 lov til \u00e5 synge ut. Synge slik eg selv ville, uten \u00e5 f\u00f8le meg bundet av en sjanger eller en tanke om hva som er rett eller galt. V\u00e6re fri, rett og slett! <\/p>\n<p>I 2007 slapp Rysstad debutalbumet Tak hardt uti hand &#8211; en samling folkeviser og middelalderballader.  Albumet ble k\u00e5ret til \u00ab\u00c5rets soloalbum\u00bb under bransjetreffet Folkelarm i 2008, og i forbindelse med utgivelsen skrev V\u00e5rt Land at \u2013 allerede med sin debut st\u00e5r Kim Andr\u00e9 Rysstad frem som en stemme for alle tider! Der debutalbumet var av den tradisjonelle sorten med solistisk kveding, har Rysstad n\u00e5 g\u00e5tt i en mer lekende og sjangeroverskridende retning.<\/p>\n<p><!--more--><\/p>\n<p>Spellemannsnominert album fra Kim Andr\u00e9 Rysstad!<\/p>\n<h4>Musikalsk frihet<\/h4>\n<p>Kim Andr\u00e9 Rysstad forteller at musikalsk frihet har v\u00e6rt sentralt i arbeidet med albumet:<br \/>\n\u2013 P\u00e5 f\u00f8rste m\u00f8tet eg hadde med produsentene Anders Engen og Knut Reiersrud sa eg at det viktigste for meg er \u00e5 f\u00e5 lov til \u00e5 synge ut. Synge slik eg selv ville, uten \u00e5 f\u00f8le meg bundet av en sjanger eller en tanke om hva som er rett eller galt. V\u00e6re fri, rett og slett! <\/p>\n<p>Man sier ofte at &quot;vegen blir til mens man g\u00e5r&quot;. Slik har det ogs\u00e5 vore med denne plata. Eg har tatt et steg videre p\u00e5 min veg og inn p\u00e5 ein ny veg, ei ny musikalsk reise med dette albumet. n\u00e5r eg da fikk en l\u00e5t skrevet til meg av Trym Bj\u00f8nnes var det et naturlig valg \u00e5 kalle plata &quot;Vegen&quot;. Eg f\u00f8ler denne plata viser meg og min stemme p\u00e5 den vegen eg skal g\u00e5.<\/p>\n<h4>Leken fortsettelse<\/h4>\n<p>I 2007 slapp Rysstad debutalbumet Tak hardt uti hand &#8211; en samling folkeviser og middelalderballader.  Albumet ble k\u00e5ret til \u00ab\u00c5rets soloalbum\u00bb under bransjetreffet Folkelarm i 2008, og i forbindelse med utgivelsen skrev V\u00e5rt Land at \u2013 allerede med sin debut st\u00e5r Kim Andr\u00e9 Rysstad frem som en stemme for alle tider! Der debutalbumet var av den tradisjonelle sorten med solistisk kveding, har Rysstad n\u00e5 g\u00e5tt i en mer lekende og sjangeroverskridende retning.<\/p>\n<h4>Kim Andr\u00e9 Rysstad<\/h4>\n<p>Folkemusikeren, kvederen, sangeren og Melodi Grand Prix-deltageren fra Rysstad i Setesdal vant i 2009 INTRO-folk og ble k\u00e5ret til \u00c5rets unge folkemusiker av Rikskonsertene og folkemusikkorganisasjonen FolkOrg. Juryen uttalte f\u00f8lgende etter at seieren var klar: \u2013 Kim Andr\u00e9 Rysstad er tro mot tradisjonen samtidig som vi opplever en tydelig ambisjon om \u00e5 utvikle og utvide denne. Vi er overbevist om at denne unge kvederen b\u00e6rer i seg muligheten til \u00e5 utvikle et s\u00e6regent uttrykk preget av sin personlige fortellerevne, tilstedev\u00e6relse og musikalitet. Han har et uttrykk som b\u00e5de vil ber\u00f8re og begeistre mange i \u00e5rene som kommer.<\/p>\n<p>Rysstad begynte sin utdannelse innen klassisk sang, men spesialiserte seg senere i den tradisjonelle sangstilen fra Setesdal. Han har blant annet v\u00e6rt elev av Kirsten Br\u00e5ten Berg, \u00c5non Egeland og Agnes Buen Garn\u00e5s.<\/p>\n<p><\/p>","protected":false},"excerpt":{"rendered":"<p>Spellemannsnominert album fra Kim Andr\u00e9 Rysstad!<\/p>\n","protected":false},"featured_media":27300,"comment_status":"closed","ping_status":"open","template":"","meta":[],"product_brand":[],"product_cat":[35],"product_tag":[],"class_list":{"0":"post-773","1":"product","2":"type-product","3":"status-publish","4":"has-post-thumbnail","6":"product_cat-heilo","7":"product_shipping_class-cddvd-shipping","8":"uni_artist_tag-anders-engen","9":"uni_artist_tag-anne-grete-preus","10":"uni_artist_tag-kim-andre-rysstad","11":"uni_artist_tag-knut-reiersrud","12":"uni_artist_tag-trad","13":"uni_artist_tag-trym-bjonnes","14":"uni_artist_tag-tuva-livsdatter-syvertsen","15":"uni_main_artist_tag-kim-andre-rysstad","16":"uni_artist_genre-folk-music","17":"uni_artist_genre-norwegian","18":"uni_artist_genre-singersongwriter","19":"uni_artist_genre-traditional","21":"first","22":"instock","23":"taxable","24":"shipping-taxable","25":"purchasable","26":"product-type-simple"},"_links":{"self":[{"href":"https:\/\/grappa.no\/no\/wp-json\/wp\/v2\/product\/773","targetHints":{"allow":["GET"]}}],"collection":[{"href":"https:\/\/grappa.no\/no\/wp-json\/wp\/v2\/product"}],"about":[{"href":"https:\/\/grappa.no\/no\/wp-json\/wp\/v2\/types\/product"}],"replies":[{"embeddable":true,"href":"https:\/\/grappa.no\/no\/wp-json\/wp\/v2\/comments?post=773"}],"wp:featuredmedia":[{"embeddable":true,"href":"https:\/\/grappa.no\/no\/wp-json\/wp\/v2\/media\/27300"}],"wp:attachment":[{"href":"https:\/\/grappa.no\/no\/wp-json\/wp\/v2\/media?parent=773"}],"wp:term":[{"taxonomy":"product_brand","embeddable":true,"href":"https:\/\/grappa.no\/no\/wp-json\/wp\/v2\/product_brand?post=773"},{"taxonomy":"product_cat","embeddable":true,"href":"https:\/\/grappa.no\/no\/wp-json\/wp\/v2\/product_cat?post=773"},{"taxonomy":"product_tag","embeddable":true,"href":"https:\/\/grappa.no\/no\/wp-json\/wp\/v2\/product_tag?post=773"}],"curies":[{"name":"wp","href":"https:\/\/api.w.org\/{rel}","templated":true}]}}