{"id":771,"date":"1997-03-03T00:00:00","date_gmt":"1997-03-02T23:00:00","guid":{"rendered":"http:\/\/www.grappa.no\/albums\/uncategorized\/fra-senegal-til-setesdal\/"},"modified":"2020-12-09T21:26:10","modified_gmt":"2020-12-09T20:26:10","slug":"fra-senegal-til-setesdal","status":"publish","type":"product","link":"https:\/\/grappa.no\/no\/albums\/grappa\/fra-senegal-til-setesdal\/","title":{"rendered":"Fr\u00e5 Senegal til Setesdal"},"content":{"rendered":"<p><\/p>\n<p>Musikalsk m\u00f8te<\/p>\n<p>CD-utgivelsen &#8220;Fr\u00e5 Senegal til Setesdal&#8221; er et banebrytende pionerprosjekt der norsk og vestafrikansk folkemusikk m\u00f8tes. Kirsten Br\u00e5ten Berg og Bj\u00f8rgulv Straume fra Norge m\u00f8ter Solo Cissokho og Koame Sereba fra Senegal, og resultatet er en musikalsk reise av de sjeldne. Med sine forskjellige musikktradisjoner, skaper de fire musikerne et fascinerende lydbilde der b\u00e5de norske og vestafrikanske toner og ord finner sammen. Br\u00e5ten Berg, Straume, Cissokho og Sereba er forfriskende uredde i sin utforskning av grensene mellom nasjonalitet, tradisjoner, sjangre og spr\u00e5k. Albumet har fortsatt en sterk posisjon innen folke- og verdensmusikken og er til stadig inspirasjon for nye musikalske m\u00f8ter.<\/p>\n<p><!--more--><\/p>\n<h4><\/h4>\n<h4><\/h4>\n<h4><\/h4>\n<p><\/p>","protected":false},"excerpt":{"rendered":"<p>Banebrytende pionerprosjekt der norsk og vestafrikansk folkemusikk m\u00f8tes.<\/p>\n","protected":false},"featured_media":26943,"comment_status":"closed","ping_status":"closed","template":"","meta":[],"product_brand":[],"product_cat":[6],"product_tag":[],"class_list":{"0":"post-771","1":"product","2":"type-product","3":"status-publish","4":"has-post-thumbnail","6":"product_cat-grappa","7":"product_shipping_class-cddvd-shipping","8":"uni_artist_tag-bjorgulv-straume","9":"uni_artist_tag-hallvard-kvale","10":"uni_artist_tag-kirsten-braten-berg","11":"uni_artist_tag-kouame-gerard-sereba","12":"uni_artist_tag-solo-cissokho","13":"uni_artist_tag-trad","14":"uni_main_artist_tag-kirsten-braten-berg","15":"uni_artist_genre-folk-music","16":"uni_artist_genre-traditional","17":"uni_artist_genre-world-music","19":"first","20":"outofstock","21":"taxable","22":"shipping-taxable","23":"purchasable","24":"product-type-simple"},"_links":{"self":[{"href":"https:\/\/grappa.no\/no\/wp-json\/wp\/v2\/product\/771","targetHints":{"allow":["GET"]}}],"collection":[{"href":"https:\/\/grappa.no\/no\/wp-json\/wp\/v2\/product"}],"about":[{"href":"https:\/\/grappa.no\/no\/wp-json\/wp\/v2\/types\/product"}],"replies":[{"embeddable":true,"href":"https:\/\/grappa.no\/no\/wp-json\/wp\/v2\/comments?post=771"}],"wp:featuredmedia":[{"embeddable":true,"href":"https:\/\/grappa.no\/no\/wp-json\/wp\/v2\/media\/26943"}],"wp:attachment":[{"href":"https:\/\/grappa.no\/no\/wp-json\/wp\/v2\/media?parent=771"}],"wp:term":[{"taxonomy":"product_brand","embeddable":true,"href":"https:\/\/grappa.no\/no\/wp-json\/wp\/v2\/product_brand?post=771"},{"taxonomy":"product_cat","embeddable":true,"href":"https:\/\/grappa.no\/no\/wp-json\/wp\/v2\/product_cat?post=771"},{"taxonomy":"product_tag","embeddable":true,"href":"https:\/\/grappa.no\/no\/wp-json\/wp\/v2\/product_tag?post=771"}],"curies":[{"name":"wp","href":"https:\/\/api.w.org\/{rel}","templated":true}]}}