{"id":770,"date":"2012-01-20T00:00:00","date_gmt":"2012-01-19T23:00:00","guid":{"rendered":"http:\/\/www.grappa.no\/albums\/uncategorized\/karleken-livet\/"},"modified":"2016-08-15T15:18:21","modified_gmt":"2016-08-15T14:18:21","slug":"karleken-livet","status":"publish","type":"product","link":"https:\/\/grappa.no\/no\/albums\/grappa\/karleken-livet\/","title":{"rendered":"K\u00e4rleken &amp; Livet"},"content":{"rendered":"<p><\/p>\n<p>13 fantastiske l\u00e5ter av Rolf L\u00f8vland<\/p>\n<p>Etter &quot;Spellemann&quot; (2009) \u2013 som gav gullplate i Norge, ca. 9000 solgte i Sverige og turn\u00e9 og tv-show med gjestespellemann Alexander Rybak \u2013 kommer n\u00e5 oppf\u00f8lgeren. Platen heter &quot;K\u00e4rleken &amp; Livet\u201d, og er en hyllest til Rolf L\u00f8vland. Rolf og hans musikk har inspirert Bettan i alle \u00e5r siden de m\u00f8tte hverandre i 1984.<\/p>\n<p>De to har hatt flere kommersielle suksesser sammen som n\u00e5 er innspilt p\u00e5 nytt og med en helt ny vri. Denne platen innholder blant annet nyinnspillinger av de tre st\u00f8rste l\u00e5tene de har gjort sammen. \u201dLa det swinge\u201d har blitt en glad og pigg instrumental versjon med Orsa Spelm\u00e4n. \u201dDanse mot v\u00e5r\u201d har blitt en klassisk versjon med blant annet Praha Symfoniorkester og Alexander Rybak som gjestesolist. \u201dDuett\u201d har forvandlet seg til en salme fra Bettan til Jan Werner.<\/p>\n<p>Resten av l\u00e5tvalget p\u00e5 \u201dK\u00e4rleken &amp; Livet\u201d er et utvalg av Bettans favoritter fra L\u00f8vlands skattekiste. Med nye svenske og norske tekster har dette blitt en plate med hennes egne tolkninger og sjarm.<\/p>\n<p><!--more--><\/p>\n<p>Etter &quot;Spellemann&quot; (2009) \u2013 som gav gullplate i Norge, ca. 9000 solgte i Sverige og turn\u00e9 og tv-show med gjestespellemann Alexander Rybak &#8211; kommer n\u00e5 oppf\u00f8lgeren.<\/p>\n<h4>Inspirerende spellemenn<\/h4>\n<p>\u201dMitt siste album, \u201dSpellemann\u201d var en hyllest til de spellemenn som har inspirert meg og l\u00f8ftet min karriere videre \u2013 der var Rolf representert. \u201dK\u00e4rleken &amp; Livet\u201d er en fortsettelse av den inspirasjonen og da var Rolf et naturlig valg\u201d \u2013 Bettan.<\/p>\n<p>Denne platen innholder blant annet nyinnspillinger av de tre st\u00f8rste l\u00e5tene de har gjort sammen. \u201dLa det swinge\u201d har blitt en glad og pigg instrumental versjon med Orsa Spelm\u00e4n. \u201dDanse mot v\u00e5r\u201d har blitt en klassisk versjon med blant annet Praha Symfoniorkester og Alexander Rybak som gjeste-solist. \u201cDuett\u201d har forvandlet seg til en salme fra Bettan til Jan Werner.<\/p>\n<h4>Nye norske og svenske tekster<\/h4>\n<p>\u201dRolfs l\u00e5ter er en dr\u00f8m for sangere. Melodi\u00f8s og vakker musikk. Rolf er ogs\u00e5 en god venn og vi har en lang rad av hits og opplevelser sammen fra hele verden, med Bobbysocks og som solist\u201d &#8211; Bettan. <\/p>\n<p>Resten av l\u00e5tvalget p\u00e5 \u201dK\u00e4rleken &amp; Livet\u201d er et utvalg av Bettans favoritter fra L\u00f8vlands skattekiste. Med nye svenske og norske tekster &#8211; av blant annet Rolf L\u00f8vland, Jostein Fet, \u00c5sa Jinder, Py B\u00e4ckman, Britt Wiberg og Hans Olav M\u00f8rk &#8211; blir det en plate med hennes egne tolkninger og sjarm.<\/p>\n<h4><\/h4>\n<\/p>\n<p><\/p>","protected":false},"excerpt":{"rendered":"<p>\u201cRolfs l\u00e5ter er en dr\u00f8m for sangere. Melodi\u00f8s og vakker musikk. Rolf er ogs\u00e5 en god venn og vi har en lang rad av hits og opplevelser sammen fra hele verden, med Bobbysocks og som solist\u201d &#8211; Bettan.<\/p>\n","protected":false},"featured_media":27033,"comment_status":"closed","ping_status":"open","template":"","meta":[],"product_brand":[],"product_cat":[6],"product_tag":[],"class_list":{"0":"post-770","1":"product","2":"type-product","3":"status-publish","4":"has-post-thumbnail","6":"product_cat-grappa","7":"product_shipping_class-cddvd-shipping","8":"uni_artist_tag-alexander-rybak","9":"uni_artist_tag-annbjorg-lien","10":"uni_artist_tag-bjorn-charles-dreyer","11":"uni_artist_tag-bjorn-ole-rasch","12":"uni_artist_tag-cathrine-iversen","13":"uni_artist_tag-chezch-national-symphony-orchestra","14":"uni_artist_tag-elisabeth-andreassen","15":"uni_artist_tag-gospelkoret-him","16":"uni_artist_tag-hans-fredrik-jacobsen","17":"uni_artist_tag-hilde-norbakken","18":"uni_artist_tag-orsa-spelman","19":"uni_artist_tag-pat-broaders","20":"uni_artist_tag-per-elias-drablos","21":"uni_artist_tag-per-hillestad","22":"uni_artist_tag-rolf-kristensen","23":"uni_artist_tag-rolf-lovland","24":"uni_main_artist_tag-elisabeth-andreassen","25":"uni_artist_genre-folk-music","26":"uni_artist_genre-pop","28":"first","29":"instock","30":"taxable","31":"shipping-taxable","32":"purchasable","33":"product-type-simple"},"_links":{"self":[{"href":"https:\/\/grappa.no\/no\/wp-json\/wp\/v2\/product\/770","targetHints":{"allow":["GET"]}}],"collection":[{"href":"https:\/\/grappa.no\/no\/wp-json\/wp\/v2\/product"}],"about":[{"href":"https:\/\/grappa.no\/no\/wp-json\/wp\/v2\/types\/product"}],"replies":[{"embeddable":true,"href":"https:\/\/grappa.no\/no\/wp-json\/wp\/v2\/comments?post=770"}],"wp:featuredmedia":[{"embeddable":true,"href":"https:\/\/grappa.no\/no\/wp-json\/wp\/v2\/media\/27033"}],"wp:attachment":[{"href":"https:\/\/grappa.no\/no\/wp-json\/wp\/v2\/media?parent=770"}],"wp:term":[{"taxonomy":"product_brand","embeddable":true,"href":"https:\/\/grappa.no\/no\/wp-json\/wp\/v2\/product_brand?post=770"},{"taxonomy":"product_cat","embeddable":true,"href":"https:\/\/grappa.no\/no\/wp-json\/wp\/v2\/product_cat?post=770"},{"taxonomy":"product_tag","embeddable":true,"href":"https:\/\/grappa.no\/no\/wp-json\/wp\/v2\/product_tag?post=770"}],"curies":[{"name":"wp","href":"https:\/\/api.w.org\/{rel}","templated":true}]}}