{"id":769,"date":"2014-04-25T00:00:00","date_gmt":"2014-04-24T23:00:00","guid":{"rendered":"http:\/\/www.grappa.no\/albums\/uncategorized\/fartein-valen-on-the-path-to-his-modernism\/"},"modified":"2019-02-22T16:04:52","modified_gmt":"2019-02-22T15:04:52","slug":"fartein-valen-on-the-path-to-his-modernism","status":"publish","type":"product","link":"https:\/\/grappa.no\/no\/albums\/simax-classics\/fartein-valen-on-the-path-to-his-modernism\/","title":{"rendered":"Fartein Valen \u2013 on the path to his modernism"},"content":{"rendered":"<p><\/p>\n<p>Fartein Valens metamorfose<\/p>\n<p>Fartein Valen var en av de store nyskapende komponistene i f\u00f8rste halvdel av 1900-tallet. Denne ytterst beskjedne og tilbakeholdne mannen hadde samtidig en sterk selvbevissthet, en enest\u00e5ende utstr\u00e5ling, autoritet og et vidt kontaktnett. Einar Henning Smebye og Tor Johan B\u00f8en st\u00e5r i spissen for denne spennende utgivelsen med verkene som viser oss den elegante forvandlingen fra en klassisk romantikk til eksperimenterende modernisme som Fartein Valen kjempet seg fram til. Musikken viser oss ogs\u00e5 noe som gjennomsyrer hele Valens produksjon: Han var alltid romantiker i sitt uttrykk, han var gjennomg\u00e5ende en klassiker i form og tekstur, han verdsatte tradisjonen og forbindelsene til tidligere tiders musikk og kultur.<\/p>\n<p><!--more--><\/p>\n<p>Fartein Valen var en av de store nyskapende komponistene i f\u00f8rste halvdel av 1900-tallet. Denne ytterst beskjedne og tilbakeholdne mannen hadde samtidig en sterk selvbevissthet, en enest\u00e5ende utstr\u00e5ling, autoritet og et vidt kontaktnett. V\u00e5r utgivelse f\u00f8lger Valens vei fra klassisk romantikk til eksperimenterende modernisme.<\/p>\n<h4>Valens modernisme<\/h4>\n<p>Ordet modernisme var noe annet for Valen, enn hva det assosieres med i dag. For han var det snakk om en innstilling til verden og livet. Det moderne liv, storby og ny teknologi, og fremskritt p\u00e5 mange daglige gj\u00f8rem\u00e5l, transport og grammofon, ny vitenskap og rasjonalitet skapte nesten et nytt verdensbilde og et endret menneskesyn med en sterk fremtidsoptimisme. Men r\u00f8ttene til det forgangne var for Valen ogs\u00e5 viktig, b\u00e5de i det religi\u00f8se, i moral, historie og kunst.<\/p>\n<h4>I Berlin<\/h4>\n<p>Valen avsluttet studiene ved Musikkh\u00f8yskolen i Berlin i 1911, men i de f\u00f8lgende fire \u00e5rene oppholdt han seg lenge i Berlin i sesongen. Etter hvert fikk han et stipendium, men han livn\u00e6rte seg ogs\u00e5 som privat teoril\u00e6rer, og ikke lite som akkompagnat\u00f8r og hjelper for sangere og fiolinister. For Valen var klassikerne fremfor alt J.S. Bach, uttrykkets og rasjonalitetens mester, etterfulgt av de han kalte \u00abde store\u00bb: Mozart, Beethoven, Schubert, Wagner, Bruckner og Brahms, alts\u00e5 en sterk tysk-\u00f8sterriksk linje. Men en slik p\u00e5virkning blir fortid, n\u00e5tid og fremtid en flersjiktlig enhet i Valens musikk.<\/p>\n<h4>Opus 0, 3 og 5. Verk fra 1909 og frem til 1924<\/h4>\n<p>Det var partituret til kvartetten Op. 0 som rektor Max Bruch fikk se, og som fikk ham til \u00e5 lukke opp Musikkh\u00f8yskolens h\u00f8ye d\u00f8rer for Valen. Fiolinsonaten Op. 3, og senere orkestersangen Ave Maria, befestet Valens ry som en radikal komponist. Klavertrioen Op. 5 arbeidet Valen med i lang tid: i eskene med trioens forarbeider ligger 1200 ganske tettskrevne notesider.<\/p>\n<p><\/p>","protected":false},"excerpt":{"rendered":"<p>Verkene viser oss den elegante forvandlingen fra en klassisk romantikk til eksperimenterende modernisme som Fartein Valen kjempet seg fram til.<\/p>\n","protected":false},"featured_media":27770,"comment_status":"closed","ping_status":"open","template":"","meta":[],"product_brand":[],"product_cat":[180],"product_tag":[],"class_list":{"0":"post-769","1":"product","2":"type-product","3":"status-publish","4":"has-post-thumbnail","6":"product_cat-simax-classics","7":"product_shipping_class-cddvd-shipping","8":"uni_artist_tag-benedicte-royer","9":"uni_artist_tag-einar-henning-smebye","10":"uni_artist_tag-fartein-valen","11":"uni_artist_tag-johannes-martens","12":"uni_artist_tag-per-kristian-skalstad","13":"uni_artist_tag-stephen-frost","14":"uni_artist_tag-tor-johan-boen","15":"uni_main_artist_tag-einar-henning-smebye","16":"uni_artist_genre-chamber-music","17":"uni_artist_genre-classical","18":"uni_artist_genre-contemporary-music","19":"uni_artist_genre-norwegian","20":"uni_artist_genre-piano","21":"uni_artist_genre-strings","23":"first","24":"instock","25":"taxable","26":"shipping-taxable","27":"purchasable","28":"product-type-simple"},"_links":{"self":[{"href":"https:\/\/grappa.no\/no\/wp-json\/wp\/v2\/product\/769","targetHints":{"allow":["GET"]}}],"collection":[{"href":"https:\/\/grappa.no\/no\/wp-json\/wp\/v2\/product"}],"about":[{"href":"https:\/\/grappa.no\/no\/wp-json\/wp\/v2\/types\/product"}],"replies":[{"embeddable":true,"href":"https:\/\/grappa.no\/no\/wp-json\/wp\/v2\/comments?post=769"}],"wp:featuredmedia":[{"embeddable":true,"href":"https:\/\/grappa.no\/no\/wp-json\/wp\/v2\/media\/27770"}],"wp:attachment":[{"href":"https:\/\/grappa.no\/no\/wp-json\/wp\/v2\/media?parent=769"}],"wp:term":[{"taxonomy":"product_brand","embeddable":true,"href":"https:\/\/grappa.no\/no\/wp-json\/wp\/v2\/product_brand?post=769"},{"taxonomy":"product_cat","embeddable":true,"href":"https:\/\/grappa.no\/no\/wp-json\/wp\/v2\/product_cat?post=769"},{"taxonomy":"product_tag","embeddable":true,"href":"https:\/\/grappa.no\/no\/wp-json\/wp\/v2\/product_tag?post=769"}],"curies":[{"name":"wp","href":"https:\/\/api.w.org\/{rel}","templated":true}]}}