{"id":768,"date":"2011-12-02T00:00:00","date_gmt":"2011-12-01T23:00:00","guid":{"rendered":"http:\/\/www.grappa.no\/albums\/uncategorized\/kjaerlighet-aerlighet-3\/"},"modified":"2025-03-17T11:57:20","modified_gmt":"2025-03-17T10:57:20","slug":"kjaerlighet-aerlighet-3","status":"publish","type":"product","link":"https:\/\/grappa.no\/no\/albums\/grappa\/kjaerlighet-aerlighet-3\/","title":{"rendered":"Kj\u00e6rlighet &amp; \u00c6rlighet 3"},"content":{"rendered":"<p><\/p>\n<p>2011-trilogien fullf\u00f8rt<\/p>\n<p>Vanligvis, n\u00e5r en artist skal feire en rund dag, skal karrieren oppsummeres. Jan Eggum har ogs\u00e5 valgt \u00e5 markere sin runde dag \u2013 i dette tilfellet 60 \u2013 med en oppsummering. Men ikke p\u00e5 vanlig vis.<\/p>\n<p>Tidligere i \u00e5r kom de to f\u00f8rste cden-e av Kj\u00e6rlighet &amp; \u00c6rlighet- triologien ut, med flotte anmeldelser og ikke minst to A-listinger hos NRK P1. N\u00e5 er tredje og siste plate i mamutprosjektet Kj\u00e6rlighet &amp; \u00c6rlighet her \u2013 de siste 20 l\u00e5tene , denne gangen live.<\/p>\n<p>Prosjektet er komplett; 60 \u00e5r \u2013 60 l\u00e5ter.<\/p>\n<p>Jan Eggums tredje plate i 2011-trilogien best\u00e5r av viser som aldri har v\u00e6rt p\u00e5 plate f\u00f8r. R\u00e5-materialet er hentet fra en \u00e5relang produksjon, fra de f\u00f8rste melodiene fra 1969 og 1973, til de siste tekstene i oktober 2011. Alt er spilt inn live med orkester p\u00e5 forskjellige scener, med alt fra 50 til 1400 mennesker i salen.<\/p>\n<p><!--more--><\/p>\n<p>Vanligvis, n\u00e5r en artist skal feire en rund dag, skal karrieren oppsummeres. Jan Eggum har ogs\u00e5 valgt \u00e5 markere sin runde dag \u2013 i dette tilfellet 60 \u2013 med en oppsummering. Men ikke p\u00e5 vanlig vis<\/p>\n<h4>Prosjektet er komplett: 60 \u00e5r \u2013 60 l\u00e5ter<\/h4>\n<p>Jan Eggums tredje plate i 2011-trilogien best\u00e5r av viser som aldri har v\u00e6rt p\u00e5 plate f\u00f8r. R\u00e5-materialet er hentet fra en \u00e5relang produksjon, fra de f\u00f8rste melodiene fra 1969 og 1973, til de siste tekstene i oktober 2011. Alt er spilt inn live med orkester p\u00e5 forskjellige scener, med alt fra 50 til 1400 mennesker i salen.<\/p>\n<h4>20 sanger<\/h4>\n<p>Og Jan Eggum Band er da et vidt begrep, i dette tilfellet, kan det v\u00e6re alt fra Eggum aleine med gitar til Eggum med fullt symfoniorkester (BFO i Bergen). I mellom der finnes Voksne Herrers orkester, Mads Gr\u00f8nner m\/band og Knut Reiersrud og vennene hans.<\/p>\n<p>Ballader med tildels r\u00f8rende innhold, r\u00e5 poprock med erotisk tilsnitt, politisk engasjerte viser og melankolsk,nesten symfonisk musikk. Kort sagt,et tverrsnitt av Jan Eggum som komponist og forfatter, sanger og musiker.<\/p>\n<p>20 sanger sett fra alle vinkler i livet.<\/p>\n<h4><\/h4>\n<p><\/p>","protected":false},"excerpt":{"rendered":"<p>Alt er spilt inn live med orkester p\u00e5 forskjellige scener, med alt fra 50 til 1400 mennesker i salen<\/p>\n","protected":false},"featured_media":27049,"comment_status":"closed","ping_status":"closed","template":"","meta":[],"product_brand":[],"product_cat":[6],"product_tag":[],"class_list":{"0":"post-768","1":"product","2":"type-product","3":"status-publish","4":"has-post-thumbnail","6":"product_cat-grappa","7":"product_shipping_class-cddvd-shipping","8":"uni_artist_tag-anders-bitustoyl","9":"uni_artist_tag-anja-eline-skybakmoen","10":"uni_artist_tag-audun-erlien","11":"uni_artist_tag-bendik-hofseth","12":"uni_artist_tag-bergen-philharmonic-orchestra","13":"uni_artist_tag-christian-overas","14":"uni_artist_tag-david-wallumrod","15":"uni_artist_tag-georg-wadenius","16":"uni_artist_tag-harald-dahlstrom","17":"uni_artist_tag-ida-roggen","18":"uni_artist_tag-jan-eggum","19":"uni_artist_tag-jan-erik-kongshaug","20":"uni_artist_tag-jorn-pedersen","21":"uni_artist_tag-kare-sandvik","22":"uni_artist_tag-knut-reiersrud","23":"uni_artist_tag-lars-erik-gudim","24":"uni_artist_tag-magne-tormodsaeter","25":"uni_artist_tag-mats-egil-gronner","26":"uni_artist_tag-paolo-vinaccia","27":"uni_artist_tag-stein-inge-braekhus","28":"uni_artist_tag-steinar-krokstad","29":"uni_artist_tag-tarald-tvedten","30":"uni_artist_tag-thomas-dahl","31":"uni_artist_tag-tonje-unstad","32":"uni_artist_tag-wenche-losnegard","33":"uni_artist_tag-yngve-moe","34":"uni_artist_tag-your-favourite-music","35":"uni_main_artist_tag-jan-eggum","36":"uni_artist_genre-norwegian","37":"uni_artist_genre-pop","38":"uni_artist_genre-singersongwriter","40":"first","41":"outofstock","42":"taxable","43":"shipping-taxable","44":"purchasable","45":"product-type-simple"},"_links":{"self":[{"href":"https:\/\/grappa.no\/no\/wp-json\/wp\/v2\/product\/768","targetHints":{"allow":["GET"]}}],"collection":[{"href":"https:\/\/grappa.no\/no\/wp-json\/wp\/v2\/product"}],"about":[{"href":"https:\/\/grappa.no\/no\/wp-json\/wp\/v2\/types\/product"}],"replies":[{"embeddable":true,"href":"https:\/\/grappa.no\/no\/wp-json\/wp\/v2\/comments?post=768"}],"wp:featuredmedia":[{"embeddable":true,"href":"https:\/\/grappa.no\/no\/wp-json\/wp\/v2\/media\/27049"}],"wp:attachment":[{"href":"https:\/\/grappa.no\/no\/wp-json\/wp\/v2\/media?parent=768"}],"wp:term":[{"taxonomy":"product_brand","embeddable":true,"href":"https:\/\/grappa.no\/no\/wp-json\/wp\/v2\/product_brand?post=768"},{"taxonomy":"product_cat","embeddable":true,"href":"https:\/\/grappa.no\/no\/wp-json\/wp\/v2\/product_cat?post=768"},{"taxonomy":"product_tag","embeddable":true,"href":"https:\/\/grappa.no\/no\/wp-json\/wp\/v2\/product_tag?post=768"}],"curies":[{"name":"wp","href":"https:\/\/api.w.org\/{rel}","templated":true}]}}