{"id":767,"date":"2011-05-20T00:00:00","date_gmt":"2011-05-19T23:00:00","guid":{"rendered":"http:\/\/www.grappa.no\/albums\/uncategorized\/stave-church-songs-martyred-saints-sisterbells\/"},"modified":"2016-08-15T15:08:26","modified_gmt":"2016-08-15T14:08:26","slug":"stave-church-songs-martyred-saints-sisterbells","status":"publish","type":"product","link":"https:\/\/grappa.no\/no\/albums\/heilo\/stave-church-songs-martyred-saints-sisterbells\/","title":{"rendered":"Stave Church Songs \/ Martyred Saints &amp; Sisterbells"},"content":{"rendered":"<p><\/p>\n<p>Tradisjonsmusikkens hyllest til St Thomas<\/p>\n<p>St Thomas Becket, erkebiskopen av Canterbury, ble myrdet av Henrik IIs menn i Canterbury katedral den 29. desember 1170, dyrket som martyr av hele folket, og kanonisert av Pave Alexander III i 1173. Denne historiske hendelsen var utgangspunktet for Rikskonsertenes bestillingsverk til kulturminne\u00e5ret 2009, Tj\u00e6re V\u00e6re Treklang, som har turnert i norske stavkirker og som i 2011 foreligger i innspilt versjon under tittelen Stave Church Songs \/ Martyred Saints &amp; Sister Bells. <\/p>\n<p>Via improvisasjoner, nye komposisjoner og originale arrangementer blir en middelaldersk sekvens fra 1173, St Thomashymnen \u2013 Aquas Plenas Amaritudine, nedskrevet p\u00e5 en pergamentrull og funnet under gulvet i Lom stavkirke i 1973, fremf\u00f8rt og blandet med varianter av tradisjonsmusikkens hyllest til St Thomas: St Thomasklokkesl\u00e5ttene.<\/p>\n<p><!--more--><\/p>\n<h4><\/h4>\n<\/p>\n<h4><\/h4>\n<p><h4><\/h4>\n<\/p>\n<p><\/p>","protected":false},"excerpt":{"rendered":"","protected":false},"featured_media":27296,"comment_status":"closed","ping_status":"open","template":"","meta":[],"product_brand":[],"product_cat":[35],"product_tag":[],"class_list":{"0":"post-767","1":"product","2":"type-product","3":"status-publish","4":"has-post-thumbnail","6":"product_cat-heilo","7":"product_shipping_class-cddvd-shipping","8":"uni_artist_tag-anders-erik-roine","9":"uni_artist_tag-elisabeth-holmertz","10":"uni_artist_tag-elisabeth-vatn","11":"uni_artist_tag-harald-skullerud","12":"uni_artist_tag-henning-andersen","13":"uni_artist_tag-herman-sukke","14":"uni_artist_tag-ola-kulterud","15":"uni_artist_tag-olav-hauge","16":"uni_artist_tag-steinar-opstad","17":"uni_artist_tag-trad","18":"uni_main_artist_tag-elisabeth-vatn","19":"uni_artist_genre-church-music","20":"uni_artist_genre-folk-music","21":"uni_artist_genre-traditional","23":"first","24":"instock","25":"taxable","26":"shipping-taxable","27":"purchasable","28":"product-type-simple"},"_links":{"self":[{"href":"https:\/\/grappa.no\/no\/wp-json\/wp\/v2\/product\/767","targetHints":{"allow":["GET"]}}],"collection":[{"href":"https:\/\/grappa.no\/no\/wp-json\/wp\/v2\/product"}],"about":[{"href":"https:\/\/grappa.no\/no\/wp-json\/wp\/v2\/types\/product"}],"replies":[{"embeddable":true,"href":"https:\/\/grappa.no\/no\/wp-json\/wp\/v2\/comments?post=767"}],"wp:featuredmedia":[{"embeddable":true,"href":"https:\/\/grappa.no\/no\/wp-json\/wp\/v2\/media\/27296"}],"wp:attachment":[{"href":"https:\/\/grappa.no\/no\/wp-json\/wp\/v2\/media?parent=767"}],"wp:term":[{"taxonomy":"product_brand","embeddable":true,"href":"https:\/\/grappa.no\/no\/wp-json\/wp\/v2\/product_brand?post=767"},{"taxonomy":"product_cat","embeddable":true,"href":"https:\/\/grappa.no\/no\/wp-json\/wp\/v2\/product_cat?post=767"},{"taxonomy":"product_tag","embeddable":true,"href":"https:\/\/grappa.no\/no\/wp-json\/wp\/v2\/product_tag?post=767"}],"curies":[{"name":"wp","href":"https:\/\/api.w.org\/{rel}","templated":true}]}}