{"id":766,"date":"2011-08-12T00:00:00","date_gmt":"2011-08-11T23:00:00","guid":{"rendered":"http:\/\/www.grappa.no\/albums\/uncategorized\/wire-and-string\/"},"modified":"2017-03-27T13:02:08","modified_gmt":"2017-03-27T12:02:08","slug":"wire-and-string","status":"publish","type":"product","link":"https:\/\/grappa.no\/no\/albums\/simax-classics\/wire-and-string\/","title":{"rendered":"Wire and String"},"content":{"rendered":"<p><\/p>\n<p>Rolf Wallins univers<\/p>\n<p>Utgivelsen Wire and String viser et ensemble og en komponist som v\u00e5ger \u00e5 tenke nytt og anderledes omkring sitt arbeide, for p\u00e5 den m\u00e5ten ogs\u00e5 \u00e5 n\u00e5 ut til et st\u00f8rre publikum. De fremragende solistene Susanne Lundeng og Siri Torjesen fullender en spennende og fascinerende utgivelse. Gjennom sin frisinnede og ukonvensjonelle blanding av tradisjonell folkemusikk og moderne samtidsuttrykk, skaper Susanne Lundeng sitt unike sound. Bestillingen av &#8216;Imella&#8217; (&#8216;imellom&#8217;) virkeliggjorde en dr\u00f8m Rolf Wallin hadde hatt lenge: \u00ab\u00e5 kombinere drivet og det direkte uttrykket i folkemusikken med den muligheten kunstmusikken har til \u00e5 ta lytteren med p\u00e5 en reise i store og skiftende lydlandskap.\u00bb Tittelverket p\u00e5 utgivelsen, The Age of Wire and String, har sitt navn fra debutromanen til den amerikanske forfatteren Ben Marcus.<\/p>\n<p><!--more--><\/p>\n<p>Gjennom samarbeid med dirigenter og solister p\u00e5 et h\u00f8yt internasjonalt niv\u00e5, har Bod\u00f8 Sinfonietta utviklet seg til \u00e5 bli et ensemble av h\u00f8y standard med allsidige og entusiastiske musikere. N\u00e5 har bandet spilt inn et portrett med musikk av Rolf Wallin, hvor blant annet nordnorske folkemusikktradisjoner morfes inn i samtidens musikalske str\u00f8mninger \u2013 og nye uttrykk oppst\u00e5r.<\/p>\n<h4>Fele og sinfonietta m\u00f8tes i \u00abImella\u00bb<\/h4>\n<p>Gjennom sin frisinnede og ukonvensjonelle blanding av tradisjonell folkemusikk og moderne samtidsuttrykk, skaper Susanne Lundeng sitt unike sound. Bestillingen av &#8216;Imella&#8217; (&#8216;imellom&#8217;) virkeliggjorde en dr\u00f8m Rolf Wallin hadde hatt lenge: \u00ab\u00e5 kombinere drivet og det direkte uttrykket i folkemusikken med den muligheten kunstmusikken har til \u00e5 ta lytteren med p\u00e5 en reise i store og skiftende lydlandskap.\u00bb<\/p>\n<h4>&#8211; \u00aben evne til \u00e5 bringe bevisstheten til steder der ingen har v\u00e6rt f\u00f8r.\u00bb<\/h4>\n<p>Tittelverket p\u00e5 utgivelsen, The Age of Wire and String, har sitt navn fra debutromanen til den amerikanske forfatteren Ben Marcus. Wallin sier selv: \u00abDenne fantastiske og sv\u00e6rt uvanlige boka beskriver en verden som er totalt forskjellig fra v\u00e5r egen, men som \u00f8yensynlig har sitt eget sett av lover og logikk, konsistent, men allikevel umulig \u00e5 gripe tak i. Mens jeg leste boka, kom jeg p\u00e5 at denne beskrivelsen passer like godt til musikkens abstrakte verden. Spesielt gjelder det for moderne kunstmusikk, som har en evne til \u00e5 bringe bevisstheten til steder der ingen har v\u00e6rt f\u00f8r.\u00bb<\/p>\n<h4>Bod\u00f8 Sinfonietta og Rolf Wallin<\/h4>\n<p>De siste \u00e5rene har Bod\u00f8 Sinfonietta og Wallin samarbeidet n\u00e6rt, blant annet omkring Nordland Musikkfestuke. Rolf Wallin er en av Nordens fremste n\u00e5levende komponister, og fremf\u00f8res regelmessig over hele verden. Bod\u00f8 Sinfonietta ble stiftet i 1999, og har flere plateutgivelser bak seg, deriblant Live med Madrugada fra 2005.<\/p>\n<p><\/p>","protected":false},"excerpt":{"rendered":"<p>\u2013 Bod\u00f8 Sinfonietta kombinerer en robust friskhet og frihet i uttrykket med skarp presisjon, under ypperlig innflytelse fra den drevne dirigenten Christian Eggen. [Aftenposten]<\/p>\n","protected":false},"featured_media":27522,"comment_status":"closed","ping_status":"open","template":"","meta":[],"product_brand":[],"product_cat":[180],"product_tag":[],"class_list":{"0":"post-766","1":"product","2":"type-product","3":"status-publish","4":"has-post-thumbnail","6":"product_cat-simax-classics","7":"product_shipping_class-cddvd-shipping","8":"uni_artist_tag-bodo-sinfonietta","9":"uni_artist_tag-christian-eggen","10":"uni_artist_tag-rolf-wallin","11":"uni_artist_tag-siri-torjesen","12":"uni_artist_tag-susanne-lundeng","13":"uni_main_artist_tag-bodo-sinfonietta","14":"uni_artist_genre-concerto","15":"uni_artist_genre-contemporary-music","16":"uni_artist_genre-folk-music","17":"uni_artist_genre-norwegian-grammy-award-spellemannvinner","18":"uni_artist_genre-sacd","20":"first","21":"instock","22":"taxable","23":"shipping-taxable","24":"purchasable","25":"product-type-simple"},"_links":{"self":[{"href":"https:\/\/grappa.no\/no\/wp-json\/wp\/v2\/product\/766","targetHints":{"allow":["GET"]}}],"collection":[{"href":"https:\/\/grappa.no\/no\/wp-json\/wp\/v2\/product"}],"about":[{"href":"https:\/\/grappa.no\/no\/wp-json\/wp\/v2\/types\/product"}],"replies":[{"embeddable":true,"href":"https:\/\/grappa.no\/no\/wp-json\/wp\/v2\/comments?post=766"}],"wp:featuredmedia":[{"embeddable":true,"href":"https:\/\/grappa.no\/no\/wp-json\/wp\/v2\/media\/27522"}],"wp:attachment":[{"href":"https:\/\/grappa.no\/no\/wp-json\/wp\/v2\/media?parent=766"}],"wp:term":[{"taxonomy":"product_brand","embeddable":true,"href":"https:\/\/grappa.no\/no\/wp-json\/wp\/v2\/product_brand?post=766"},{"taxonomy":"product_cat","embeddable":true,"href":"https:\/\/grappa.no\/no\/wp-json\/wp\/v2\/product_cat?post=766"},{"taxonomy":"product_tag","embeddable":true,"href":"https:\/\/grappa.no\/no\/wp-json\/wp\/v2\/product_tag?post=766"}],"curies":[{"name":"wp","href":"https:\/\/api.w.org\/{rel}","templated":true}]}}