{"id":761,"date":"2012-08-17T00:00:00","date_gmt":"2012-08-16T23:00:00","guid":{"rendered":"http:\/\/www.grappa.no\/albums\/uncategorized\/secret-memories\/"},"modified":"2019-02-22T16:04:49","modified_gmt":"2019-02-22T15:04:49","slug":"secret-memories","status":"publish","type":"product","link":"https:\/\/grappa.no\/no\/albums\/simax-classics\/secret-memories\/","title":{"rendered":"Secret Memories"},"content":{"rendered":"<p><\/p>\n<p>Dan Styffe og Oslo-filharmonien med verdenspremiere p\u00e5 kontrabasskonsert <\/p>\n<p>Verdenspremieren p\u00e5 Rolf Martinssons kontrabasskonsert er et str\u00e5lende h\u00f8ydepunkt p\u00e5 Dan Styffes nye utgivelse, der han presenterer ny musikk for kontrabassen. Styffe, solo-bassist i Oslo Filharmoniske Orkester, er regnet blant verdens fremste solister p\u00e5 sitt instrument. Denne CDen, hans fjerde soloutgivelse, bygges fra solostykker, kammermusikk og helt opp til konsertformatet. Svenske Rolf Martinsson (1956) er anerkjent over hele verden som en av samtidens fremste orkesterkomponister. Kontrabasskonserten er skrevet spesifikt for Dan Styffe og det fantastiske instrumentet Styffe spiller p\u00e5; en sjelden 1580 Gaspar de Salo. Verkene av N\u00f8rg\u00e5rd og Thommessen er duoer for fiolin og bass, de resterende stykkene er solostykker som viser de mer virtuose aspektene i moderne kontrabasspill.<\/p>\n<p><!--more--><\/p>\n<p>Verdenspremieren p\u00e5 Rolf Martinssons kontrabasskonsert er et str\u00e5lende h\u00f8ydepunkt p\u00e5 Dan Styffes nye utgivelse, der han presenterer ny musikk for kontrabassen.<\/p>\n<h4>Rolf Martinssons konsert for Dan Styffe og hans Gaspar da Salo<\/h4>\n<p>Svenske Rolf Martinsson (1956) er anerkjent over hele verden som en av samtidens fremste orkesterkomponister. Musikken hans karakteriseres av en kraftfull stilistisk sikkerhet og eksepsjonelt musikalsk h\u00e5ndtverk. Nylig har hans klarinettkonsert for Martin Fr\u00f6st f\u00e5tt stor anerkjennelse. I kontrabasskonserten skriver han ikke bare spesifikt for Dan Styffe, men ogs\u00e5 for det fantastiske instrumentet Styffe spiller p\u00e5; en sjelden 1580 Gaspar de Salo, instrumentbyggeren som regnes for kontrabassens &#8216;far&#8217;. Konserten \u00e5pner i en nesten apokalyptisk stemning, og scenen er satt for en enormt virtuos og spektakul\u00e6r konsert full av farger og dynamikk.<\/p>\n<h4>Duoer av N\u00f8rg\u00e5rd og Thommessen<\/h4>\n<p>Den anerkjente fiolinisten Peter Herresthal inviteres med til duetter i to st\u00f8rre verker for fiolin og kontrabass. Olav Anton Thommessens \u00abLyrical Duet\u00bb er en samtale mellom kontrabassen og dens lilles\u00f8ster, fiolinen. Dialogen er mer energisk enn tittelen skulle tilsi; bevegelig og med en tidvis dramatisk retorikk. Per N\u00f8rg\u00e5rd, som feirer 80 \u00e5r i 2012, opererer med melodiske fragmenter i  \u00abSecret Voices\u00bb. Melodiene er i slekt med hverandre, men framst\u00e5r samtidig som del av noe st\u00f8rre, som i en uendelig labyrint. Verket er opprinnelig skrevet for bratsj solo med tittelen \u00abLa melodia segreta\u00bb, og har blitt arrangert for fiolin og kontrabass av den danske cellisten Jakob Kullberg.<\/p>\n<h4>Solostykker \u2013 b\u00e5de arkaiske og rent ut ut virtuost<\/h4>\n<p>Seks av verkene p\u00e5 denne utgivelsen er for solo kontrabass. Dimensjonene i instrumentet \u00e5pner store rom og muligheter for \u00e5 arbeide med klang. Lera Auerbachs vakre \u00abMemory of a Tango\u00bb, Scelsis meditative \u00abMantram\u00bb og Kurtags poetiske \u00abMessage\u00bb er fremtredende eksempler p\u00e5 dette. Hauta-aho og Salle viser i sine verker ogs\u00e5 de mer virtuose aspektene i moderne kontrabasspill.<\/p>\n<p><\/p>","protected":false},"excerpt":{"rendered":"<p>Sammen med sine medmusikanter i orkesteret og sjefdirigent Saraste presenterer han verdenspremieren p\u00e5 et stort, nytt verk for instrumentet, innspilt i forbindelse med urpremieren i Oslo Konserthus 7. april 2011.<\/p>\n","protected":false},"featured_media":27765,"comment_status":"closed","ping_status":"open","template":"","meta":[],"product_brand":[],"product_cat":[180],"product_tag":[],"class_list":{"0":"post-761","1":"product","2":"type-product","3":"status-publish","4":"has-post-thumbnail","6":"product_cat-simax-classics","7":"product_shipping_class-cddvd-shipping","8":"uni_artist_tag-bernard-salles","9":"uni_artist_tag-dan-styffe","10":"uni_artist_tag-erik-gard-amundsen","11":"uni_artist_tag-giacinto-scelsi","12":"uni_artist_tag-gyorgy-kurtag","13":"uni_artist_tag-jukka-pekka-saraste","14":"uni_artist_tag-lera-auerbach","15":"uni_artist_tag-olav-anton-thommessen","16":"uni_artist_tag-oslo-philharmonic-orchestra","17":"uni_artist_tag-per-norgard","18":"uni_artist_tag-peter-herresthal","19":"uni_artist_tag-rolf-martinsson","20":"uni_artist_tag-sean-lewis","21":"uni_artist_tag-teppo-hauta-aho","22":"uni_main_artist_tag-dan-styffe","23":"uni_artist_genre-chamber-music","24":"uni_artist_genre-concerto","25":"uni_artist_genre-contemporary-music","26":"uni_artist_genre-strings","28":"first","29":"instock","30":"taxable","31":"shipping-taxable","32":"purchasable","33":"product-type-simple"},"_links":{"self":[{"href":"https:\/\/grappa.no\/no\/wp-json\/wp\/v2\/product\/761","targetHints":{"allow":["GET"]}}],"collection":[{"href":"https:\/\/grappa.no\/no\/wp-json\/wp\/v2\/product"}],"about":[{"href":"https:\/\/grappa.no\/no\/wp-json\/wp\/v2\/types\/product"}],"replies":[{"embeddable":true,"href":"https:\/\/grappa.no\/no\/wp-json\/wp\/v2\/comments?post=761"}],"wp:featuredmedia":[{"embeddable":true,"href":"https:\/\/grappa.no\/no\/wp-json\/wp\/v2\/media\/27765"}],"wp:attachment":[{"href":"https:\/\/grappa.no\/no\/wp-json\/wp\/v2\/media?parent=761"}],"wp:term":[{"taxonomy":"product_brand","embeddable":true,"href":"https:\/\/grappa.no\/no\/wp-json\/wp\/v2\/product_brand?post=761"},{"taxonomy":"product_cat","embeddable":true,"href":"https:\/\/grappa.no\/no\/wp-json\/wp\/v2\/product_cat?post=761"},{"taxonomy":"product_tag","embeddable":true,"href":"https:\/\/grappa.no\/no\/wp-json\/wp\/v2\/product_tag?post=761"}],"curies":[{"name":"wp","href":"https:\/\/api.w.org\/{rel}","templated":true}]}}