{"id":760,"date":"2013-01-11T00:00:00","date_gmt":"2013-01-10T23:00:00","guid":{"rendered":"http:\/\/www.grappa.no\/albums\/uncategorized\/mozart-piano-concertos-nos-21-and-22\/"},"modified":"2020-05-22T19:10:02","modified_gmt":"2020-05-22T18:10:02","slug":"mozart-piano-concertos-nos-21-and-22","status":"publish","type":"product","link":"https:\/\/grappa.no\/no\/albums\/simax-classics\/mozart-piano-concertos-nos-21-and-22\/","title":{"rendered":"Mozart piano concertos nos. 21 and 22"},"content":{"rendered":"<p><\/p>\n<p>Str\u00e5lende Mozart-spill av Hadland<\/p>\n<p>Det har g\u00e5tt gjetord om Christian Ihle Hadlands Mozart-spill lenge. N\u00e5 er hans f\u00f8rste utgivelse med Mozart klar, og to av de mest kjente klaverkonsertene som st\u00e5r p\u00e5 programmet. Mozart stod p\u00e5 toppen av sin ber\u00f8mmelse i Wien da han skrev disse \u2013 alt han tok i ble umiddelbar suksess. Christian Ihle Hadland gir oss denne berusende f\u00f8lelsen av \u00e5 h\u00f8re Mozarts geni tydeliggjort i klang, frasering og rytmisk aksentuering. Hans spilleglede og gl\u00f8dende motivasjon drysser et englest\u00f8v over dem han spiller med &#8211; og oss som h\u00f8rer p\u00e5.<\/p>\n<p>Mozart-utgivelsen f\u00f8lger opp den kritikerroste Chopin\/Schumann platen fra 2010. Ihle Hadland ble i 2011 som f\u00f8rste nordmann en del av BBC New Generation Artists program, et h\u00f8ythengende to-\u00e5rig lanseringsprogram som presenterer \u2018The Stars of Tomorrow\u2019 innenfor den klassiske verden.<\/p>\n<p><!--more--><\/p>\n<p>Det har g\u00e5tt gjetord om Christian Ihle Hadlands Mozart-spill lenge. N\u00e5 er hans f\u00f8rste utgivelse med Mozart klar, og to av de mest kjente klaverkonsertene som st\u00e5r p\u00e5 programmet. Vi t\u00f8r v\u00e5ge p\u00e5standen at dette er det ypperste Mozart-spill fra noen norsk musiker, noensinne!<\/p>\n<h4>\u00abMusiker som f\u00e5r musikken til \u00e5 smile\u00bb<\/h4>\n<p>Disse to pianokonsertene ble skrevet da Mozart stod p\u00e5 toppen av sin ber\u00f8mmelse i Wien \u2013 alt han tok i ble umiddelbar suksess. Christian Ihle Hadland gir oss denne berusende f\u00f8lelsen av \u00e5 h\u00f8re Mozarts geni tydeliggjort i klang, frasering og rytmisk aksentuering. Hans spilleglede og gl\u00f8dende motivasjon drysser et englest\u00f8v over dem han spiller med &#8211; og oss som h\u00f8rer p\u00e5.<\/p>\n<h4>Amadeus<\/h4>\n<p>Milos Formans episke film \u00abAmadeus\u00bb hadde premiere i 1984, \u00e5ret etter Christian ble f\u00f8dt. M\u00e5ten komponisten blir fremstilt her gjorde mye for \u00e5 aktualisere ham hos yngre tilh\u00f8rere. Filmen fikk ogs\u00e5 stor innflytelse p\u00e5 unge Christian; som 6-\u00e5ring ble han totalt hektet etter \u00e5 ha sett den \u00e9n gang. Ikke bare p\u00e5 musikken; stemningen, klesstilen, parykkene\u2026 hele pakka. Dagen etter bar det avsted for \u00e5 kj\u00f8pe en kassett med bla. konsert nr. 21, og resten er historie.<\/p>\n<h4>Lykke her og n\u00e5<\/h4>\n<p>Enda mer film: \u00ab\u00c4r du lycklig?\u00bb sp\u00f8r Elvira Madigan sin utk\u00e5rede l\u00f8ytnant ute p\u00e5 engen i Bo Widerbergs film fra 1967. Filmen ble kjent fordi den for alvor bragte Mozart inn i den moderne tid for et bredt publikum: Over natten var andantesatsen fra Klaverkonsert nr. 21 en kjempehit. Da Christian i et intervju i 2005 ble spurt om fremtidsplaner for karrieren, svarte han: \u00abJeg \u00f8nsker absolutt ikke \u00e5 spikre et l\u00f8p, fordi jeg ikke vet hva som vil gj\u00f8re meg lykkelig om fem \u00e5r. Jeg kan bare se p\u00e5 hva som gj\u00f8r meg lykkelig her og n\u00e5.\u00bb I dag inneb\u00e6rer lykken \u00e5 v\u00e6re pappa til to \u00e5r gamle Benjamin, kunstnerisk ansvar for Stavanger Internasjonale Kammermusikkfestival, og n\u00e5 umiddelbart forest\u00e5ende: solo recital i Wigmore Hall i januar og turn\u00e9 med Bergen Filharmoniske i England direkte etterp\u00e5.<\/p>\n<p><\/p>","protected":false},"excerpt":{"rendered":"<p>\u2013 Han spiller seg rett og slett ut av enhver sammenligning. [\u2026] Det er noe fortrolig over Hadlands Mozart, uten at vi av den grunn blir mindre spent p\u00e5 hva han har \u00e5 si i neste takt. [5 St\u00e5le Wiksh\u00e5land \/ Dagbladet]<\/p>\n","protected":false},"featured_media":27763,"comment_status":"closed","ping_status":"open","template":"","meta":[],"product_brand":[],"product_cat":[180],"product_tag":[],"class_list":{"0":"post-760","1":"product","2":"type-product","3":"status-publish","4":"has-post-thumbnail","6":"product_cat-simax-classics","7":"product_shipping_class-cddvd-shipping","8":"uni_artist_tag-arvid-engegard","9":"uni_artist_tag-christian-ihle-hadland","10":"uni_artist_tag-krzysztof-drab","11":"uni_artist_tag-oslo-philharmonic-orchestra","12":"uni_artist_tag-wolfgang-amadeus-mozart","13":"uni_main_artist_tag-christian-ihle-hadland","14":"uni_artist_genre-concerto","15":"uni_artist_genre-easy-listening","16":"uni_artist_genre-nominated-for-norwegian-grammy-nominert-til-spellemannprisen","17":"uni_artist_genre-piano","19":"first","20":"instock","21":"taxable","22":"shipping-taxable","23":"purchasable","24":"product-type-simple"},"_links":{"self":[{"href":"https:\/\/grappa.no\/no\/wp-json\/wp\/v2\/product\/760","targetHints":{"allow":["GET"]}}],"collection":[{"href":"https:\/\/grappa.no\/no\/wp-json\/wp\/v2\/product"}],"about":[{"href":"https:\/\/grappa.no\/no\/wp-json\/wp\/v2\/types\/product"}],"replies":[{"embeddable":true,"href":"https:\/\/grappa.no\/no\/wp-json\/wp\/v2\/comments?post=760"}],"wp:featuredmedia":[{"embeddable":true,"href":"https:\/\/grappa.no\/no\/wp-json\/wp\/v2\/media\/27763"}],"wp:attachment":[{"href":"https:\/\/grappa.no\/no\/wp-json\/wp\/v2\/media?parent=760"}],"wp:term":[{"taxonomy":"product_brand","embeddable":true,"href":"https:\/\/grappa.no\/no\/wp-json\/wp\/v2\/product_brand?post=760"},{"taxonomy":"product_cat","embeddable":true,"href":"https:\/\/grappa.no\/no\/wp-json\/wp\/v2\/product_cat?post=760"},{"taxonomy":"product_tag","embeddable":true,"href":"https:\/\/grappa.no\/no\/wp-json\/wp\/v2\/product_tag?post=760"}],"curies":[{"name":"wp","href":"https:\/\/api.w.org\/{rel}","templated":true}]}}