{"id":759,"date":"2013-08-30T00:00:00","date_gmt":"2013-08-29T23:00:00","guid":{"rendered":"http:\/\/www.grappa.no\/albums\/uncategorized\/edvard-munch-suite-with-henning-kraggerud-limited-edition-including-15-reproductions-by-edvard-munch\/"},"modified":"2019-02-22T16:04:42","modified_gmt":"2019-02-22T15:04:42","slug":"edvard-munch-suite-with-henning-kraggerud-limited-edition-including-15-reproductions-by-edvard-munch","status":"publish","type":"product","link":"https:\/\/grappa.no\/no\/albums\/simax-classics\/edvard-munch-suite-with-henning-kraggerud-limited-edition-including-15-reproductions-by-edvard-munch\/","title":{"rendered":"Edvard Munch Suite with Henning Kraggerud (Limited Edition including 15 reproductions by Edvard Munch)"},"content":{"rendered":"<p><\/p>\n<p>Henning Kraggerud tolker Munch i musikk<\/p>\n<p>En unik praktutgivelse som feirer Munchs billedkunst i musikk! Henning Kraggerud fremf\u00f8rer 15 nye stykker for solo fiolin i en suite: musikk som er skrevet direkte til 15 av Edvard Munchs bilder fra \u00c5sg\u00e5rdstrand. Utgivelsen presenteres i en vakker boks som ogs\u00e5 inneholder kort med Munchs bilder i jubileums\u00e5ret 2013. Limited Edition.<\/p>\n<p>Festspillene i Vestfold fikk ideen om \u00e5 la v\u00e5r egen tids komponister tolke Munchs sterke visuelle utrykk gjennom sin musikk. N\u00e5r den verdenskjente fiolinisten Henning Kraggerud ogs\u00e5 tente p\u00e5 prosjektet ble det mulig \u00e5 velge p\u00e5 \u00f8verste hylle blant internasjonale komponister. Mange av de mest kjente Munch-bildene er med: Tr\u00e6r ved stranden (Linde-frisen) 1904 \u00b7 To mennesker. De ensomme 1933-35 \u00b7 Damene p\u00e5 broen 1934-40 \u00b7 Unge mennesker p\u00e5 stranden (Linde-frisen) 1904 \u00b7 Kyss p\u00e5 stranden i m\u00e5neskinn 1914 \u00b7 Badende kvinne og barn 1930-35 \u00b7 M\u00f8te 1921 \u00b7 M\u00e5neskinn over sj\u00f8en 1904 \u00b7 Aftenstund 1925-27 \u00b7 Kvinnen 1925 \u00b7 Aske 1925 \u00b7 Mann og kvinne p\u00e5 stranden 1907 \u00b7 Strand 1904 \u00b7 Livets dans 1925 \u00b7 To kvinner p\u00e5 stranden 1933-35<\/p>\n<p><!--more--><\/p>\n<p>En unik praktutgivelse som feirer Munchs billedkunst i musikk! Henning Kraggerud fremf\u00f8rer 15 nye stykker for solo fiolin i en suite: musikk som er skrevet direkte til 15 av Edvard Munchs bilder fra \u00c5sg\u00e5rdstrand. Utgivelsen presenteres i en vakker boks som ogs\u00e5 inneholder kort med Munchs bilder i jubileums\u00e5ret 2013. Limited Edition.<\/p>\n<h4>10 forskjellige nasjonaliteter inspirert av Munch skriver for Henning Kraggerud<\/h4>\n<p>Det er flere aspekter som gjorde at det \u00f8nskede knippe komponister ikke var vanskelige \u00e5 be til dette prosjektet. \u00c9n ting var det eksotiske i utfordringen: \u00c5 skrive musikk direkte inspirert av et bilde av Edvard Munch blir man ikke bedt om hver dag! Men kanskje like s\u00e5 besn\u00e6rende var ideen om \u00e5 kunne skrive et solostykke spesielt for en av samtidens mest anerkjente fiolinsolister: Henning Kraggerud.<\/p>\n<h4>&#8216;Kj\u00e6rlighetens strand&#8217;. Eksklusiv ur-premiere utvikles videre<\/h4>\n<p>I 2010 fikk suiten sin f\u00f8rste fremf\u00f8ring i Haugar Vestfold Kunstmuseum, og hvert stykke ble spilt foran &#8216;sitt&#8217;. Det ble eksklusive fremf\u00f8ringer, bare 60 personer fikk plass i salen av gangen. I forbindelse med denne utgivelsen har Kraggerud utarbeidet en konsertforestilling der bildene projiseres i st\u00f8rre konsertsaler, og interessen for konseptet er stor. Anledningen til \u00e5 kunne oppleve musikalske fortolkninger av Edvard Munch i sanntid, med komponist og solist som kuratorer, \u00e5pner for upr\u00f8vde og spennende koblinger mellom kunstverk og publikum. N\u00e5 i juni fremf\u00f8rer Henning suiten b\u00e5de under Vestfoldfestspillene og under Ris\u00f8r Kammermusikkfestival.<\/p>\n<h4>Bildene fra \u00c5sg\u00e5rdstrand<\/h4>\n<p>Edvard Munch: Tr\u00e6r ved stranden (Linde-frisen) 1904 \u00b7 To mennesker. De ensomme 1933-35 \u00b7 Damene p\u00e5 broen 1934-40 \u00b7 Unge mennesker p\u00e5 stranden (Linde-frisen) 1904 \u00b7 Kyss p\u00e5 stranden i m\u00e5neskinn 1914 \u00b7 Badende kvinne og barn 1930-35 \u00b7 M\u00f8te 1921 \u00b7 M\u00e5neskinn over sj\u00f8en 1904 \u00b7 Aftenstund 1925-27 \u00b7 Kvinnen 1925 \u00b7 Aske 1925 \u00b7 Mann og kvinne p\u00e5 stranden 1907 \u00b7 Strand 1904 \u00b7 Livets dans 1925 \u00b7 To kvinner p\u00e5 stranden 1933-35<\/p>\n<p><\/p>","protected":false},"excerpt":{"rendered":"<p>Edvard Munchs bilder tolket i musikk \u2013 fremf\u00f8rt av Henning Kraggerud. En nydelig spesialutgivelse med 15 reproduksjoner av Munchs bilder.<\/p>\n","protected":false},"featured_media":27759,"comment_status":"closed","ping_status":"open","template":"","meta":[],"product_brand":[],"product_cat":[180],"product_tag":[],"class_list":{"0":"post-759","1":"product","2":"type-product","3":"status-publish","4":"has-post-thumbnail","6":"product_cat-simax-classics","7":"product_shipping_class-cddvd-shipping","8":"uni_artist_tag-aaron-jay-kernis","9":"uni_artist_tag-alissa-firsova","10":"uni_artist_tag-athanasia-tzanou","11":"uni_artist_tag-daniel-nelson","12":"uni_artist_tag-fabian-muller","13":"uni_artist_tag-gabriel-kahane","14":"uni_artist_tag-henning-kraggerud","15":"uni_artist_tag-laurent-petitgirard","16":"uni_artist_tag-marcus-paus","17":"uni_artist_tag-maria-koval","18":"uni_artist_tag-nadij-hakim","19":"uni_artist_tag-olav-anton-thommessen","20":"uni_artist_tag-ondrej-kukal","21":"uni_artist_tag-peter-seabourne","22":"uni_artist_tag-rolf-martinsson","23":"uni_artist_tag-sean-lewis","24":"uni_artist_tag-stale-kleiberg","25":"uni_main_artist_tag-henning-kraggerud","26":"uni_artist_genre-contemporary-music","27":"uni_artist_genre-solo","28":"uni_artist_genre-strings","30":"first","31":"instock","32":"taxable","33":"shipping-taxable","34":"purchasable","35":"product-type-simple"},"_links":{"self":[{"href":"https:\/\/grappa.no\/no\/wp-json\/wp\/v2\/product\/759","targetHints":{"allow":["GET"]}}],"collection":[{"href":"https:\/\/grappa.no\/no\/wp-json\/wp\/v2\/product"}],"about":[{"href":"https:\/\/grappa.no\/no\/wp-json\/wp\/v2\/types\/product"}],"replies":[{"embeddable":true,"href":"https:\/\/grappa.no\/no\/wp-json\/wp\/v2\/comments?post=759"}],"wp:featuredmedia":[{"embeddable":true,"href":"https:\/\/grappa.no\/no\/wp-json\/wp\/v2\/media\/27759"}],"wp:attachment":[{"href":"https:\/\/grappa.no\/no\/wp-json\/wp\/v2\/media?parent=759"}],"wp:term":[{"taxonomy":"product_brand","embeddable":true,"href":"https:\/\/grappa.no\/no\/wp-json\/wp\/v2\/product_brand?post=759"},{"taxonomy":"product_cat","embeddable":true,"href":"https:\/\/grappa.no\/no\/wp-json\/wp\/v2\/product_cat?post=759"},{"taxonomy":"product_tag","embeddable":true,"href":"https:\/\/grappa.no\/no\/wp-json\/wp\/v2\/product_tag?post=759"}],"curies":[{"name":"wp","href":"https:\/\/api.w.org\/{rel}","templated":true}]}}