{"id":758,"date":"2011-10-14T00:00:00","date_gmt":"2011-10-13T23:00:00","guid":{"rendered":"http:\/\/www.grappa.no\/albums\/uncategorized\/valkyrien-allstars-ingen-hverdag\/"},"modified":"2020-03-02T13:14:08","modified_gmt":"2020-03-02T12:14:08","slug":"valkyrien-allstars-ingen-hverdag","status":"publish","type":"product","link":"https:\/\/grappa.no\/no\/albums\/heilo\/valkyrien-allstars-ingen-hverdag\/","title":{"rendered":"Valkyrien Allstars \u2013 Ingen hverdag"},"content":{"rendered":"<p><\/p>\n<p>Her er Valkyrien Allstars tredje album! <\/p>\n<p>Valkyrien Allstars har siden oppstarten i 2005 v\u00e6rt et sant unikum i norsk musikk, og har rukket \u00e5 bli en musikalsk attraksjon over store deler av verden med sin nyskapende, norske folketoner. Tuva Syvertsen (vokal, hardingfele), Ola Hilmen (hardingfele) og Erik Sollid (hardingfele) har siden 2005 utgjort Valkyrien Allstars, oppkalt etter sitt lokale vannhull p\u00e5 Majorstua i Oslo. I 2006 var de finalister i NRK-programmet &quot;Kjempesjansen&quot; og \u00e5ret etter vant de plateselskapet Grappas debutantpris.<\/p>\n<p>Bandet beskriver sitt nye album som &quot;en balansert blanding og videref\u00f8ring av de to f\u00f8rste albumene&quot;, og som viser et band mer samspilt og musikalsk finjustert enn noen gang. Nok en gang produsert av Aslak D\u00f8rum, ble albumet spilt inn i Svenska Grammofonstudion i G\u00f8teborg tidligere i \u00e5r, med gruppa selv som komponister og arrang\u00f8rer. Tekstene er denne gangen hentet fra ulike forfattere som Olav H. Hauge, Gunvor Hofmo, Inger Hagerup, Andre Bjercke og Margrethe Munthe, samt et par egenskrevne tekster av Tuva Syvertsen.<\/p>\n<p><!--more--><\/p>\n<p>Valkyrien Allstars har siden oppstarten i 2005 v\u00e6rt et sant unikum i norsk musikk, og har rukket \u00e5 bli en musikalsk attraksjon over store deler av verden med sin nyskapende, norske folketoner. Her er Valkyrien Allstars tredje album!<\/p>\n<h4>Kunstnerisk og kommersiell suksess<\/h4>\n<p>Det selvtitulerte debutalbumet ble en kunstnerisk og kommersiell suksess, med godt over 20 000 solgte plater og nominasjon som \u00e5rets nykommer under Spellemannprisen. I 2008 ble Valkyrien Allstars ogs\u00e5 tildelt Folkelarmprisen som \u00e5rets nykommere og som \u00e5rets folkemusikere. \u00c5ret etter ga gruppa ut oppf\u00f8lgeralbumet &quot;To m\u00e5ner&quot;, som p\u00e5 tross av sitt roligere og mer ettertenksomme uttrykk solgte hele 8000 eksemplarer da det kom ut.<\/p>\n<h4>Stor Norgesturn\u00e9!<\/h4>\n<p>Og n\u00e5 er de tilbake. 14. oktober lanseres det som av bandet selv beskrives som &quot;en balansert blanding og videref\u00f8ring av de to f\u00f8rste albumene&quot;, og som viser et band mer samspilt og musikalsk finjustert enn noen gang. Nok en gang produsert av Aslak D\u00f8rum, ble albumet spilt inn i Svenska Grammofonstudion i G\u00f8teborg tidligere i \u00e5r, med gruppa selv som komponister og arrang\u00f8rer. Tekstene er denne gangen hentet fra ulike forfattere som Olav H. Hauge, Gunvor Hofmo, Inger Hagerup, Andre Bjercke og Margrethe Munthe, samt et par egenskrevne tekster av Tuva Syvertsen. Denne h\u00f8sten legger bandet ogs\u00e5 ut p\u00e5 en forlenget norgesturn\u00e9, der sv\u00e6rt mye av landet vil bli bes\u00f8kt. Spenn dere fast!<\/p>\n<h4><\/h4>\n<\/p>\n<p><\/p>","protected":false},"excerpt":{"rendered":"<p>Spenn dere fast!<\/p>\n","protected":false},"featured_media":27304,"comment_status":"closed","ping_status":"open","template":"","meta":[],"product_brand":[],"product_cat":[35],"product_tag":[],"class_list":{"0":"post-758","1":"product","2":"type-product","3":"status-publish","4":"has-post-thumbnail","6":"product_cat-heilo","7":"product_shipping_class-cddvd-shipping","8":"uni_artist_tag-anders-erik-roine","9":"uni_artist_tag-anders-lofberg","10":"uni_artist_tag-aslak-dorum","11":"uni_artist_tag-erik-sollid","12":"uni_artist_tag-magnus-larsen","13":"uni_artist_tag-martin-langlie","14":"uni_artist_tag-mikael-lindqvist","15":"uni_artist_tag-trad","16":"uni_artist_tag-tuva-livsdatter-syvertsen","17":"uni_artist_tag-valkyrien-allstars","18":"uni_main_artist_tag-valkyrien-allstars","19":"uni_artist_genre-folk-music","20":"uni_artist_genre-rock","22":"first","23":"instock","24":"taxable","25":"shipping-taxable","26":"purchasable","27":"product-type-simple"},"_links":{"self":[{"href":"https:\/\/grappa.no\/no\/wp-json\/wp\/v2\/product\/758","targetHints":{"allow":["GET"]}}],"collection":[{"href":"https:\/\/grappa.no\/no\/wp-json\/wp\/v2\/product"}],"about":[{"href":"https:\/\/grappa.no\/no\/wp-json\/wp\/v2\/types\/product"}],"replies":[{"embeddable":true,"href":"https:\/\/grappa.no\/no\/wp-json\/wp\/v2\/comments?post=758"}],"wp:featuredmedia":[{"embeddable":true,"href":"https:\/\/grappa.no\/no\/wp-json\/wp\/v2\/media\/27304"}],"wp:attachment":[{"href":"https:\/\/grappa.no\/no\/wp-json\/wp\/v2\/media?parent=758"}],"wp:term":[{"taxonomy":"product_brand","embeddable":true,"href":"https:\/\/grappa.no\/no\/wp-json\/wp\/v2\/product_brand?post=758"},{"taxonomy":"product_cat","embeddable":true,"href":"https:\/\/grappa.no\/no\/wp-json\/wp\/v2\/product_cat?post=758"},{"taxonomy":"product_tag","embeddable":true,"href":"https:\/\/grappa.no\/no\/wp-json\/wp\/v2\/product_tag?post=758"}],"curies":[{"name":"wp","href":"https:\/\/api.w.org\/{rel}","templated":true}]}}