{"id":757,"date":"2011-05-27T00:00:00","date_gmt":"2011-05-26T23:00:00","guid":{"rendered":"http:\/\/www.grappa.no\/albums\/uncategorized\/fuggeln\/"},"modified":"2016-08-15T15:08:12","modified_gmt":"2016-08-15T14:08:12","slug":"fuggeln","status":"publish","type":"product","link":"https:\/\/grappa.no\/no\/albums\/heilo\/fuggeln\/","title":{"rendered":"Fuggel\u00b4n"},"content":{"rendered":"<p><\/p>\n<p>Ingebj\u00f8r S\u00f8rb\u00f8en: Fuggel\u2019n<\/p>\n<p>Ingebj\u00f8r S\u00f8rb\u00f8en er en av de kommende stjernene p\u00e5 folkemusikkhimmelen. N\u00e5 kommer debutalbumet! Det var viktig for Ingebj\u00f8r \u00e5 ta utgangspunkt i sine r\u00f8tter p\u00e5 debutalbumet. Hun er kjent for \u00e5 ha sitt eget uttrykk i musikken, med variasjoner fra takt og driv til s\u00e5re toner og melankoli. Albumet er hovedsakelig et soloalbum, men kjente musikere som Arne Mosl\u00e5tten og Jo Asgeir Lie medvirker p\u00e5 flere av sl\u00e5ttene. Margit Myhr synger p\u00e5 tre av av dem. <\/p>\n<p>Ingebj\u00f8r S\u00f8rb\u00f8en kommer fra \u00c5l i Hallingdal og spiller stoff som hovedsakelig er fra Hallingdal p\u00e5 hardingfele\/fele. Til tross for sin unge alder har hun utallige spillejobber bak seg i b\u00e5de Norge og utlandet. Ingebj\u00f8r gikk rett inn p\u00e5 Ole Bull Akademiet etter videreg\u00e5ende skole, der hun har fordypet seg i sin egen tradisjon.<\/p>\n<p><!--more--><\/p>\n<h4><\/h4>\n<\/p>\n<h4><\/h4>\n<p><h4><\/h4>\n<\/p>\n<p><\/p>","protected":false},"excerpt":{"rendered":"<p>Ny stjerne p\u00e5 folkemusikkhimmelen!<\/p>\n","protected":false},"featured_media":27298,"comment_status":"closed","ping_status":"open","template":"","meta":[],"product_brand":[],"product_cat":[35],"product_tag":[],"class_list":{"0":"post-757","1":"product","2":"type-product","3":"status-publish","4":"has-post-thumbnail","6":"product_cat-heilo","7":"product_shipping_class-cddvd-shipping","8":"uni_artist_tag-arne-moslatten","9":"uni_artist_tag-aslak-sandestolen","10":"uni_artist_tag-dordei-hallingstad","11":"uni_artist_tag-gunn-solvi-gausemel","12":"uni_artist_tag-gunnlaug-lien-myhr","13":"uni_artist_tag-ingebjor-sorboen","14":"uni_artist_tag-jo-asgeir-lie","15":"uni_artist_tag-margit-myhr","16":"uni_artist_tag-olav-sataslatten","17":"uni_artist_tag-trad","18":"uni_main_artist_tag-ingebjor-sorboen","19":"uni_artist_genre-folk-music","20":"uni_artist_genre-traditional","22":"first","23":"instock","24":"taxable","25":"shipping-taxable","26":"purchasable","27":"product-type-simple"},"_links":{"self":[{"href":"https:\/\/grappa.no\/no\/wp-json\/wp\/v2\/product\/757","targetHints":{"allow":["GET"]}}],"collection":[{"href":"https:\/\/grappa.no\/no\/wp-json\/wp\/v2\/product"}],"about":[{"href":"https:\/\/grappa.no\/no\/wp-json\/wp\/v2\/types\/product"}],"replies":[{"embeddable":true,"href":"https:\/\/grappa.no\/no\/wp-json\/wp\/v2\/comments?post=757"}],"wp:featuredmedia":[{"embeddable":true,"href":"https:\/\/grappa.no\/no\/wp-json\/wp\/v2\/media\/27298"}],"wp:attachment":[{"href":"https:\/\/grappa.no\/no\/wp-json\/wp\/v2\/media?parent=757"}],"wp:term":[{"taxonomy":"product_brand","embeddable":true,"href":"https:\/\/grappa.no\/no\/wp-json\/wp\/v2\/product_brand?post=757"},{"taxonomy":"product_cat","embeddable":true,"href":"https:\/\/grappa.no\/no\/wp-json\/wp\/v2\/product_cat?post=757"},{"taxonomy":"product_tag","embeddable":true,"href":"https:\/\/grappa.no\/no\/wp-json\/wp\/v2\/product_tag?post=757"}],"curies":[{"name":"wp","href":"https:\/\/api.w.org\/{rel}","templated":true}]}}