{"id":756,"date":"2011-04-18T00:00:00","date_gmt":"2011-04-17T23:00:00","guid":{"rendered":"http:\/\/www.grappa.no\/albums\/uncategorized\/vidar-busk-his-true-believers-stompin-our-feet-with-joy\/"},"modified":"2016-08-15T15:08:11","modified_gmt":"2016-08-15T14:08:11","slug":"vidar-busk-his-true-believers-stompin-our-feet-with-joy","status":"publish","type":"product","link":"https:\/\/grappa.no\/no\/albums\/grappa\/vidar-busk-his-true-believers-stompin-our-feet-with-joy\/","title":{"rendered":"Vidar Busk &amp; His True Believers: Stompin\u2019 Our Feet With Joy"},"content":{"rendered":"<p><\/p>\n<p>Reutgivelse av Busk-klassiker<\/p>\n<p>15 \u00e5r etter bandets opprinnelse i 1996 har Vidar Busk samlet originalbesetningen i True Believers til gjenforening. Suksessplaten \u201dStompin\u2019 Our Feet With Joy\u201d er tilbake \u2013 remastret og med nyinnspilte l\u00e5ter! Vidar Busk, Rune Endal, Arne Fjell Rasmussen og Martin Windstad byr opp til nostalgi og fest! I 1997 fikk Vidar sitt gjennombrudd som artist med utgivelsen \u201dStompin\u2019 Our Feet With Joy\u201d. Platen fikk meget stor oppmerksomhet b\u00e5de her hjemme og i utlandet, og den ble etter hvert en klassiker i blueskretser. Vidar Busk plasserte seg raskt i eliteklassen som gitarist og var de p\u00e5f\u00f8lgende \u00e5rene det store forbildet for bluesgitarister i b\u00e5de Norge og ellers i Skandinavia. \u201dStompin\u2019 Our Feet With Joy\u201d fikk jublende kritikker da den kom p\u00e5 markedet sommeren 1997. De senere \u00e5rene har den ikke v\u00e6rt tilgjengelig, men det blir det en forandring p\u00e5 n\u00e5. Dette er ei plate alle m\u00e5 ha!<\/p>\n<p><!--more--><\/p>\n<p>15 \u00e5r etter bandets opprinnelse i 1996 har Vidar Busk samlet originalbesetningen i True Believers til gjenforening. Suksessplaten \u201dStompin\u2019 Our Feet With Joy\u201d  er tilbake \u2013 remastret og med nyinnspilte l\u00e5ter!<\/p>\n<h4>Klassiker<\/h4>\n<p>I 1997 fikk Vidar sitt gjennombrudd som artist med utgivelsen \u201dStompin\u2019 Our Feet With Joy\u201d. Platen fikk meget stor oppmerksomhet b\u00e5de her hjemme og i utlandet, og den ble etter hvert en klassiker i blueskretser. Etter en opptreden p\u00e5 Notodden Blues Festival samme \u00e5r, hadde Vidar Busk plassert seg i eliteklassen som gitarist og var de p\u00e5f\u00f8lgende \u00e5rene det store forbildet for bluesgitarister i b\u00e5de Norge og ellers i Skandinavia. Som et bevis p\u00e5 platesuksessen og gjennombruddet med True Believers mottok Vidar i 1997 Notodden Blues Festivals hederspris.<\/p>\n<h4>Endelig tilbake<\/h4>\n<p>Oppf\u00f8lgeralbumet \u201dI Came Here To Rock\u201d kom \u00e5ret etter og sikret Vidar en Spellemannpris som \u00c5rets artist i 1998. Etter utallige konserter ble bandet lagt p\u00e5 is da Vidar Busk tok en ny musikalsk vei med platene \u201dVenus Texas\u201d, \u201dLove Buzz\u201d og \u201dStarfish\u201d. \u201dStompin\u2019 Our Feet With Joy\u201d fikk jublende kritikker da den kom p\u00e5 markedet sommeren 1997. De senere \u00e5rene har den ikke v\u00e6rt tilgjengelig, men det blir det en forandring p\u00e5 n\u00e5. Dette er ei plate alle m\u00e5 ha!<\/p>\n<h4><\/h4>\n<\/p>\n<p><\/p>","protected":false},"excerpt":{"rendered":"<p>Suksessplaten \u201dStompin\u2019 Our Feet With Joy\u201d er tilbake \u2013 remastret og med nyinnspilte l\u00e5ter!<\/p>\n","protected":false},"featured_media":27048,"comment_status":"closed","ping_status":"open","template":"","meta":[],"product_brand":[],"product_cat":[6],"product_tag":[],"class_list":{"0":"post-756","1":"product","2":"type-product","3":"status-publish","4":"has-post-thumbnail","6":"product_cat-grappa","7":"product_shipping_class-cddvd-shipping","8":"uni_artist_tag-arne-fjeld-rasmussen","9":"uni_artist_tag-chester-a-burnett","10":"uni_artist_tag-dag-yri","11":"uni_artist_tag-david-rock-bottom-york","12":"uni_artist_tag-ellas-mcdaniel","13":"uni_artist_tag-f-king","14":"uni_artist_tag-frankie-lee-sems","15":"uni_artist_tag-johnny-augland","16":"uni_artist_tag-lloyd-price","17":"uni_artist_tag-martin-windstad","18":"uni_artist_tag-roy-book-binder","19":"uni_artist_tag-rudy-toombs","20":"uni_artist_tag-rune-endal","21":"uni_artist_tag-tampa-red","22":"uni_artist_tag-vidar-busk","23":"uni_main_artist_tag-vidar-busk","24":"uni_artist_genre-blues","25":"uni_artist_genre-rock","27":"first","28":"instock","29":"taxable","30":"shipping-taxable","31":"purchasable","32":"product-type-simple"},"_links":{"self":[{"href":"https:\/\/grappa.no\/no\/wp-json\/wp\/v2\/product\/756","targetHints":{"allow":["GET"]}}],"collection":[{"href":"https:\/\/grappa.no\/no\/wp-json\/wp\/v2\/product"}],"about":[{"href":"https:\/\/grappa.no\/no\/wp-json\/wp\/v2\/types\/product"}],"replies":[{"embeddable":true,"href":"https:\/\/grappa.no\/no\/wp-json\/wp\/v2\/comments?post=756"}],"wp:featuredmedia":[{"embeddable":true,"href":"https:\/\/grappa.no\/no\/wp-json\/wp\/v2\/media\/27048"}],"wp:attachment":[{"href":"https:\/\/grappa.no\/no\/wp-json\/wp\/v2\/media?parent=756"}],"wp:term":[{"taxonomy":"product_brand","embeddable":true,"href":"https:\/\/grappa.no\/no\/wp-json\/wp\/v2\/product_brand?post=756"},{"taxonomy":"product_cat","embeddable":true,"href":"https:\/\/grappa.no\/no\/wp-json\/wp\/v2\/product_cat?post=756"},{"taxonomy":"product_tag","embeddable":true,"href":"https:\/\/grappa.no\/no\/wp-json\/wp\/v2\/product_tag?post=756"}],"curies":[{"name":"wp","href":"https:\/\/api.w.org\/{rel}","templated":true}]}}