{"id":755,"date":"2011-08-26T00:00:00","date_gmt":"2011-08-25T23:00:00","guid":{"rendered":"http:\/\/www.grappa.no\/albums\/uncategorized\/orbo-prairie-sun\/"},"modified":"2017-05-02T08:02:38","modified_gmt":"2017-05-02T07:02:38","slug":"orbo-prairie-sun","status":"publish","type":"product","link":"https:\/\/grappa.no\/no\/albums\/blue-mood-records\/orbo-prairie-sun\/","title":{"rendered":"Orbo: Prairie Sun"},"content":{"rendered":"<p><\/p>\n<p>&#8216;Bergens Beste Band&#8217;<\/p>\n<p>Albumet ble innspilt hovedsaklig ute p\u00e5 pr\u00e6rien i California, i studioet med samme navn &#8216;Prairie Sun Recording Studio&#8217; &#8211; brukt bl.a av Tom Waits, Grateful Dead m.fl.<br \/>\nEtter turn\u00e9 og innspilling p\u00e5 vestkysten gikk turen videre til Nashville, Oslo og s\u00e5 Nashville igjen, for \u00e5 f\u00e5 p\u00e5 bl.a Delbert McClinton og bandets norske bl\u00e5serrekke The Longshots Longhorns.<\/p>\n<p>&#8216;Prairie Sun&#8217; blir bandets f\u00f8rste offisielle utgivelse i USA. H\u00f8sten 2011 skal albumet promoteres og utgis i samarbeid med Grappa, Rainmaker Mgmt og Sony. Bandet er allerede plukket ut til \u00e5 spille p\u00e5 &#8216;Americana Music Association Conference&#8217; i Nashville i Oktober. P\u00e5 albumet finner man 13 nye l\u00e5ter signert Orbo eller Orbo og Ine Tumyr. Orbo &amp; The Longshots har spilt sammen i 11 \u00e5r, og vant Spellemannspris i 2008\/09 for albumet &#8216;High Roller&#8217;. De er i 2011 nominert til &#8216;Bergens Beste Band&#8217; av Bergens Tidende. Tom Petty har uttalt: &#8216;I love this band&#8217;.<\/p>\n<p><!--more--><\/p>\n<h4><\/h4>\n<\/p>\n<h4><\/h4>\n<p><h4><\/h4>\n<\/p>\n<p><\/p>","protected":false},"excerpt":{"rendered":"<p>Tom Petty: \u201cI love this band\u201d<\/p>\n","protected":false},"featured_media":26889,"comment_status":"closed","ping_status":"open","template":"","meta":[],"product_brand":[],"product_cat":[51],"product_tag":[],"class_list":{"0":"post-755","1":"product","2":"type-product","3":"status-publish","4":"has-post-thumbnail","6":"product_cat-blue-mood-records","7":"product_shipping_class-cddvd-shipping","8":"uni_artist_tag-delbert-mcclinton","9":"uni_artist_tag-erick-jaskowiak","10":"uni_artist_tag-fats-kaplin","11":"uni_artist_tag-ine-tumyr","12":"uni_artist_tag-john-jorgenson","13":"uni_artist_tag-mike-henderson","14":"uni_artist_tag-orbo-the-longshots","15":"uni_artist_tag-orbo-ole-reinert-berg-olsen","16":"uni_artist_tag-the-longshot-longhorns","17":"uni_main_artist_tag-orbo-the-longshots","18":"uni_artist_genre-blues","19":"uni_artist_genre-rock","20":"uni_artist_genre-roots","22":"first","23":"instock","24":"taxable","25":"shipping-taxable","26":"purchasable","27":"product-type-simple"},"_links":{"self":[{"href":"https:\/\/grappa.no\/no\/wp-json\/wp\/v2\/product\/755","targetHints":{"allow":["GET"]}}],"collection":[{"href":"https:\/\/grappa.no\/no\/wp-json\/wp\/v2\/product"}],"about":[{"href":"https:\/\/grappa.no\/no\/wp-json\/wp\/v2\/types\/product"}],"replies":[{"embeddable":true,"href":"https:\/\/grappa.no\/no\/wp-json\/wp\/v2\/comments?post=755"}],"wp:featuredmedia":[{"embeddable":true,"href":"https:\/\/grappa.no\/no\/wp-json\/wp\/v2\/media\/26889"}],"wp:attachment":[{"href":"https:\/\/grappa.no\/no\/wp-json\/wp\/v2\/media?parent=755"}],"wp:term":[{"taxonomy":"product_brand","embeddable":true,"href":"https:\/\/grappa.no\/no\/wp-json\/wp\/v2\/product_brand?post=755"},{"taxonomy":"product_cat","embeddable":true,"href":"https:\/\/grappa.no\/no\/wp-json\/wp\/v2\/product_cat?post=755"},{"taxonomy":"product_tag","embeddable":true,"href":"https:\/\/grappa.no\/no\/wp-json\/wp\/v2\/product_tag?post=755"}],"curies":[{"name":"wp","href":"https:\/\/api.w.org\/{rel}","templated":true}]}}