{"id":753,"date":"2011-03-04T00:00:00","date_gmt":"2011-03-03T23:00:00","guid":{"rendered":"http:\/\/www.grappa.no\/albums\/uncategorized\/kjaerlighet-aerlighet-1\/"},"modified":"2016-11-18T16:39:00","modified_gmt":"2016-11-18T15:39:00","slug":"kjaerlighet-aerlighet-1","status":"publish","type":"product","link":"https:\/\/grappa.no\/no\/albums\/grappa\/kjaerlighet-aerlighet-1\/","title":{"rendered":"Kj\u00e6rlighet &amp; \u00c6rlighet 1"},"content":{"rendered":"<p><\/p>\n<p>\u00c9n av tre doble!<\/p>\n<p>En mann som lenge har tilh\u00f8rt de gamle unge, gleder seg veldig til \u00e5 bli en av de unge gamle. Derfor vil han gjerne i dette \u00e5ret velsigne folket med seksti, alts\u00e5 60 nye l\u00e5ter. \u201dKan det n\u00e5 v\u00e6re n\u00f8dvendig \u00e5 f\u00e5 et helt takras med Eggum i hodet?\u201d, tenker kanskje du og her kommer selvsagt Eggum deg i m\u00f8te i stor forst\u00e5else. For han slipper ikke ut alle seksti l\u00e5tene p\u00e5 \u00e8n gang. Det blir 3 dobbeltCDer.<\/p>\n<p>Nok en gang makter Jan Eggum \u00e5 tonsette og ordlegge tiden vi lever i, der han betrakter oss i smug fra sitt faste caf\u00e8bord. Jan Eggum har i sitt 60. \u00e5r igjen bev\u00e6pnet sitt cafebord med en bitters\u00f8t penn og fengende l\u00e5ter. Fra denne posisjonen ser han det moderne, urbane mennesket komme og g\u00e5, og denne gang er han rausere og varmere med oss. Denne platen inneholder skarpe og vare betrakninger om moderne mennesker p\u00e5 jakt etter noen \u00e5 holde fast i, n\u00e5r kvelden kommer. Eggums personer ser ut til \u00e5 foretrekke en ensomhet midt i folksomme lokaler. De g\u00e5r n\u00e5 der og er ikke s\u00e6rlig forn\u00f8yd med livene sine uansett hvor mye velstand de m\u00e5tte ha i banken. De g\u00e5r n\u00e5 der og leter etter noen som er ute i samme \u00e6rend.<\/p>\n<p><!--more--><\/p>\n<p>Jan Eggum blir i 2011 seksti \u00e5r. En mann som lenge har tilh\u00f8rt de gamle unge, gleder seg veldig til \u00e5 bli en av de unge gamle. Derfor vil han gjerne i dette \u00e5ret velsigne folket med seksti, alts\u00e5 60 nye l\u00e5ter.Det er n\u00e6rmest som om han ser dette som en gigantisk kraftanstrengelse f\u00f8r CD formatet blir borte for godt!<\/p>\n<h4>KJ\u00c6RLIGHET &amp; \u00c6RLIGHET 1<\/h4>\n<p>Nok en gang makter Jan Eggum \u00e5 tonsette og ordlegge<br \/>\ntiden vi lever i,  der han betrakter oss i smug fra sitt faste caf\u00e8bord.<\/p>\n<p>Jan Eggum har i sitt 60. \u00e5r igjen bev\u00e6pnet sitt cafebord med en bitters\u00f8t penn og fengende l\u00e5ter. Fra denne posisjonen ser han det moderne, urbane mennesket komme og g\u00e5, og denne gang er han rausere og varmere med oss.<\/p>\n<p>Denne platen inneholder skarpe og vare betrakninger om moderne mennesker p\u00e5 jakt etter noen \u00e5 holde fast i, n\u00e5r kvelden kommer. Eggums personer ser ut til \u00e5 foretrekke en ensomhet midt i folksomme lokaler. De g\u00e5r n\u00e5 der og er ikke s\u00e6rlig forn\u00f8yd med livene sine uansett hvor mye velstand de m\u00e5tte ha i banken.De g\u00e5r n\u00e5 der og leter etter noen som er ute i samme \u00e6rend.<\/p>\n<h4><\/h4>\n<p><h4><\/h4>\n<\/p>\n<p><\/p>","protected":false},"excerpt":{"rendered":"<p>Nok en gang makter Jan Eggum \u00e5 tonsette og ordlegge tiden vi lever i, der han betrakter oss i smug fra sitt faste caf\u00e8bord.<\/p>\n","protected":false},"featured_media":27030,"comment_status":"closed","ping_status":"open","template":"","meta":[],"product_brand":[],"product_cat":[6],"product_tag":[],"class_list":{"0":"post-753","1":"product","2":"type-product","3":"status-publish","4":"has-post-thumbnail","6":"product_cat-grappa","7":"product_shipping_class-cddvd-shipping","8":"uni_artist_tag-andre-orvik","9":"uni_artist_tag-arvid-wam-solvang","10":"uni_artist_tag-benedikte-kruse","11":"uni_artist_tag-borre-flyen","12":"uni_artist_tag-dagfinn-lie","13":"uni_artist_tag-david-wallumrod","14":"uni_artist_tag-dorthe-dreier","15":"uni_artist_tag-endre-halre-hareide","16":"uni_artist_tag-frank-hammersland","17":"uni_artist_tag-georg-wadenius","18":"uni_artist_tag-hans-josef-groh","19":"uni_artist_tag-havard-caspersen","20":"uni_artist_tag-helge-sunde","21":"uni_artist_tag-ida-roggen","22":"uni_artist_tag-jan-eggum","23":"uni_artist_tag-jonas-lie-theis","24":"uni_artist_tag-leif-johansen","25":"uni_artist_tag-nikolai-eilertsen","26":"uni_artist_tag-nils-einar-vinjor","27":"uni_artist_tag-oyvind-fossheim","28":"uni_artist_tag-tommy-kristiansen","29":"uni_artist_tag-tonje-unstad","30":"uni_artist_tag-tora-augestad","31":"uni_artist_tag-trond-augland","32":"uni_artist_tag-vegard-johnsen","33":"uni_main_artist_tag-jan-eggum","34":"uni_artist_genre-singersongwriter","36":"first","37":"instock","38":"taxable","39":"shipping-taxable","40":"purchasable","41":"product-type-simple"},"_links":{"self":[{"href":"https:\/\/grappa.no\/no\/wp-json\/wp\/v2\/product\/753","targetHints":{"allow":["GET"]}}],"collection":[{"href":"https:\/\/grappa.no\/no\/wp-json\/wp\/v2\/product"}],"about":[{"href":"https:\/\/grappa.no\/no\/wp-json\/wp\/v2\/types\/product"}],"replies":[{"embeddable":true,"href":"https:\/\/grappa.no\/no\/wp-json\/wp\/v2\/comments?post=753"}],"wp:featuredmedia":[{"embeddable":true,"href":"https:\/\/grappa.no\/no\/wp-json\/wp\/v2\/media\/27030"}],"wp:attachment":[{"href":"https:\/\/grappa.no\/no\/wp-json\/wp\/v2\/media?parent=753"}],"wp:term":[{"taxonomy":"product_brand","embeddable":true,"href":"https:\/\/grappa.no\/no\/wp-json\/wp\/v2\/product_brand?post=753"},{"taxonomy":"product_cat","embeddable":true,"href":"https:\/\/grappa.no\/no\/wp-json\/wp\/v2\/product_cat?post=753"},{"taxonomy":"product_tag","embeddable":true,"href":"https:\/\/grappa.no\/no\/wp-json\/wp\/v2\/product_tag?post=753"}],"curies":[{"name":"wp","href":"https:\/\/api.w.org\/{rel}","templated":true}]}}