{"id":752,"date":"2011-01-17T00:00:00","date_gmt":"2011-01-16T23:00:00","guid":{"rendered":"http:\/\/www.grappa.no\/albums\/uncategorized\/slattehjerte\/"},"modified":"2016-11-18T16:38:59","modified_gmt":"2016-11-18T15:38:59","slug":"slattehjerte","status":"publish","type":"product","link":"https:\/\/grappa.no\/no\/albums\/heilo\/slattehjerte\/","title":{"rendered":"Sl\u00e5ttehjerte"},"content":{"rendered":"<p><\/p>\n<p>Ny CD fra Sl\u00e5ttejazz<\/p>\n<p>Sl\u00e5ttejazz er en duo med felespilleren Helene H\u00f8ye og jazzpianisten Ole Sigvard Lunnan. Sl\u00e5ttehjerte er deres f\u00f8rste CD med egenkomponerte sl\u00e5tter, der folkemusikkstilen fra Gudbrandsdalen dominerer. Tittelen spiller p\u00e5 at sl\u00e5tter, n\u00e5r de er godt forma, er sm\u00e5 fortetta musikkstykker, der ikke en tone er uvesentlig, med en alltid sterkt tilstedev\u00e6rende puls, og med kraft til \u00e5 gripe tak i en og finne sin plass i hjertet. Duoen har som m\u00e5l \u00e5 bevare stilf\u00f8lelsen fra henholdsvis folkemusikken og jazzen, og vise hvordan disse kan berike hverandre uten \u00e5 miste identiteten sin. Slik vil du h\u00f8re at det p\u00e5 fela blir spilt p\u00e5 tradisjonelt vis, slik det ville ha blitt gjort om du hadde h\u00f8rt den solo. Rundt fela leker flygelet med klangbildene og rytmen, og kommer med sine egne kommentarer eller improvisasjoner, slik tradisjonen er i jazz. Dermed tilf\u00f8res sl\u00e5ttene ogs\u00e5 noe nytt. CDen er produsert av Tellef Kvifte og utgis p\u00e5 Heilo Grappa. Sl\u00e5ttehjerte har f\u00e5tt rosende omtaler i flere aviser. De ble k\u00e5ret til tredje beste folkemusikk-plate 2011 i Adresseavisa og har hatt to l\u00e5ter inne p\u00e5 lista over kreml\u00e5ter utgitt i 2011 hos Radio Folkefest (Radio Orakel).<\/p>\n<p><!--more--><\/p>\n<h4><\/h4>\n<\/p>\n<h4><\/h4>\n<p><h4><\/h4>\n<\/p>\n<p><\/p>","protected":false},"excerpt":{"rendered":"<p>En av \u00e5rets beste folkemusikkplater!<\/p>\n","protected":false},"featured_media":27292,"comment_status":"closed","ping_status":"open","template":"","meta":[],"product_brand":[],"product_cat":[35],"product_tag":[],"class_list":{"0":"post-752","1":"product","2":"type-product","3":"status-publish","4":"has-post-thumbnail","6":"product_cat-heilo","7":"product_shipping_class-cddvd-shipping","8":"uni_artist_tag-helene-hoye","9":"uni_artist_tag-ole-sigvard-lunnan","10":"uni_artist_tag-tellef-kvifte","11":"uni_artist_genre-folk-music","12":"uni_artist_genre-jazz","14":"first","15":"instock","16":"taxable","17":"shipping-taxable","18":"purchasable","19":"product-type-simple"},"_links":{"self":[{"href":"https:\/\/grappa.no\/no\/wp-json\/wp\/v2\/product\/752","targetHints":{"allow":["GET"]}}],"collection":[{"href":"https:\/\/grappa.no\/no\/wp-json\/wp\/v2\/product"}],"about":[{"href":"https:\/\/grappa.no\/no\/wp-json\/wp\/v2\/types\/product"}],"replies":[{"embeddable":true,"href":"https:\/\/grappa.no\/no\/wp-json\/wp\/v2\/comments?post=752"}],"wp:featuredmedia":[{"embeddable":true,"href":"https:\/\/grappa.no\/no\/wp-json\/wp\/v2\/media\/27292"}],"wp:attachment":[{"href":"https:\/\/grappa.no\/no\/wp-json\/wp\/v2\/media?parent=752"}],"wp:term":[{"taxonomy":"product_brand","embeddable":true,"href":"https:\/\/grappa.no\/no\/wp-json\/wp\/v2\/product_brand?post=752"},{"taxonomy":"product_cat","embeddable":true,"href":"https:\/\/grappa.no\/no\/wp-json\/wp\/v2\/product_cat?post=752"},{"taxonomy":"product_tag","embeddable":true,"href":"https:\/\/grappa.no\/no\/wp-json\/wp\/v2\/product_tag?post=752"}],"curies":[{"name":"wp","href":"https:\/\/api.w.org\/{rel}","templated":true}]}}