{"id":750,"date":"2011-03-25T00:00:00","date_gmt":"2011-03-24T23:00:00","guid":{"rendered":"http:\/\/www.grappa.no\/albums\/uncategorized\/huntsville-for-flowers-cars-and-merry-wars\/"},"modified":"2018-10-12T06:39:35","modified_gmt":"2018-10-12T05:39:35","slug":"for-flowers-cars-and-merry-wars","status":"publish","type":"product","link":"https:\/\/grappa.no\/no\/albums\/hubro\/for-flowers-cars-and-merry-wars\/","title":{"rendered":"For flowers, cars and merry wars"},"content":{"rendered":"<p><\/p>\n<p>Huntsville p\u00e5 vinyl!<\/p>\n<p>P\u00e5 sin aller f\u00f8rste vinylutgivelse \u201dFor Flowers, Cars and Merry Wars\u201d g\u00e5r Huntsville i en tyngre, m\u00f8rkere, mer rocka og elektrisk retning. <\/p>\n<p>Den s\u00e6regne improviserende trioen Huntsville har tidligere utgitt to originale og kritikerroste album p\u00e5 norske Rune Grammofon. De har turn\u00e9rt i Europa og USA flere ganger, samarbeidet med Sidsel Endresen, Wilco\u00b4s Nels Cline og Glenn Kotche og gjorde nylig en konsert i Spania med Thurston Moore fra Sonic Youth. Musikken til Huntsville er som med mye annen god musikk ganske vanskelig \u00e5 putte i b\u00e5s. Musikkjournalister har pr\u00f8vd seg med b\u00e5de \u201dyoga country\u201d og \u201dabstrakt drone americana\u201d, og denne gangen er nok b\u00e5de sammenligninger med \u201dkrautrock\u201d og band som Black Dice ikke helt usannsynlige. Men f\u00f8rst og fremst er dette Huntsvillemusikk. Ingen andre l\u00e5ter som dem.<\/p>\n<p>P\u00e5 det monumentale sporet som fyller hele A-siden f\u00e5r de selskap av den fantastiske alternativpop vokalisten Hanne Hukkelberg. Albumet er mikset i Propeller Studios med K\u00e5re Chr Vestrheim (Motorpsycho, Jaga Jazzist) bak spakene. &#8211; Helt klart det mest helst\u00f8pte albumet fra trioen s\u00e5 langt. Hypnotiserende og energisk  musikk som fortjener \u00e5 bli spilt h\u00f8yt.<\/p>\n<p><!--more--><\/p>\n<p>P\u00e5 sin aller f\u00f8rste vinylutgivelse \u201dFor Flowers, Cars and Merry Wars\u201d g\u00e5r Huntsville i en tyngre, m\u00f8rkere, mer rocka og elektrisk retning.<\/p>\n<h4><\/h4>\n<p>Den s\u00e6regne improviserende trioen Huntsville har tidligere utgitt to originale og kritikerroste album p\u00e5 norske Rune Grammofon. De har turn\u00e9rt i Europa og USA flere ganger, samarbeidet med Sidsel Endresen, Wilco\u00b4s Nels Cline og Glenn Kotche og gjorde nylig en konsert i Spania med Thurston Moore fra Sonic Youth. Musikken til Huntsville er som med mye annen god musikk ganske vanskelig \u00e5 putte i b\u00e5s. Musikkjournalister har pr\u00f8vd seg med b\u00e5de \u201dyoga country\u201d og \u201dabstrakt drone americana\u201d, og denne gangen er nok b\u00e5de sammenligninger med \u201dkrautrock\u201d og band som Black Dice ikke helt usannsynlige. Men f\u00f8rst og fremst er dette Huntsvillemusikk. Ingen andre l\u00e5ter som dem.<\/p>\n<p>P\u00e5 det monumentale sporet som fyller hele A-siden f\u00e5r de selskap av den fantastiske alternativpop vokalisten Hanne Hukkelberg. Albumet er mikset i Propeller Studios med K\u00e5re Chr Vestrheim (Motorpsycho, Jaga Jazzist) bak spakene. &#8211; Helt klart det mest helst\u00f8pte albumet fra trioen s\u00e5 langt. Hypnotiserende og energisk  musikk som fortjener \u00e5 bli spilt h\u00f8yt.<\/p>\n<h4><\/h4>\n<p><h4><\/h4>\n<\/p>\n<p><\/p>","protected":false},"excerpt":{"rendered":"<p>Helt klart det mest helst\u00f8pte albumet fra trioen s\u00e5 langt. Hypnotiserende og energisk  musikk som fortjener \u00e5 bli spilt h\u00f8yt.<\/p>\n","protected":false},"featured_media":27451,"comment_status":"closed","ping_status":"open","template":"","meta":[],"product_brand":[],"product_cat":[36],"product_tag":[],"class_list":{"0":"post-750","1":"product","2":"type-product","3":"status-publish","4":"has-post-thumbnail","6":"product_cat-hubro","7":"product_shipping_class-vinyl-shipping","8":"uni_artist_tag-hanne-hukkelberg","9":"uni_artist_tag-ingar-zach","10":"uni_artist_tag-ivar-grydeland","11":"uni_artist_tag-jonas-howden-sjovaag","12":"uni_artist_tag-tonny-kluften","13":"uni_artist_genre-improvised-music","14":"uni_artist_genre-instrumental","15":"uni_artist_genre-rock","17":"first","18":"instock","19":"taxable","20":"shipping-taxable","21":"purchasable","22":"product-type-simple"},"_links":{"self":[{"href":"https:\/\/grappa.no\/no\/wp-json\/wp\/v2\/product\/750","targetHints":{"allow":["GET"]}}],"collection":[{"href":"https:\/\/grappa.no\/no\/wp-json\/wp\/v2\/product"}],"about":[{"href":"https:\/\/grappa.no\/no\/wp-json\/wp\/v2\/types\/product"}],"replies":[{"embeddable":true,"href":"https:\/\/grappa.no\/no\/wp-json\/wp\/v2\/comments?post=750"}],"wp:featuredmedia":[{"embeddable":true,"href":"https:\/\/grappa.no\/no\/wp-json\/wp\/v2\/media\/27451"}],"wp:attachment":[{"href":"https:\/\/grappa.no\/no\/wp-json\/wp\/v2\/media?parent=750"}],"wp:term":[{"taxonomy":"product_brand","embeddable":true,"href":"https:\/\/grappa.no\/no\/wp-json\/wp\/v2\/product_brand?post=750"},{"taxonomy":"product_cat","embeddable":true,"href":"https:\/\/grappa.no\/no\/wp-json\/wp\/v2\/product_cat?post=750"},{"taxonomy":"product_tag","embeddable":true,"href":"https:\/\/grappa.no\/no\/wp-json\/wp\/v2\/product_tag?post=750"}],"curies":[{"name":"wp","href":"https:\/\/api.w.org\/{rel}","templated":true}]}}