{"id":748,"date":"2009-09-07T00:00:00","date_gmt":"2009-09-06T23:00:00","guid":{"rendered":"http:\/\/www.grappa.no\/albums\/uncategorized\/fretwork\/"},"modified":"2016-11-18T16:38:56","modified_gmt":"2016-11-18T15:38:56","slug":"fretwork","status":"publish","type":"product","link":"https:\/\/grappa.no\/no\/albums\/grappa\/fretwork\/","title":{"rendered":"Fretwork"},"content":{"rendered":"<p><\/p>\n<p>Bj\u00f8rn Berge: Fretwork<\/p>\n<p>Fretwork &#8211; som rett og slett betyr gitarhalsarbeid er Bj\u00f8rn Berges 10. album. Og p\u00e5 denne utgivelsen er han endelig tilbake med selvskrevet materiale. Albumet er produsert av Berge selv og Kjetil &quot;The Wizzard&quot; Ulland. Berge har dessuten med seg to profilerte gjesteartister: \u00d8yvind Staveland fra VAMP p\u00e5 fiolin og bratsj og Vidar Johnsen p\u00e5 vokal. Kombinasjonen av Stavelands fiolin og Berges akustiske gitar har gitt l\u00e5tene til Berge en annerledes atmosf\u00e6re enn hva vi har h\u00f8rt tidligere, og albumet er noe av det mest varierte Berge har gjort. L\u00e5tene spenner fra det sarte, instrumentale \u2013 en svipptur innom Deltablues \u2013 til det mer energiske uttrykket som Bj\u00f8rn Berge er kjent for. Siden Bj\u00f8rn Berges gjennombruddsalbum p\u00e5 Blue Mood\/Warner er alle klar over at Berge er et fyrverkeri og et mirakel av en gitarist. Bj\u00f8rns to Spellemannspriser har nok kanskje litt av skylda for det, samtidig som over 100 spillejobber i \u00e5ret har gjort Berge til en artist i verdensklasse.<\/p>\n<p><!--more--><\/p>\n<p>Bj\u00f8rn Berge er n\u00e5 ute med sitt 10.album \u201dFretwork\u201d. P\u00e5 dette albumet er han endelig tilbake med en skive med selvskrevet materiale.<\/p>\n<h4>Gitarhalsarbeid<\/h4>\n<p>Dette albumet er vel til dags dato det mest varierte som Berge har gjort. L\u00e5tene spenner fra det sarte, instrumentale &#8211; en svipp innom Deltablues &#8211; til det mer energiske uttrykket som Bj\u00f8rn Berge er kjent for.<br \/>\nFretwork betyr rett og slett gitarhalsarbeid! Som vanlig fremf\u00f8rt med akkurat s\u00e5 mye patos og ekvilibristiske krumspring som det er langt mellom, uansett verdensdel.<\/p>\n<h4>Et fyrverkeri<\/h4>\n<p>Siden Bj\u00f8rn Berges gjennombruddsalbum p\u00e5 Blue Mood\/Warner er alle klar over at Berge er et fyrverkeri og et mirakel av en gitarist. Bj\u00f8rns to Spellemanns-priser har nok kanskje litt av skylda for det, samtidig som over 100 spillejobber i \u00e5ret har gjort Berge til en artist i verdensklasse.<br \/>\nEt uttall tv og radiojobber, helsides oppslag i riksdekkende aviser rundt i Europa, fanklubber og omreisende gitarfriker er en del av hverdagen for Bj\u00f8rn p\u00e5 hans turneer rundt om p\u00e5 Europas viktigste festivaler, jazz- \/blues- og rockeklubber.<\/p>\n<h4><\/h4>\n<\/p>\n<p><\/p>","protected":false},"excerpt":{"rendered":"<p>\u2013 Han beviser nok en gang at han er en av Norges r\u00e5este bluesgitarister. [Bergens Tidende]<\/p>\n","protected":false},"featured_media":27031,"comment_status":"closed","ping_status":"open","template":"","meta":[],"product_brand":[],"product_cat":[6],"product_tag":[],"class_list":{"0":"post-748","1":"product","2":"type-product","3":"status-publish","4":"has-post-thumbnail","6":"product_cat-grappa","7":"product_shipping_class-cddvd-shipping","8":"uni_artist_tag-bjorn-berge","9":"uni_artist_tag-charles-brown","10":"uni_artist_tag-chester-a-burnett","11":"uni_artist_tag-eddie-williams","12":"uni_artist_tag-john-butler","13":"uni_artist_tag-johnny-d-moore","14":"uni_artist_tag-kjetil-ulland","15":"uni_artist_tag-knut-reiersrud","16":"uni_artist_tag-oyvind-staveland","17":"uni_artist_tag-vidar-johnsen","18":"uni_main_artist_tag-bjorn-berge","19":"uni_artist_genre-blues","20":"uni_artist_genre-rock","22":"first","23":"instock","24":"taxable","25":"shipping-taxable","26":"purchasable","27":"product-type-simple"},"_links":{"self":[{"href":"https:\/\/grappa.no\/no\/wp-json\/wp\/v2\/product\/748","targetHints":{"allow":["GET"]}}],"collection":[{"href":"https:\/\/grappa.no\/no\/wp-json\/wp\/v2\/product"}],"about":[{"href":"https:\/\/grappa.no\/no\/wp-json\/wp\/v2\/types\/product"}],"replies":[{"embeddable":true,"href":"https:\/\/grappa.no\/no\/wp-json\/wp\/v2\/comments?post=748"}],"wp:featuredmedia":[{"embeddable":true,"href":"https:\/\/grappa.no\/no\/wp-json\/wp\/v2\/media\/27031"}],"wp:attachment":[{"href":"https:\/\/grappa.no\/no\/wp-json\/wp\/v2\/media?parent=748"}],"wp:term":[{"taxonomy":"product_brand","embeddable":true,"href":"https:\/\/grappa.no\/no\/wp-json\/wp\/v2\/product_brand?post=748"},{"taxonomy":"product_cat","embeddable":true,"href":"https:\/\/grappa.no\/no\/wp-json\/wp\/v2\/product_cat?post=748"},{"taxonomy":"product_tag","embeddable":true,"href":"https:\/\/grappa.no\/no\/wp-json\/wp\/v2\/product_tag?post=748"}],"curies":[{"name":"wp","href":"https:\/\/api.w.org\/{rel}","templated":true}]}}