{"id":747,"date":"2010-11-29T00:00:00","date_gmt":"2010-11-28T23:00:00","guid":{"rendered":"http:\/\/www.grappa.no\/albums\/uncategorized\/stilleste-gutt-pa-sovesal-1\/"},"modified":"2024-11-18T10:27:56","modified_gmt":"2024-11-18T09:27:56","slug":"stilleste-gutt-pa-sovesal-1","status":"publish","type":"product","link":"https:\/\/grappa.no\/no\/albums\/grappa\/stilleste-gutt-pa-sovesal-1\/","title":{"rendered":"Stilleste gutt p\u00e5 sovesal 1"},"content":{"rendered":"<p><\/p>\n<p>Stilleste gutt p\u00e5 sovesal 1 (10CD+DVD)<\/p>\n<p>Kongen av norsk visekunst fyller 60 \u00e5r og feirer med unik jubileumsboks! Stilleste gutt p\u00e5 sovesal 1 er den ultimate Lillebj\u00f8rn Nilsen-samlingen. Utgivelsen best\u00e5r av ti CD-er og en bonus-DVD, samt et essay av Jan Erik Vold. Boksen inneholder alle Lillebj\u00f8rns studioalbum, remastret i flotte minireplikaer av de originale vinylalbumene, i tillegg til en timelang DVD med en konsert fra P1-scenen, innspilt 2. april 2010. Her er alle de kjente og kj\u00e6re Nilsen-visene som gjennom \u00e5renes l\u00f8p er blitt allemannseie. Stilleste gutt p\u00e5 sovesal 1 er ikke bare et dokument over en av v\u00e5re aller mest kjente og kj\u00e6re viseartister, men ogs\u00e5 en essensiell del av den norske musikkhistorien.<\/p>\n<p><!--more--><\/p>\n<h4><\/h4>\n<h4><\/h4>\n<h4><\/h4>\n<p><\/p>","protected":false},"excerpt":{"rendered":"<p>Utgivelsen best\u00e5r av ti CD-er og en bonus-DVD, samt et essay av Jan Erik Vold. Boksen inneholder alle Lillebj\u00f8rns studioalbum, remastret i flotte minireplikaer av de originale vinylalbumene, i tillegg til en timelang DVD med en konsert fra P1-scenen, innspilt 2. april 2010.<\/p>\n","protected":false},"featured_media":27053,"comment_status":"closed","ping_status":"closed","template":"","meta":[],"product_brand":[],"product_cat":[6],"product_tag":[],"class_list":{"0":"post-747","1":"product","2":"type-product","3":"status-publish","4":"has-post-thumbnail","6":"product_cat-grappa","7":"product_shipping_class-cddvd-shipping","8":"uni_artist_tag-lillebjorn-nilsen","9":"uni_main_artist_tag-lillebjorn-nilsen","10":"uni_artist_genre-norwegian","11":"uni_artist_genre-singersongwriter","13":"first","14":"outofstock","15":"taxable","16":"shipping-taxable","17":"purchasable","18":"product-type-simple"},"_links":{"self":[{"href":"https:\/\/grappa.no\/no\/wp-json\/wp\/v2\/product\/747","targetHints":{"allow":["GET"]}}],"collection":[{"href":"https:\/\/grappa.no\/no\/wp-json\/wp\/v2\/product"}],"about":[{"href":"https:\/\/grappa.no\/no\/wp-json\/wp\/v2\/types\/product"}],"replies":[{"embeddable":true,"href":"https:\/\/grappa.no\/no\/wp-json\/wp\/v2\/comments?post=747"}],"wp:featuredmedia":[{"embeddable":true,"href":"https:\/\/grappa.no\/no\/wp-json\/wp\/v2\/media\/27053"}],"wp:attachment":[{"href":"https:\/\/grappa.no\/no\/wp-json\/wp\/v2\/media?parent=747"}],"wp:term":[{"taxonomy":"product_brand","embeddable":true,"href":"https:\/\/grappa.no\/no\/wp-json\/wp\/v2\/product_brand?post=747"},{"taxonomy":"product_cat","embeddable":true,"href":"https:\/\/grappa.no\/no\/wp-json\/wp\/v2\/product_cat?post=747"},{"taxonomy":"product_tag","embeddable":true,"href":"https:\/\/grappa.no\/no\/wp-json\/wp\/v2\/product_tag?post=747"}],"curies":[{"name":"wp","href":"https:\/\/api.w.org\/{rel}","templated":true}]}}