{"id":746,"date":"1999-10-22T00:00:00","date_gmt":"1999-10-21T23:00:00","guid":{"rendered":"http:\/\/www.grappa.no\/albums\/uncategorized\/wizard-women-of-the-north\/"},"modified":"2018-05-04T15:02:10","modified_gmt":"2018-05-04T14:02:10","slug":"wizard-women-of-the-north","status":"publish","type":"product","link":"https:\/\/grappa.no\/no\/albums\/heilo\/wizard-women-of-the-north\/","title":{"rendered":"Wizard Women of the North"},"content":{"rendered":"<p><\/p>\n<p>Nordiske skognymfer<\/p>\n<p>The Wizard Woman of the North kan bli funnet p\u00e5 en kaf\u00e9, men se n\u00f8ye p\u00e5 hennes sko! De er vanligvis av typen som hun lett kan sparke av. Fordi Wizard Woman of the North m\u00e5 ha luft mellom t\u00e6rne slik at hun kan f\u00f8le jorden hun g\u00e5r p\u00e5 og tilh\u00f8rer. Disse f\u00f8ttene med godt ventilerte t\u00e6r blir brukt til dans eller for \u00e5 markere rytmen n\u00e5r hun spiller eller synger.<br \/>\nP\u00e5 sj\u00f8en, i skogen og p\u00e5 fjellet har Wizard Woman of the North sine s\u00f8stre, huldra. De er vakre, viljesterke og modige \u00e5nder som forhekser menn og lokker dem inn i romantikk og ekteskap i sin underjordiske verden. Hvis en mann \u00f8nsker \u00e5 beskytte seg mot huldra, m\u00e5 han si Faderv\u00e5r, kaste noe laget av st\u00e5l p\u00e5 dem, eller b\u00e6re en bit av et likklede n\u00e6r kroppen. For the Nordic Woman, derimot, er disse skognymfene en stor inspirasjonskilde. Kraften av huldra kan bli h\u00f8rt i de &quot;bl\u00e5&quot; notene og smidige rytmer av nordisk folkemusikk. Huldra bor i den store nordiske naturen, men selv har jeg faktisk sett henne p\u00e5 en musikk-kaf\u00e9 &#8230; ved daggry!<\/p>\n<p><!--more--><\/p>\n<h4><\/h4>\n<\/p>\n<h4><\/h4>\n<p><h4><\/h4>\n<\/p>\n<p><\/p>","protected":false},"excerpt":{"rendered":"<p>En god kniv er et n\u00f8dvendig verkt\u00f8y for Wizard Woman of the North: du vet aldri hva livet kan bringe!<\/p>\n","protected":false},"featured_media":27230,"comment_status":"closed","ping_status":"open","template":"","meta":[],"product_brand":[],"product_cat":[35],"product_tag":[],"class_list":{"0":"post-746","1":"product","2":"type-product","3":"status-publish","4":"has-post-thumbnail","6":"product_cat-heilo","7":"product_shipping_class-cddvd-shipping","8":"uni_artist_tag-annbjorg-lien","9":"uni_artist_tag-asne-sunniva-soreide","10":"uni_artist_tag-aurora-borealis","11":"uni_artist_tag-hege-rimestad","12":"uni_artist_tag-helene-hoye","13":"uni_artist_tag-kirsten-braten-berg","14":"uni_artist_tag-mari-eggen","15":"uni_artist_tag-pernille-anker","16":"uni_artist_tag-sinikka-langeland","17":"uni_artist_tag-susanne-lundeng","18":"uni_artist_tag-susanne-rosenberg","19":"uni_artist_tag-tone-hulbaekmo","20":"uni_artist_tag-trad","21":"uni_main_artist_tag-annbjorg-lien","22":"uni_artist_genre-folk-music","23":"uni_artist_genre-traditional","25":"first","26":"instock","27":"taxable","28":"shipping-taxable","29":"purchasable","30":"product-type-simple"},"_links":{"self":[{"href":"https:\/\/grappa.no\/no\/wp-json\/wp\/v2\/product\/746","targetHints":{"allow":["GET"]}}],"collection":[{"href":"https:\/\/grappa.no\/no\/wp-json\/wp\/v2\/product"}],"about":[{"href":"https:\/\/grappa.no\/no\/wp-json\/wp\/v2\/types\/product"}],"replies":[{"embeddable":true,"href":"https:\/\/grappa.no\/no\/wp-json\/wp\/v2\/comments?post=746"}],"wp:featuredmedia":[{"embeddable":true,"href":"https:\/\/grappa.no\/no\/wp-json\/wp\/v2\/media\/27230"}],"wp:attachment":[{"href":"https:\/\/grappa.no\/no\/wp-json\/wp\/v2\/media?parent=746"}],"wp:term":[{"taxonomy":"product_brand","embeddable":true,"href":"https:\/\/grappa.no\/no\/wp-json\/wp\/v2\/product_brand?post=746"},{"taxonomy":"product_cat","embeddable":true,"href":"https:\/\/grappa.no\/no\/wp-json\/wp\/v2\/product_cat?post=746"},{"taxonomy":"product_tag","embeddable":true,"href":"https:\/\/grappa.no\/no\/wp-json\/wp\/v2\/product_tag?post=746"}],"curies":[{"name":"wp","href":"https:\/\/api.w.org\/{rel}","templated":true}]}}