{"id":741,"date":"2012-01-27T00:00:00","date_gmt":"2012-01-26T23:00:00","guid":{"rendered":"http:\/\/www.grappa.no\/albums\/uncategorized\/gustav-merkel-organ-works-vol-4\/"},"modified":"2023-05-12T14:42:07","modified_gmt":"2023-05-12T13:42:07","slug":"gustav-merkel-organ-works-vol-4","status":"publish","type":"product","link":"https:\/\/grappa.no\/no\/albums\/simax-classics\/gustav-merkel-organ-works-vol-4\/","title":{"rendered":"Gustav Merkel organ works, vol. 4"},"content":{"rendered":"<p><\/p>\n<p>Merkels tre siste orgelsonater<\/p>\n<p>Med den fjerde utgivelsen i serien med Gustav Merkels orgelverker fullf\u00f8rer Halgeir Schiager sitt store prosjekt med den tyske komponisten. Dermed er de viktigste delene av hans imponerende verkliste for f\u00f8rste gang tilgjengelig.<\/p>\n<p>Denne utgivelsen inneholder de tre siste orgelsonatene Merkel skrev, den siste bare uker f\u00f8r han d\u00f8de. Vi finner ogs\u00e5 et interessant eksempel p\u00e5 musikk rettet inn spesielt mot det britiske markedet i Christmas March, der Merkel siterer Adeste fideles.<\/p>\n<p>Merkels orgelverker kan inndeles i frie og kirkelige verker. Blant frie verker er det s\u00e6rlig grunn til \u00e5 fremheve hans ni sonater, fem fantasier, variasjonsverker, pastoraler og verker med forskjellige titler. Med wienerklassiske forbilder er sonatene og fantasiene som regel tresatsige, med satsrekkef\u00f8lgen hurtig \u2013 langsom \u2013 hurtig. Innledningssatsene f\u00f8lger<br \/>\nvanligvis sonatesatsformen, med en klassisk temadualisme. Mellomsatsene er inspirert<br \/>\nav lyriske klaverstykker i samtiden eksemplifisert i Mendelssohns Lieder ohne Worte. Avslutningssatsene utgj\u00f8res av fuger, ofte med en introduksjon foran. Kirkelige verker best\u00e5r av koralforspill og tallrike sm\u00e5stykker til gudstjenestebruk. Han skrev ogs\u00e5 en orgelskole som var mye i bruk.<\/p>\n<p><!--more--><\/p>\n<h4><\/h4>\n<h4><\/h4>\n<h4><\/h4>\n<p><\/p>","protected":false},"excerpt":{"rendered":"<p>De viktigste delene av Merkels imponerende verkliste er n\u00e5 for f\u00f8rste gang tilgjengelig gjennom denne fjerde og siste utgivelsen i Schiagers serie.<\/p>\n","protected":false},"featured_media":27755,"comment_status":"closed","ping_status":"closed","template":"","meta":[],"product_brand":[],"product_cat":[180],"product_tag":[],"class_list":{"0":"post-741","1":"product","2":"type-product","3":"status-publish","4":"has-post-thumbnail","6":"product_cat-simax-classics","7":"product_shipping_class-cddvd-shipping","8":"uni_artist_tag-gustav-merkel","9":"uni_artist_tag-halgeir-schiager","10":"uni_main_artist_tag-halgeir-schiager","11":"uni_artist_genre-classical","12":"uni_artist_genre-organ","14":"first","15":"outofstock","16":"taxable","17":"shipping-taxable","18":"purchasable","19":"product-type-simple"},"_links":{"self":[{"href":"https:\/\/grappa.no\/no\/wp-json\/wp\/v2\/product\/741","targetHints":{"allow":["GET"]}}],"collection":[{"href":"https:\/\/grappa.no\/no\/wp-json\/wp\/v2\/product"}],"about":[{"href":"https:\/\/grappa.no\/no\/wp-json\/wp\/v2\/types\/product"}],"replies":[{"embeddable":true,"href":"https:\/\/grappa.no\/no\/wp-json\/wp\/v2\/comments?post=741"}],"wp:featuredmedia":[{"embeddable":true,"href":"https:\/\/grappa.no\/no\/wp-json\/wp\/v2\/media\/27755"}],"wp:attachment":[{"href":"https:\/\/grappa.no\/no\/wp-json\/wp\/v2\/media?parent=741"}],"wp:term":[{"taxonomy":"product_brand","embeddable":true,"href":"https:\/\/grappa.no\/no\/wp-json\/wp\/v2\/product_brand?post=741"},{"taxonomy":"product_cat","embeddable":true,"href":"https:\/\/grappa.no\/no\/wp-json\/wp\/v2\/product_cat?post=741"},{"taxonomy":"product_tag","embeddable":true,"href":"https:\/\/grappa.no\/no\/wp-json\/wp\/v2\/product_tag?post=741"}],"curies":[{"name":"wp","href":"https:\/\/api.w.org\/{rel}","templated":true}]}}