{"id":740,"date":"2010-09-13T00:00:00","date_gmt":"2010-09-12T23:00:00","guid":{"rendered":"http:\/\/www.grappa.no\/albums\/uncategorized\/orbo-the-longshots-live-10\/"},"modified":"2018-10-12T06:39:33","modified_gmt":"2018-10-12T05:39:33","slug":"orbo-the-longshots-live-10","status":"publish","type":"product","link":"https:\/\/grappa.no\/no\/albums\/blue-mood-records\/orbo-the-longshots-live-10\/","title":{"rendered":"Orbo &amp; The Longshots &#8211; Live 10"},"content":{"rendered":"<p><\/p>\n<p>\u201cFolk har spurt oss i \u00e5revis om en live-plate, n\u00e5 er den endelig her\u201d &#8211; ORBO<\/p>\n<p>Albumet \u201cLive 10\u201d markerer alts\u00e5 10\u00e5rsjubileum for rockebandet som blant annet kan vise til Spellemannspris for albumet \u201cHigh Roller\u201d, stor rotasjon p\u00e5 TV og radio med sanger som \u201cDead Man Walking\u201d, \u201cHigh Roller\u201d og \u201cRock &amp; Roll City\u201d. I tillegg kan de krysse av p\u00e5 sjekklisten 4 studioalbum, USA-turn\u00e9 og sist, men ikke minst en 10-\u00e5rig Norgesturn\u00e9. I l\u00f8pet av \u00e5rene har bandet varmet opp for artister som The Fabulous Thunderbirds, Delbert McClinton, Lynyrd Skynyrd og Little Feat. En gang ble bandet booket direkte av fotballgud Eric Cantona til \u00e5 \u00e5pne VM i strandfotball i Marseilles, Frankrike og i tillegg er The Heartbreakers (bandet til Tom Petty) p\u00e5 listen over fans.<\/p>\n<p><!--more--><\/p>\n<p>\u201cFolk har spurt oss i \u00e5revis om en live-plate, n\u00e5 er den endelig her\u201d &#8211; ORBO<\/p>\n<h4>&quot;10 \u00e5r &#8211; 10 l\u00e5ter. Ikke la noen be deg skru ned volumet!\u201d &#8211; ORBO<\/h4>\n<p>Det er derfor med stor glede vi kan sl\u00e5 fast at ORBO &amp; The Longshots i 2010 kan markere 10 \u00e5r som liveband p\u00e5 norsk asfalt. I \u00e5r runder bandet ogs\u00e5 1000 konserter.<\/p>\n<h4>\u201cVi gj\u00f8r ikke dette fordi vi kan, men fordi vi m\u00e5.\u201d &#8211; ORBO<\/h4>\n<p>Albumet \u201cLive 10\u201d markerer alts\u00e5 10\u00e5rsjubileum for rockebandet som blant annet kan vise til Spellemannspris for albumet \u201cHigh Roller\u201d, stor rotasjon p\u00e5 TV og radio med sanger som \u201cDead Man Walking\u201d, \u201cHigh Roller\u201d og \u201cRock &amp; Roll City\u201d. I tillegg kan de krysse av p\u00e5 sjekklisten 4 studioalbum, USA-turn\u00e9 og sist, men ikke minst en 10-\u00e5rig Norgesturn\u00e9. I l\u00f8pet av \u00e5rene har bandet varmet opp for artister som The Fabulous Thunderbirds, Delbert McClinton, Lynyrd Skynyrd og Little Feat. En gang ble bandet booket direkte av fotballgud Eric Cantona til \u00e5 \u00e5pne VM i strandfotball i Marseilles, Frankrike og i tillegg er The Heartbreakers (bandet til Tom Petty) p\u00e5 listen over fans. I 2010 retter ORBO og gjengen igjen siktet mot rockens vugge, USA. September og oktober er satt av til turn\u00e9 p\u00e5 den gyldne, amerikanske vestkyst og i samme periode blir det ny plateinnspilling.<\/p>\n<h4>\u201cSnart kommer vi til en scene n\u00e6r deg!\u201d &#8211; ORBO<\/h4>\n<p>\u201cLive 10\u201d utgis p\u00e5 Blue Mood Records \/ Grappa p\u00e5 CD og dobbel LP. Platen ble spilt inn med bl\u00e5serrekken The Longshot Longhorns over to kvelder (16\/17 april 2010) p\u00e5 legendariske Rick\u2019s Teater i Bergen og det ligger ogs\u00e5 en DVD p\u00e5 lur. \u201cS\u00e5 her er vi &#8211; jubileumstid! Vi f\u00f8ler vi akkurat har startet. Jeg kommer aldri til \u00e5 kunne gj\u00f8re noe som helst annet jeg elsker bandet over alt p\u00e5 jord. I en tid med reality show og soloartister med uinspirerte, innleide musikere som attp\u00e5til blir tvunget til playback er det langt mellom gode rocknroll band. Noen hevder det er en d\u00f8ende kunstform. Jeg kommer ikke p\u00e5 noen bedre m\u00e5te \u00e5 motbevise dette p\u00e5 enn \u00e5 gi ut et live album som kan spilles h\u00f8yt og rocke enhver brakke. Snart kommer vi til en scene n\u00e6r deg!\u201d &#8211; ORBO<\/p>\n<p><\/p>","protected":false},"excerpt":{"rendered":"<p>\u201cS\u00e5 her er vi &#8211; jubileumstid! Vi f\u00f8ler vi akkurat har startet.\u201d ORBO<\/p>\n","protected":false},"featured_media":26888,"comment_status":"closed","ping_status":"open","template":"","meta":[],"product_brand":[],"product_cat":[51],"product_tag":[],"class_list":{"0":"post-740","1":"product","2":"type-product","3":"status-publish","4":"has-post-thumbnail","6":"product_cat-blue-mood-records","7":"product_shipping_class-cddvd-shipping","8":"uni_artist_tag-aage-vaksdal","9":"uni_artist_tag-bob-dylan","10":"uni_artist_tag-dhani-harrison","11":"uni_artist_tag-erick-jaskowiak","12":"uni_artist_tag-george-harrison","13":"uni_artist_tag-ine-tumyr","14":"uni_artist_tag-jeff-lynne","15":"uni_artist_tag-orbo-the-longshots","16":"uni_artist_tag-orbo-ole-reinert-berg-olsen","17":"uni_artist_tag-the-longshot-longhorns","18":"uni_artist_tag-tom-petty","19":"uni_main_artist_tag-orbo-the-longshots","20":"uni_artist_genre-rock","21":"uni_artist_genre-roots","23":"first","24":"instock","25":"taxable","26":"shipping-taxable","27":"purchasable","28":"product-type-simple"},"_links":{"self":[{"href":"https:\/\/grappa.no\/no\/wp-json\/wp\/v2\/product\/740","targetHints":{"allow":["GET"]}}],"collection":[{"href":"https:\/\/grappa.no\/no\/wp-json\/wp\/v2\/product"}],"about":[{"href":"https:\/\/grappa.no\/no\/wp-json\/wp\/v2\/types\/product"}],"replies":[{"embeddable":true,"href":"https:\/\/grappa.no\/no\/wp-json\/wp\/v2\/comments?post=740"}],"wp:featuredmedia":[{"embeddable":true,"href":"https:\/\/grappa.no\/no\/wp-json\/wp\/v2\/media\/26888"}],"wp:attachment":[{"href":"https:\/\/grappa.no\/no\/wp-json\/wp\/v2\/media?parent=740"}],"wp:term":[{"taxonomy":"product_brand","embeddable":true,"href":"https:\/\/grappa.no\/no\/wp-json\/wp\/v2\/product_brand?post=740"},{"taxonomy":"product_cat","embeddable":true,"href":"https:\/\/grappa.no\/no\/wp-json\/wp\/v2\/product_cat?post=740"},{"taxonomy":"product_tag","embeddable":true,"href":"https:\/\/grappa.no\/no\/wp-json\/wp\/v2\/product_tag?post=740"}],"curies":[{"name":"wp","href":"https:\/\/api.w.org\/{rel}","templated":true}]}}