{"id":738,"date":"2010-11-01T00:00:00","date_gmt":"2010-10-31T23:00:00","guid":{"rendered":"http:\/\/www.grappa.no\/albums\/uncategorized\/frida-annevik-synlige-hjerteslag\/"},"modified":"2018-08-26T11:19:03","modified_gmt":"2018-08-26T10:19:03","slug":"synlige-hjerteslag","status":"publish","type":"product","link":"https:\/\/grappa.no\/no\/albums\/grappa\/synlige-hjerteslag\/","title":{"rendered":"Synlige hjerteslag"},"content":{"rendered":"<p><\/p>\n<p>Det finnes stemmer som ikke gir deg noe valg. <\/p>\n<p>Det finnes stemmer som ikke gir deg noe valg. Stemmer som f\u00e5r deg til \u00e5 stoppe opp. Som f\u00e5r deg til \u00e5 glemme hva du drev med. Du bare m\u00e5 h\u00f8re hva de har \u00e5 si. Frida \u00c5nnevik har en s\u00e5nn stemme.<\/p>\n<p>26 \u00e5ringen Frida \u00c5nnevik fra Ridabu utenfor Hamar representerer noe av det ypperste av ny norskspr\u00e5klig musikk. Pop i et \u00e5pent sjangerlandskap med personlighet b\u00e5de i komposisjon, tekst og uttrykk. Albumet ble sluppet i november 2010, ble k\u00e5ret til \u00e5rets beste norskspr\u00e5klige album av NRK P1 Norsk p\u00e5 Norsk og havnet p\u00e5 \u00e5rsbestelistene til journalister i alt fra Lydverket til V\u00e5rt Land. Hun gjorde stor suksess p\u00e5 By:Larm 2011, og har varmet opp for Odd Nordstoga i flere av de st\u00f8rste byene i Norge.<\/p>\n<p><!--more--><\/p>\n<p>Det finnes stemmer som ikke gir deg noe valg. Stemmer som f\u00e5r deg til \u00e5 stoppe opp. Som f\u00e5r deg til \u00e5 glemme hva du drev med. Du bare m\u00e5 h\u00f8re hva de har \u00e5 si. Frida \u00c5nnevik har en s\u00e5nn stemme.<\/p>\n<h4>Skrive og formidle egen virkelighet<\/h4>\n<p>Frida begynte \u00e5 jobbe med norske tekster i 2001: \u201dDet kommer n\u00e6rmere innp\u00e5 n\u00e5r man skriver p\u00e5 eget spr\u00e5k, det spr\u00e5ket som potensielle lyttere bruker n\u00e5r de formidler hvem de er til andre, kjefter p\u00e5 unga sine, eller sl\u00e5r opp med kj\u00e6resten. Man slipper \u00e5 oversette. Jeg har en far som er trubadur og forfatter, muttern er journalist, og jeg er vokst opp med Pr\u00f8ysen. Det er egentlig ganske naturlig \u00e5 skrive og formidle egen virkelighet&#8230;\u201d<\/p>\n<h4>Grappas debutantpris<\/h4>\n<p>Som den fjerde i rekken etter Valkyrien Allstars, Gjermund Larsen og Siri Nilsen, ble Frida \u00c5nnevik i 2009 tildelt Grappas debutantpris og vant platekontrakt, innspilling og lansering. Sammen med produsent Andreas Mj\u00f8s (Susanna and the Magical Orchestra, Adjagas) jobbet hum fram debutalbumet \u201dSynlige hjerteslag\u201d.<\/p>\n<h4>\u00c5rets beste norskspr\u00e5klige album av NRK P1<\/h4>\n<p>Albumet ble sluppet i november 2010, ble k\u00e5ret til \u00e5rets beste norskspr\u00e5klige album av NRK P1 Norsk p\u00e5 Norsk og havnet p\u00e5 \u00e5rsbestelistene til journalister i alt fra Lydverket til V\u00e5rt Land. Hun gjorde stor suksess p\u00e5 By:Larm 2011, og har varmet opp for Odd Nordstoga i flere av de st\u00f8rste byene i Norge. Singlene &quot;Str\u00e5et&quot; og &quot;Snubletr\u00e5d&quot; har begge g\u00e5tt i tung rotasjon p\u00e5 NRK P1. \u00c5nnevik var nominert til Spellemann b\u00e5de som \u00e5rets nykommer og i kategorien vise. Hun ble ogs\u00e5 den f\u00f8rste vinneren av Tekstforfatterfondets nyoppstartede debutantpris &quot;LYSPUNKT&quot;.<\/p>\n<p><\/p>","protected":false},"excerpt":{"rendered":"<p>\u00c5rets store albumoverraskelse! [NRK P1]<\/p>\n","protected":false},"featured_media":27035,"comment_status":"closed","ping_status":"open","template":"","meta":[],"product_brand":[],"product_cat":[6],"product_tag":[],"class_list":{"0":"post-738","1":"product","2":"type-product","3":"status-publish","4":"has-post-thumbnail","6":"product_cat-grappa","7":"product_shipping_class-cddvd-shipping","8":"uni_artist_tag-andreas-mjos","9":"uni_artist_tag-frida-annevik","10":"uni_main_artist_tag-frida-annevik","11":"uni_artist_genre-nominated-for-norwegian-grammy-nominert-til-spellemannprisen","12":"uni_artist_genre-norwegian","13":"uni_artist_genre-singersongwriter","14":"uni_artist_genre-young-norwegian","16":"first","17":"instock","18":"taxable","19":"shipping-taxable","20":"purchasable","21":"product-type-simple"},"_links":{"self":[{"href":"https:\/\/grappa.no\/no\/wp-json\/wp\/v2\/product\/738","targetHints":{"allow":["GET"]}}],"collection":[{"href":"https:\/\/grappa.no\/no\/wp-json\/wp\/v2\/product"}],"about":[{"href":"https:\/\/grappa.no\/no\/wp-json\/wp\/v2\/types\/product"}],"replies":[{"embeddable":true,"href":"https:\/\/grappa.no\/no\/wp-json\/wp\/v2\/comments?post=738"}],"wp:featuredmedia":[{"embeddable":true,"href":"https:\/\/grappa.no\/no\/wp-json\/wp\/v2\/media\/27035"}],"wp:attachment":[{"href":"https:\/\/grappa.no\/no\/wp-json\/wp\/v2\/media?parent=738"}],"wp:term":[{"taxonomy":"product_brand","embeddable":true,"href":"https:\/\/grappa.no\/no\/wp-json\/wp\/v2\/product_brand?post=738"},{"taxonomy":"product_cat","embeddable":true,"href":"https:\/\/grappa.no\/no\/wp-json\/wp\/v2\/product_cat?post=738"},{"taxonomy":"product_tag","embeddable":true,"href":"https:\/\/grappa.no\/no\/wp-json\/wp\/v2\/product_tag?post=738"}],"curies":[{"name":"wp","href":"https:\/\/api.w.org\/{rel}","templated":true}]}}