{"id":737,"date":"2010-09-27T00:00:00","date_gmt":"2010-09-26T23:00:00","guid":{"rendered":"http:\/\/www.grappa.no\/albums\/uncategorized\/knut-hamre-ferd\/"},"modified":"2016-11-18T16:38:46","modified_gmt":"2016-11-18T15:38:46","slug":"knut-hamre-ferd","status":"publish","type":"product","link":"https:\/\/grappa.no\/no\/albums\/heilo\/knut-hamre-ferd\/","title":{"rendered":"Knut Hamre &#8211; Ferd"},"content":{"rendered":"<p><\/p>\n<p>Mosafinnspelet<\/p>\n<p>Knut Hamre fra Granvin i Hardanger har siden han stod frem, tidlig p\u00e5 1970-tallet, markert seg som en av v\u00e5re aller fremste spellemenn. Han har vunnet en rekke landskappleiker og turnert i inn \u2013 og utland, og er en stilskaper som har inspirert og l\u00e6rt opp mange fremst\u00e5ende yngre ut\u00f8vere. <\/p>\n<p>N\u00e5 er han ute med sin nye CD \u201dFerd\u201d. Det er det gamle Mosafinnspelet, med sine korte, reindyrkede sl\u00e5tteformer og sin karakteristiske, slagferdige stil; de rike, utbygde sl\u00e5ttene i tradisjonen etter Halldor Meland; lokale sl\u00e5tter fra Granvin og nylagde sl\u00e5tter p\u00e5 ulike m\u00e5ter; b\u00e5nsull og improvisasjon. Og gjennom hele denne veven renner en vilje til uttrykkskraft og intensitet, kombinert med den opph\u00f8yde ro som er s\u00e5 karakteristisk for spillet til Knut Hamre.<\/p>\n<p><!--more--><\/p>\n<h4><\/h4>\n<\/p>\n<h4><\/h4>\n<p><h4><\/h4>\n<\/p>\n<p><\/p>","protected":false},"excerpt":{"rendered":"<p>Mange ulike spilletyper m\u00f8tes p\u00e5 denne CD-en, og danner en mangfoldig helhet som samler tr\u00e5dene i Knut Hamres musikalske liv til n\u00e5.<\/p>\n","protected":false},"featured_media":27295,"comment_status":"closed","ping_status":"open","template":"","meta":[],"product_brand":[],"product_cat":[35],"product_tag":[],"class_list":{"0":"post-737","1":"product","2":"type-product","3":"status-publish","4":"has-post-thumbnail","6":"product_cat-heilo","7":"product_shipping_class-cddvd-shipping","8":"uni_artist_tag-anders-haga","9":"uni_artist_tag-anna-skeie","10":"uni_artist_tag-bjarne-herrefoss","11":"uni_artist_tag-knut-hamre","12":"uni_artist_tag-lars-roystrand","13":"uni_artist_tag-lars-skjervheim","14":"uni_artist_tag-nils-okland","15":"uni_artist_tag-ola-hastabo","16":"uni_artist_tag-ola-mosafinn","17":"uni_artist_tag-stein-versto","18":"uni_artist_tag-trad","19":"uni_main_artist_tag-knut-hamre","20":"uni_artist_genre-folk-music","21":"uni_artist_genre-strings","23":"first","24":"instock","25":"taxable","26":"shipping-taxable","27":"purchasable","28":"product-type-simple"},"_links":{"self":[{"href":"https:\/\/grappa.no\/no\/wp-json\/wp\/v2\/product\/737","targetHints":{"allow":["GET"]}}],"collection":[{"href":"https:\/\/grappa.no\/no\/wp-json\/wp\/v2\/product"}],"about":[{"href":"https:\/\/grappa.no\/no\/wp-json\/wp\/v2\/types\/product"}],"replies":[{"embeddable":true,"href":"https:\/\/grappa.no\/no\/wp-json\/wp\/v2\/comments?post=737"}],"wp:featuredmedia":[{"embeddable":true,"href":"https:\/\/grappa.no\/no\/wp-json\/wp\/v2\/media\/27295"}],"wp:attachment":[{"href":"https:\/\/grappa.no\/no\/wp-json\/wp\/v2\/media?parent=737"}],"wp:term":[{"taxonomy":"product_brand","embeddable":true,"href":"https:\/\/grappa.no\/no\/wp-json\/wp\/v2\/product_brand?post=737"},{"taxonomy":"product_cat","embeddable":true,"href":"https:\/\/grappa.no\/no\/wp-json\/wp\/v2\/product_cat?post=737"},{"taxonomy":"product_tag","embeddable":true,"href":"https:\/\/grappa.no\/no\/wp-json\/wp\/v2\/product_tag?post=737"}],"curies":[{"name":"wp","href":"https:\/\/api.w.org\/{rel}","templated":true}]}}