{"id":736,"date":"2010-09-13T00:00:00","date_gmt":"2010-09-12T23:00:00","guid":{"rendered":"http:\/\/www.grappa.no\/albums\/uncategorized\/aurum\/"},"modified":"2016-11-18T16:38:45","modified_gmt":"2016-11-18T15:38:45","slug":"aurum","status":"publish","type":"product","link":"https:\/\/grappa.no\/no\/albums\/heilo\/aurum\/","title":{"rendered":"Aurum"},"content":{"rendered":"<p><\/p>\n<p>Sterk oppf\u00f8lger fra Gjermund Larsen Trio<\/p>\n<p>For debuten Ankomst (2008) mottok Gjermund Larsen Trio Spellemann i klassen Folkemusikk. Aurum er andre album fra felespiller Larsen og hans trio. Albumet ble nominert til to Spellemannpriser og Folklarmprisen. Sammen med Andreas Utnem (flygel, tr\u00f8orgel) og Sondre Meisfjord (kontrabass), samt bidrag fra Helge Norbakken p\u00e5 slagverk, er dette igjen en utgivelse som viser deres elegante bevegelser mellom folkemusikk med utspring i Nord-Tr\u00f8ndelag, jazz, pop, samtidsmusikk og barokk. Genuin musikalitet og en sjangerovergripende innstilling er noen av kvalitetene p\u00e5 et gjennomarbeidet album der tradisjon og nyskapenhet g\u00e5r h\u00e5nd i h\u00e5nd. &quot;Aurum&quot; er latin for &quot;gull&quot;, og det er akkurat det Gjermund Larsen Trio har funnet her.<\/p>\n<p><!--more--><\/p>\n<p>Gjermund Larsen andre utgivelse er en sterk oppf\u00f8lger til det bejublede debutalbumet. Aurum ble nominert til to Spellemannprises og til Folkelarmprisen!<\/p>\n<h4>Larsens univers<\/h4>\n<p>Med utgangspunkt i tradisjonsmusikken fra Nord-Tr\u00f8ndelag har Gjermund Larsen greid \u00e5 skape sitt eget musikalske univers. For dette har han f\u00e5tt Spellemannpris og mye heder og \u00e6re. H\u00f8sten 2010 er han aktuell med b\u00e5de albumet Aurum og turn\u00e9 for Rikskonsertene.<\/p>\n<h4>Inspirert komponist<\/h4>\n<p>Musikerne, samspillet, arrangementene og komponeringen har f\u00e5tt modnet i to \u00e5r, og materialet er helhetlig gjennomarbeidet. Med bedre tid til \u00f8ving og utpr\u00f8ving har denne platen mye av den samme stemningen som p\u00e5 Ankomst, men en tydeligere profil \u2013 en \u201dGjermund Larsen Trio-sound\u201d. Gjermund Larsen komponerer all musikken selv, og selv om tradisjonsmusikken er hans st\u00f8rste inspirasjonskilde, er det ikke dermed slik at han komponerer i tradisjonell stil. P\u00e5 denne platen er musikken p\u00e5virket av b\u00e5de barokkmusikk og andre inspirasjonskilder som diverse typer jazz, samtidsmusikk, pop, rock, bluegrass og skandinavisk folkemusikk. Gjermund Larsen sier selv at han blir inspirert av alt han h\u00f8rer p\u00e5 og musikerne han jobber med.<\/p>\n<h4>Gjermund Larsen Trio<\/h4>\n<p>Gjermund Larsen Trio best\u00e5r av Gjermund Larsen (fele), Andreas Utnem (flygel og tr\u00f8orgel) og Sondre Meisfjord (kontrabass). I tillegg bidrar Helge Norbakken p\u00e5 perkusjon.<\/p>\n<p><\/p>","protected":false},"excerpt":{"rendered":"<p>\u2013 God som gull! Fortryllende oppf\u00f8lger fra Gjermund Larsen Trio. [6 \/ Adresseavisen]<\/p>\n","protected":false},"featured_media":27287,"comment_status":"closed","ping_status":"open","template":"","meta":[],"product_brand":[],"product_cat":[35],"product_tag":[],"class_list":{"0":"post-736","1":"product","2":"type-product","3":"status-publish","4":"has-post-thumbnail","6":"product_cat-heilo","7":"product_shipping_class-cddvd-shipping","8":"uni_artist_tag-andreas-utnem","9":"uni_artist_tag-gjermund-larsen","10":"uni_artist_tag-helge-andreas-norbakken","11":"uni_artist_tag-jorund-fluge-samuelsen","12":"uni_artist_tag-sondre-meisfjord","13":"uni_main_artist_tag-gjermund-larsen","14":"uni_artist_genre-folk-music","15":"uni_artist_genre-instrumental","16":"uni_artist_genre-traditional","18":"first","19":"instock","20":"taxable","21":"shipping-taxable","22":"purchasable","23":"product-type-simple"},"_links":{"self":[{"href":"https:\/\/grappa.no\/no\/wp-json\/wp\/v2\/product\/736","targetHints":{"allow":["GET"]}}],"collection":[{"href":"https:\/\/grappa.no\/no\/wp-json\/wp\/v2\/product"}],"about":[{"href":"https:\/\/grappa.no\/no\/wp-json\/wp\/v2\/types\/product"}],"replies":[{"embeddable":true,"href":"https:\/\/grappa.no\/no\/wp-json\/wp\/v2\/comments?post=736"}],"wp:featuredmedia":[{"embeddable":true,"href":"https:\/\/grappa.no\/no\/wp-json\/wp\/v2\/media\/27287"}],"wp:attachment":[{"href":"https:\/\/grappa.no\/no\/wp-json\/wp\/v2\/media?parent=736"}],"wp:term":[{"taxonomy":"product_brand","embeddable":true,"href":"https:\/\/grappa.no\/no\/wp-json\/wp\/v2\/product_brand?post=736"},{"taxonomy":"product_cat","embeddable":true,"href":"https:\/\/grappa.no\/no\/wp-json\/wp\/v2\/product_cat?post=736"},{"taxonomy":"product_tag","embeddable":true,"href":"https:\/\/grappa.no\/no\/wp-json\/wp\/v2\/product_tag?post=736"}],"curies":[{"name":"wp","href":"https:\/\/api.w.org\/{rel}","templated":true}]}}