{"id":731,"date":"2005-08-15T00:00:00","date_gmt":"2005-08-14T23:00:00","guid":{"rendered":"http:\/\/www.grappa.no\/albums\/uncategorized\/stemmenes-skygge\/"},"modified":"2016-11-18T16:38:41","modified_gmt":"2016-11-18T15:38:41","slug":"stemmenes-skygge","status":"publish","type":"product","link":"https:\/\/grappa.no\/no\/albums\/heilo\/stemmenes-skygge\/","title":{"rendered":"Stemmenes skygge"},"content":{"rendered":"<p><\/p>\n<p>Str\u00e5lende nordisk samarbeid<\/p>\n<p>Stemmenes skygge er en ekstraordin\u00e6r og suggerende utgivelse. Kirsten Br\u00e5ten Berg (Norge), Lena Willemark (Sverige) og Marilyn Mazur (Danmark\/USA) l\u00f8fter den nordiske folkekunsten inn i et nytt tusen\u00e5r: tre unike stemmer og tre ulike tradisjoner har her funnet et felles uttrykk. Nordiske stev og ballader fra middelalderen blandes med egne komposisjoner og fremf\u00f8res p\u00e5 utradisjonelle m\u00e5ter med klangfulle og dramatiske effekter. Stemmenes skygge var opprinnelig et prosjekt med urpremiere under Moldejazz i 2000. Her hadde Br\u00e5ten Berg, Willemark og Mazur med seg den norske danseren Ingrid Lorenzten. Resultatet var en trollbindende forestilling der trioens suggerende toner ble visualisert av Lorentzens dans. I 2005 kom Stemmenes skygge endelig ut som CD, og i likhet med konsertprosjektet fikk utgivelsen str\u00e5lende anmeldelser i norsk og utenlandsk presse.<\/p>\n<p><!--more--><\/p>\n<p>Str\u00e5lende nordisk samarbeid: Stemmenes skygge med Kirsten Br\u00e5ten Berg, Lena Willemark og Marilyn Mazur.<\/p>\n<h4>Nordiske middelalderballader<\/h4>\n<p>Norges fremste ambassad\u00f8r for tradisjonsmusikk, Kirsten Br\u00e5ten Berg, utgj\u00f8r sammen med Sveriges Lena Willemark to av nordens mest etablerte ut\u00f8vere av vokal folkemusikk. N\u00e5r de i tillegg f\u00e5r med seg ditto perkusjonist fra Danmark, Marilyn Mazur, er resultatet en CD-plate som sprenger langt flere grenser enn de geografiske. Stemmenes skygge bygger p\u00e5 nordiske middelalderballader, og det intense forholdet mellom motsetninger preger denne reisen i toner, stemninger, og de fleste folkemusikalske taktarter. Platen er innspilt i Sun Studio i K\u00f8benhavn, august 2003, med Asle Karstad som produsent, og med teknisk innblanding fra b\u00e5de Bjarne Hansen og Jan Erik Kongshaug.<\/p>\n<h4>Str\u00e5lende nordisk samarbeid<\/h4>\n<p>Lena og Kirsten har v\u00e6rt n\u00e6re venner i snart 15 \u00e5r, og har samarbeidet om flere kurs og mange konserter. Etterhvert har \u00f8nsket om  et felles prosjekt basert p\u00e5 to stemmer vokst fram. \u00abStemmenes  skygge\u00bb oppsto og utviklet seg fra felles arv og tradisjoner.  Alvdalsdialekten og Setesdalsdialekten har enn\u00e5 mye gammelnordisk i seg. Nordiske stev og ballader fra middelalderen ble deres prosjekt, rikt krydret og fargelagt av Marilyns kraftfulle spill. Et tilfeldig m\u00f8te med Ingrid Lorentzen ble avgj\u00f8rende; Hun ville s\u00e5 gjerne danse til middelalderballader! Stemmenes skygge ble en forestilling om mystikk og lengsel, kj\u00e6rlighet og undertrykte f\u00f8lelser. En dans om livet, til ballader og stev om livets store sp\u00f8rsm\u00e5l.<\/p>\n<h4>Om de medvirkende<\/h4>\n<p>KIRSTEN BR\u00c5TEN BERG, f\u00f8dt i Arendal i 1950, er f\u00f8rst og fremst kjent for sin unike kveding, men hun har ogs\u00e5 egen sylvsmie i Setesdalen der hun har bodd siden 1973. I l\u00f8pet av \u00e5rene har hun medvirket til \u00e5 presentere tradisjonsmusikk i nye sammenhenger, men har ogs\u00e5 v\u00e6rt en n\u00f8kkelperson i prosessen med \u00e5 utvikle og formidle den lokale musikalske arven. Hun vant Landskappleiken i 1987, vunnet Spellemannsprisen flere ganger, turnert b\u00e5de i Norge og utlandet uttallige ganger, og har gitt ut en lang rekke CD-plater. Hun har samarbeidet med blant annet Hallvard T. Bj\u00f8rgum og Arild Andersen, men har ogs\u00e5 jobbet p\u00e5 tvers av landegrenser: blant annet med skandinaviske og afrikanske prosjekter. Br\u00e5ten Berg har gjort en enorm innsats for \u00e5 fremme folkemusikk b\u00e5de her til lands, og i resten av verden, og minner oss p\u00e5 at folkemusikk er skapt p\u00e5 tvers av spr\u00e5k og kultur. <\/p>\n<p>MARILYN MAZUR ble f\u00f8dt i New York i 1955, men har bodd i Danmark siden hun var seks \u00e5r gammel. Hennes musikalske karriere preges av et stort mangfold. Som pianist og komponist startet hun sitt f\u00f8rste band, Zirenes, i 1973, og har medvirket i mange andre besetninger etter det. Marilyn har jobbet med en stor mengde forskjellige musikere av stor internasjonal klasse, og innenfor mange ulike sjangre, men har utviklet sin helt spesielle m\u00e5te \u00e5 kommunisere musikk p\u00e5. Siden 1991 har Mazur v\u00e6rt fast medlem i Jan Garbarek Group, og bortsett fra \u00e5 turnere med den og med sine egne prosjekter, er hun aktiv komponist.<\/p>\n<p>LENA WILLEMARK er en av Sveriges mest anerkjente fortolkere av tradisjonell folkemusikk. Hun er f\u00f8dt i den lille landsbyen Evertsberg i 1960, og arven fra folkemusikken ligger dypt forankret i musikken hennes. Hennes m\u00f8te med jazz p\u00e5 slutten av 70-tallet ved Royal college of music i Stockholm f\u00f8rte til en sammensmeltning av disse to distinkte stilartene, og dette gj\u00f8r henne til en helt unik artist idag. Sammen med Ale M\u00f6ller i Nordan-prosjektet, mottok hun i 1994 b\u00e5de svensk Grammy og den tyske Preis der Deutschen Schallplattenkritik. Etter plate med Frifot p\u00e5 anerkjente ECM Records, medvirkning p\u00e5 et stort antall kritikerroste plater, en mengde opptredener i radio og p\u00e5 TV, har Willemark rukket \u00e5 bli en anerkjent og hyllet musiker\/sanger av verdensklasse.<\/p>\n<p><\/p>","protected":false},"excerpt":{"rendered":"<p>\u2013 Folkemusikk  s\u00e5  spennende  at  jeg  vil  h\u00f8re  den  om  og  om  igjen! [Emil  Otto  Syvertsen \/ F\u00e6drelandsvennen]<\/p>\n","protected":false},"featured_media":27242,"comment_status":"closed","ping_status":"open","template":"","meta":[],"product_brand":[],"product_cat":[35],"product_tag":[],"class_list":{"0":"post-731","1":"product","2":"type-product","3":"status-publish","4":"has-post-thumbnail","6":"product_cat-heilo","7":"product_shipping_class-cddvd-shipping","8":"uni_artist_tag-asle-karstad","9":"uni_artist_tag-kirsten-braten-berg","10":"uni_artist_tag-lena-willemark","11":"uni_artist_tag-marilyn-mazur","12":"uni_artist_tag-trad","13":"uni_main_artist_tag-kirsten-braten-berg","14":"uni_artist_genre-traditional","15":"uni_artist_genre-world-music","17":"first","18":"instock","19":"taxable","20":"shipping-taxable","21":"purchasable","22":"product-type-simple"},"_links":{"self":[{"href":"https:\/\/grappa.no\/no\/wp-json\/wp\/v2\/product\/731","targetHints":{"allow":["GET"]}}],"collection":[{"href":"https:\/\/grappa.no\/no\/wp-json\/wp\/v2\/product"}],"about":[{"href":"https:\/\/grappa.no\/no\/wp-json\/wp\/v2\/types\/product"}],"replies":[{"embeddable":true,"href":"https:\/\/grappa.no\/no\/wp-json\/wp\/v2\/comments?post=731"}],"wp:featuredmedia":[{"embeddable":true,"href":"https:\/\/grappa.no\/no\/wp-json\/wp\/v2\/media\/27242"}],"wp:attachment":[{"href":"https:\/\/grappa.no\/no\/wp-json\/wp\/v2\/media?parent=731"}],"wp:term":[{"taxonomy":"product_brand","embeddable":true,"href":"https:\/\/grappa.no\/no\/wp-json\/wp\/v2\/product_brand?post=731"},{"taxonomy":"product_cat","embeddable":true,"href":"https:\/\/grappa.no\/no\/wp-json\/wp\/v2\/product_cat?post=731"},{"taxonomy":"product_tag","embeddable":true,"href":"https:\/\/grappa.no\/no\/wp-json\/wp\/v2\/product_tag?post=731"}],"curies":[{"name":"wp","href":"https:\/\/api.w.org\/{rel}","templated":true}]}}