{"id":73,"date":"2001-07-02T00:00:00","date_gmt":"2001-07-01T23:00:00","guid":{"rendered":"http:\/\/www.grappa.no\/?post_type=product&#038;p=73"},"modified":"2019-12-11T11:14:08","modified_gmt":"2019-12-11T10:14:08","slug":"ekte-eggum","status":"publish","type":"product","link":"https:\/\/grappa.no\/no\/albums\/grappa\/ekte-eggum\/","title":{"rendered":"EKTE EGGUM"},"content":{"rendered":"<p><\/p>\n<p>Ekte vare fra Jan Eggum<\/p>\n<p>I over 26 \u00e5r har Jan Eggum tilh\u00f8rt det absolutte toppsjiktet blant norske artister. Et stort antall plateutgivelser under eget navn og med Gitarkameratene, i tillegg til samarbeid med en rekke andre norske artister stadfester Eggums posisjon i det norske musikklivet som en uovertruffen melodimaker, sylskarp observat\u00f8r og en s\u00e6rpreget gitarist. Samleplaten Ekte Eggum inkluderer Eggums mest kjente og kj\u00e6re publikumsfavoritter, fra &quot;De ville begrave en konge stor&quot; til &quot;P\u00e5 \u2019an igjen&quot;. Ekte Eggum inneholder til sammen 16 knallsterke sanger, hvorav 5 av disse er nyinnspillinger. Med over 25 \u00e5r som artist har det v\u00e6rt nok \u00e5 velge mellom blant Eggums store produksjon og utvalget p\u00e5 denne samleplaten bekrefter artistens uovertrufne teft for melodier og hans sylskarpe observasjoner.<\/p>\n<p><!--more--><\/p>\n<p>Med en perle av en samleplate tjuvstarter vi 50-\u00e5rsjubileet til Jan Eggum!<\/p>\n<h4>Gavepakke til gamle og nye fans<\/h4>\n<p>Vi tjuvstarter 50-\u00e5rsjubileet til Eggum med en perle av en samleplate. Ekte Eggum gir oss rett og slett de mest kjente og kj\u00e6re publikumsfavorittene gjennom 26 \u00e5r, fra &quot;De ville begrave en konge stor&quot; til &quot;P\u00e5 \u2019an igjen&quot;. Dette er en skikkelig gavepakke til de som gjerne vil bli bedre kjent med Eggum, hans musikk og historie. Albumet er dessuten et must for ekte Eggum-freaks, siden de eldste l\u00e5tene p\u00e5 Ekte Eggum er blitt spilt inn p\u00e5 ny og gitt et mer moderne lydbilde.<\/p>\n<h4>Velkommen til Eggums univers<\/h4>\n<p>Ekte Eggum er blitt en feiring av Eggums lange, allsidige og suksessfylte karriere og hedrer hans velfortjente plass i toppsjiktet blant norske artister. Eggums s\u00e6regne stil, hans humor og syrlighet blomstrer for fullt p\u00e5 denne samleutgivelsen som er en herlig mimrestund for trofaste tilh\u00f8rere og en sjarmerende inngang inn til Eggums univers for nye fans.<\/p>\n<h4><\/h4>\n<\/p>\n<p><\/p>","protected":false},"excerpt":{"rendered":"<p>En ekte feiring av en ekte artist!<\/p>\n","protected":false},"featured_media":10925,"comment_status":"closed","ping_status":"open","template":"","meta":[],"product_brand":[],"product_cat":[6],"product_tag":[],"class_list":{"0":"post-73","1":"product","2":"type-product","3":"status-publish","4":"has-post-thumbnail","6":"product_cat-grappa","7":"product_shipping_class-cddvd-shipping","8":"uni_artist_tag-amund-enger","9":"uni_artist_tag-anders-engen","10":"uni_artist_tag-angelica-karsrud","11":"uni_artist_tag-arne-moe-vindedal","12":"uni_artist_tag-audun-erlien","13":"uni_artist_tag-beate-kvalsvik","14":"uni_artist_tag-bendik-hofseth","15":"uni_artist_tag-bergmund-w-skaslien","16":"uni_artist_tag-bjarne-magnus-jensen","17":"uni_artist_tag-bjorn-kjellemyr","18":"uni_artist_tag-borge-pettersen-overleir","19":"uni_artist_tag-bugge-wesseltoft","20":"uni_artist_tag-cikada-string-quartet","21":"uni_artist_tag-dorthe-dreier","22":"uni_artist_tag-egil-eldoen","23":"uni_artist_tag-eivind-aarset","24":"uni_artist_tag-elisabeth-meteland-molvik","25":"uni_artist_tag-elisabeth-moberg","26":"uni_artist_tag-erik-hillestad","27":"uni_artist_tag-frank-hammersland","28":"uni_artist_tag-frode-alnaes","29":"uni_artist_tag-geir-luedy","30":"uni_artist_tag-geir-rebbestad","31":"uni_artist_tag-geir-rogno","32":"uni_artist_tag-gunnar-bjelland","33":"uni_artist_tag-hakon-iversen","34":"uni_artist_tag-halvdan-sivertsen","35":"uni_artist_tag-hans-josef-groh","36":"uni_artist_tag-hans-jorgen-stop","37":"uni_artist_tag-helge-lilletvedt","38":"uni_artist_tag-inger-udheim","39":"uni_artist_tag-jan-eggum","40":"uni_artist_tag-jan-kare-hystad","41":"uni_artist_tag-johan-sebastian-blum","42":"uni_artist_tag-johnny-sareussen","43":"uni_artist_tag-jon-myklebust","44":"uni_artist_tag-judith-starr","45":"uni_artist_tag-kare-sandvik","46":"uni_artist_tag-kare-vestrheim","47":"uni_artist_tag-kari-saelen","48":"uni_artist_tag-ketil-pedersen","49":"uni_artist_tag-knut-vaernes","50":"uni_artist_tag-kristine-helbekkmo","51":"uni_artist_tag-kyrre-fritzner","52":"uni_artist_tag-lillebjorn-nilsen","53":"uni_artist_tag-lynni-treekrem","54":"uni_artist_tag-magnar-torstad","55":"uni_artist_tag-magne-lunde","56":"uni_artist_tag-marion-kinden","57":"uni_artist_tag-marius-jacobsen","58":"uni_artist_tag-marius-reksjo","59":"uni_artist_tag-mats-egil-gronner","60":"uni_artist_tag-morten-halle","61":"uni_artist_tag-nils-petter-molvaer","62":"uni_artist_tag-nina-askeland","63":"uni_artist_tag-oystein-sunde","64":"uni_artist_tag-paolo-vinaccia","65":"uni_artist_tag-per-oystein-sorensen","66":"uni_artist_tag-reidar-skar","67":"uni_artist_tag-ronny-skaar","68":"uni_artist_tag-runar-tafjord","69":"uni_artist_tag-rune-arnesen","70":"uni_artist_tag-steinar-ofsdal","71":"uni_artist_tag-sverre-erik-henriksen","72":"uni_artist_tag-taral-z-jensen","73":"uni_artist_tag-the-brazz-brothers","74":"uni_artist_tag-thomas-tofte","75":"uni_artist_tag-tor-bjarne-bjelland","76":"uni_artist_tag-tor-jaran-apold","77":"uni_artist_tag-torbjorn-sunde","78":"uni_artist_tag-tove-nilsen","79":"uni_artist_tag-trygve-thue","80":"uni_artist_tag-vegard-johnsen","81":"uni_artist_tag-yngve-moe","82":"uni_main_artist_tag-jan-eggum","83":"uni_artist_genre-norwegian","84":"uni_artist_genre-pop","85":"uni_artist_genre-rock","86":"uni_artist_genre-singersongwriter","88":"first","89":"outofstock","90":"taxable","91":"shipping-taxable","92":"product-type-simple"},"_links":{"self":[{"href":"https:\/\/grappa.no\/no\/wp-json\/wp\/v2\/product\/73","targetHints":{"allow":["GET"]}}],"collection":[{"href":"https:\/\/grappa.no\/no\/wp-json\/wp\/v2\/product"}],"about":[{"href":"https:\/\/grappa.no\/no\/wp-json\/wp\/v2\/types\/product"}],"replies":[{"embeddable":true,"href":"https:\/\/grappa.no\/no\/wp-json\/wp\/v2\/comments?post=73"}],"wp:featuredmedia":[{"embeddable":true,"href":"https:\/\/grappa.no\/no\/wp-json\/wp\/v2\/media\/10925"}],"wp:attachment":[{"href":"https:\/\/grappa.no\/no\/wp-json\/wp\/v2\/media?parent=73"}],"wp:term":[{"taxonomy":"product_brand","embeddable":true,"href":"https:\/\/grappa.no\/no\/wp-json\/wp\/v2\/product_brand?post=73"},{"taxonomy":"product_cat","embeddable":true,"href":"https:\/\/grappa.no\/no\/wp-json\/wp\/v2\/product_cat?post=73"},{"taxonomy":"product_tag","embeddable":true,"href":"https:\/\/grappa.no\/no\/wp-json\/wp\/v2\/product_tag?post=73"}],"curies":[{"name":"wp","href":"https:\/\/api.w.org\/{rel}","templated":true}]}}