{"id":725,"date":"2011-09-02T00:00:00","date_gmt":"2011-09-01T23:00:00","guid":{"rendered":"http:\/\/www.grappa.no\/albums\/uncategorized\/epitaffio\/"},"modified":"2019-02-22T16:04:33","modified_gmt":"2019-02-22T15:04:33","slug":"epitaffio","status":"publish","type":"product","link":"https:\/\/grappa.no\/no\/albums\/simax-classics\/epitaffio\/","title":{"rendered":"Epitaffio"},"content":{"rendered":"<p><\/p>\n<p>Nye landskap i Nordheims partiturer<\/p>\n<p>Arne Nordheim preget norsk musikk- og kulturliv som ingen andre i moderne tid. Gjennombruddsverkene er her spilt inn p\u00e5 nytt for f\u00f8rste gang siden 70-tallet. Oslo-filharmonien spiller Nordheim med uts\u00f8kt klangbehandling og v\u00e5kent \u00f8ye for arkitekturen i partiturene \u2013 han spilles rett og slett som den klassikeren han er! <\/p>\n<p>Canzona (1960) og Epitaffio (1963) var gjennombruddsverkene til Nordheim innen orkesterlitteraturen, og f\u00f8rte til nye bestillinger fra navn som L.A. Philharmonics\/Zubin Mehta, Concertgebouw, Rostropovitsj og mange flere. De siste stykkene Nordheim skrev for orkester; Monolith, Adieu og Fonos, har aldri v\u00e6rt innspilt tidligere.<\/p>\n<p><!--more--><\/p>\n<p>Arne Nordheim preget norsk musikk- og kulturliv som ingen andre i moderne tid. P\u00e5 denne utgivelsen tolker landets fremste orkester Nordheims gjennombruddsverk og de siste symfoniske verkene han skrev. Og Oslo-filharmonien spiller ham med uts\u00f8kt klangbehandling og v\u00e5kent \u00f8ye for arkitekturen i partiturene \u2013 han spilles rett og slett som den klassikeren han er!<\/p>\n<h4>Gjennombrudd<\/h4>\n<p>Canzona (1960) og Epitaffio (1963) var gjennombruddsverkene til Nordheim innen orkesterlitteraturen, og f\u00f8rte til nye bestillinger fra navn som L.A. Philharmonics\/Zubin Mehta, Concertgebouw, Rostropovitsj og mange flere. Vi h\u00f8rer inspirasjonen fra Bart\u00f2k, Stockhausen og Ligeti. Men ogs\u00e5 Mahler klinger med; id\u00e9-innholdet, kombinasjonen av musikk og tekstinnhold \u2013 det menneskelige og filosofiske budskapet ble hovedsaken for Nordheim etter at han h\u00f8rte Mahlers 2. symfoni i 1949.<\/p>\n<h4>De siste symfoniske verkene<\/h4>\n<p>\u00abJeg har hele livet skrevet p\u00e5 det samme stykket,\u00bb er en av Nordheims mange mytedannende utsagn. Trombonisten Marius Hesby arbeidet sammen med Nordheim om utformingen av solopartiet i trombonekonserten Fonos, med urfremf\u00f8ring i 2005. Verket er i slekt med Monolith, som ble bestilt av International Program for Music Composition i Tokyo i 1990. Stykket Adieu er skrevet til minne om komponisten Witold Lutoslawski i 1994.<\/p>\n<h4>Utskjelt og anerkjent<\/h4>\n<p>For flere generasjoner nordmenn har Nordheims navn v\u00e6rt synonymt med ny musikk. Arne Nordheim opplevde \u00e5 f\u00e5 stor anerkjennelse internasjonalt gjennom hele 70-, 80- og 90- tallet, med bestillinger fra de fremste orkestre, solister og dirigenter i verden. Denne st\u00f8tten gjorde at han med rak rygg kunne st\u00e5 i mot den veritable utskjelling han m\u00e5tte t\u00e5le i sitt hjemland, der han ble angrepet som representant for all samtidskunst \u2013 ikke bare sin egen musikk. Harald Herresthal har skrevet en tankevekkende og belysende artikkel om Arne Nordheims kunstneriske veivalg til denne utgivelsen.<\/p>\n<p><\/p>","protected":false},"excerpt":{"rendered":"<p>\u2013 Rolf Gupta dirigerer \u00abMonolith\u00bb, \u00abEpitaffio\u00bb, \u00abCanzona\u00bb og \u00abAdieu\u00bb. Og det gj\u00f8r han s\u00e5 godt, at jeg ikke kan komme p\u00e5 noen andre innspillinger av disse verkene som helt matcher. Fargene i musikken skinner og lyser og orkestret spiller med en briljant klarhet som gir musikken tydelige konturer. Slik f\u00e5r vi syn for sagn at de romantiske sidene ved komponisten Nordheim ikke p\u00e5 noen m\u00e5te krymper ved \u00e5 bli helt gjennomlyst. [\u2026] Alt dette samler seg til en makel\u00f8s fin Nordheim-utgivelse. [6 St\u00e5le Wiksh\u00e5land \/ Dagbladet]<\/p>\n","protected":false},"featured_media":27753,"comment_status":"closed","ping_status":"open","template":"","meta":[],"product_brand":[],"product_cat":[180],"product_tag":[],"class_list":{"0":"post-725","1":"product","2":"type-product","3":"status-publish","4":"has-post-thumbnail","6":"product_cat-simax-classics","7":"product_shipping_class-cddvd-shipping","8":"uni_artist_tag-arne-nordheim","9":"uni_artist_tag-jukka-pekka-saraste","10":"uni_artist_tag-krzysztof-drab","11":"uni_artist_tag-marius-hesby","12":"uni_artist_tag-oslo-philharmonic-orchestra","13":"uni_artist_tag-rolf-gupta","14":"uni_main_artist_tag-oslo-philharmonic-orchestra","15":"uni_artist_genre-brass","16":"uni_artist_genre-concerto","17":"uni_artist_genre-contemporary-music","18":"uni_artist_genre-orchestral","19":"uni_artist_genre-world-premiere-recording","21":"first","22":"instock","23":"taxable","24":"shipping-taxable","25":"purchasable","26":"product-type-simple"},"_links":{"self":[{"href":"https:\/\/grappa.no\/no\/wp-json\/wp\/v2\/product\/725","targetHints":{"allow":["GET"]}}],"collection":[{"href":"https:\/\/grappa.no\/no\/wp-json\/wp\/v2\/product"}],"about":[{"href":"https:\/\/grappa.no\/no\/wp-json\/wp\/v2\/types\/product"}],"replies":[{"embeddable":true,"href":"https:\/\/grappa.no\/no\/wp-json\/wp\/v2\/comments?post=725"}],"wp:featuredmedia":[{"embeddable":true,"href":"https:\/\/grappa.no\/no\/wp-json\/wp\/v2\/media\/27753"}],"wp:attachment":[{"href":"https:\/\/grappa.no\/no\/wp-json\/wp\/v2\/media?parent=725"}],"wp:term":[{"taxonomy":"product_brand","embeddable":true,"href":"https:\/\/grappa.no\/no\/wp-json\/wp\/v2\/product_brand?post=725"},{"taxonomy":"product_cat","embeddable":true,"href":"https:\/\/grappa.no\/no\/wp-json\/wp\/v2\/product_cat?post=725"},{"taxonomy":"product_tag","embeddable":true,"href":"https:\/\/grappa.no\/no\/wp-json\/wp\/v2\/product_tag?post=725"}],"curies":[{"name":"wp","href":"https:\/\/api.w.org\/{rel}","templated":true}]}}