{"id":723,"date":"2011-06-10T00:00:00","date_gmt":"2011-06-09T23:00:00","guid":{"rendered":"http:\/\/www.grappa.no\/albums\/uncategorized\/forqueray-pieces-de-viole-mises-en-pieces-de-clavecin-complete-works-for-harpsichord\/"},"modified":"2019-02-22T16:04:29","modified_gmt":"2019-02-22T15:04:29","slug":"forqueray-pieces-de-viole-mises-en-pieces-de-clavecin-complete-works-for-harpsichord","status":"publish","type":"product","link":"https:\/\/grappa.no\/no\/albums\/simax-classics\/forqueray-pieces-de-viole-mises-en-pieces-de-clavecin-complete-works-for-harpsichord\/","title":{"rendered":"Forqueray: &quot;Pieces de Viole mises en Pieces de Clavecin&quot; \u2013 Complete Works for Harpsichord"},"content":{"rendered":"<p><\/p>\n<p>Supersaftig fransk barokk<\/p>\n<p>Forsiden av denne dobbeltutgivelsen viser et cembalo i Adams drakt, satt p\u00e5 h\u00f8ykant som en gambe. Musikken stammer nemlig fra begge disse to instrumentene. P\u00e5 slutten av 1600-tallet stod musikerfamilien Forqueray sterkt ved Solkongens hoff. Da far Antoine gikk bort, tok det ikke mer enn to \u00e5r f\u00f8r s\u00f8nnen publiserte farens fabelaktige  gambe-musikk originalt og i sin egen transkriberte (og bearbeidede) versjon for cembalo samtidig. Dette var en virkelig en god satsning; gamben var p\u00e5 vei ut og cembaloet det nye og hotte!<\/p>\n<p>Ketil Haugsand en usedvanlig spilleglad ekspert innenfor tidligmusikk. Professoren i cembalo ved Hochschule f\u00fcr Musik K\u00f6ln lar entusiasme og ekspertise g\u00e5 h\u00e5nd i h\u00e5nd, enten det dreier seg om favorittbilmerket Jaguar (restaurerer selv) eller barokkmusikk. P\u00e5 denne innspillingen benytter han et fenomenalt instrument han har bygget selv, etter flamsk modell.<\/p>\n<p><!--more--><\/p>\n<p>Fransk barokkmusikk er saftige saker. Entusiast og barokk-spesialist Ketil Haugsand holder lite tilbake n\u00e5r han n\u00e5 endelig \u2013 34 \u00e5r etter at han begynte prosjektet \u2013 kan fullf\u00f8re innspillingen av den komplette cembalomusikken til Forqueray.<\/p>\n<h4>Sjalusi<\/h4>\n<p>P\u00e5 slutten av 1600-tallet stod familien Forqueray sterkt ved Solkongens hoff. Den nye italienske stil var siste mote, og far Antoine var en sann virtuos med sin gambe. S\u00f8nnen Jean Baptiste utviklet seg raskt med et enda st\u00f8rre talent, og ble kongens nye yndling. Faren utviklet en enorm sjalusi ovenfor s\u00f8nnen, noe som f\u00f8rte til at han i 1715 fikk ham fengslet p\u00e5 falske anklager, og ti \u00e5r senere utvist fra landet!<\/p>\n<h4>God butikk<\/h4>\n<p>Da far Antoine gikk bort, tok det ikke mer enn to \u00e5r f\u00f8r s\u00f8nnen publiserte farens fabelaktige  gambe-musikk originalt og i sin egen transkriberte (og bearbeidede) versjon for cembalo samtidig. Dette var en virkelig en god satsning; gamben var p\u00e5 vei ut og cembaloet det nye og hotte! Komponisten kommenterer selv at for \u00e5 bevare karakteren stykkene har i gambe-versjonen, er de lagt litt lavt i registeret p\u00e5 cembaloet. Resultatet er en klang som ryster tilh\u00f8rere ogs\u00e5 i dag.<\/p>\n<h4>Professor Ketil Haugsand i st\u00f8tet p\u00e5 selvbygg<\/h4>\n<p>Ketil Haugsand en usedvanlig spilleglad ekspert innenfor tidligmusikk. Med base som professor i cembalo ved Hochschule f\u00fcr Musik K\u00f6ln gj\u00f8r han en rekke konserter over hele Europa gjennom \u00e5ret. Entusiasme og ekspertise g\u00e5r h\u00e5nd i h\u00e5nd hos Haugsand, enten det dreier seg om favorittbilmerket Jaguar (restaurerer selv) eller barokkmusikk. P\u00e5 denne innspillingen benytter han et fenomenalt instrument han har bygget selv, etter flamsk modell.<\/p>\n<p><\/p>","protected":false},"excerpt":{"rendered":"<p>Saftig fransk barokkmusikk fra Haugsand<\/p>\n","protected":false},"featured_media":27750,"comment_status":"closed","ping_status":"open","template":"","meta":[],"product_brand":[],"product_cat":[180],"product_tag":[],"class_list":{"0":"post-723","1":"product","2":"type-product","3":"status-publish","4":"has-post-thumbnail","6":"product_cat-simax-classics","7":"product_shipping_class-cddvd-shipping","8":"uni_artist_tag-francois-eckert","9":"uni_artist_tag-g-b-antoine-jean-baptiste-forqueray","10":"uni_artist_tag-ketil-haugsand","11":"uni_main_artist_tag-ketil-haugsand","12":"uni_artist_genre-complete","13":"uni_artist_genre-early-music","15":"first","16":"instock","17":"taxable","18":"shipping-taxable","19":"purchasable","20":"product-type-simple"},"_links":{"self":[{"href":"https:\/\/grappa.no\/no\/wp-json\/wp\/v2\/product\/723","targetHints":{"allow":["GET"]}}],"collection":[{"href":"https:\/\/grappa.no\/no\/wp-json\/wp\/v2\/product"}],"about":[{"href":"https:\/\/grappa.no\/no\/wp-json\/wp\/v2\/types\/product"}],"replies":[{"embeddable":true,"href":"https:\/\/grappa.no\/no\/wp-json\/wp\/v2\/comments?post=723"}],"wp:featuredmedia":[{"embeddable":true,"href":"https:\/\/grappa.no\/no\/wp-json\/wp\/v2\/media\/27750"}],"wp:attachment":[{"href":"https:\/\/grappa.no\/no\/wp-json\/wp\/v2\/media?parent=723"}],"wp:term":[{"taxonomy":"product_brand","embeddable":true,"href":"https:\/\/grappa.no\/no\/wp-json\/wp\/v2\/product_brand?post=723"},{"taxonomy":"product_cat","embeddable":true,"href":"https:\/\/grappa.no\/no\/wp-json\/wp\/v2\/product_cat?post=723"},{"taxonomy":"product_tag","embeddable":true,"href":"https:\/\/grappa.no\/no\/wp-json\/wp\/v2\/product_tag?post=723"}],"curies":[{"name":"wp","href":"https:\/\/api.w.org\/{rel}","templated":true}]}}