{"id":722,"date":"2010-11-15T00:00:00","date_gmt":"2010-11-14T23:00:00","guid":{"rendered":"http:\/\/www.grappa.no\/albums\/uncategorized\/mahler-symphony-no-6\/"},"modified":"2019-02-22T16:04:25","modified_gmt":"2019-02-22T15:04:25","slug":"mahler-symphony-no-6","status":"publish","type":"product","link":"https:\/\/grappa.no\/no\/albums\/simax-classics\/mahler-symphony-no-6\/","title":{"rendered":"Mahler Symphony No. 6"},"content":{"rendered":"<p><\/p>\n<p>Kraftfull Mahler 6. fra Oslo-filharmonien og Saraste<\/p>\n<p>Her er Jukka-Pekka Sarastes aller f\u00f8rste Mahler-utgivelse noensinne! Oslo Filharmoniske Orkester videref\u00f8rer sin serie Mahler-symfonier med sin sjefdirigent, og det h\u00f8res i klangen og m\u00e5ten frasen b\u00e6res p\u00e5 at vi har med et ekte &#8216;Mahler-orkester&#8217; \u00e5 gj\u00f8re. Opptakene er fra mars 2010.<\/p>\n<p>Mahler understreket selv ved flere anledninger at hans 6. symfoni skulle forst\u00e5s som et n\u00e6rmest selvbiografisk verk. <\/p>\n<p>Simax\u2019 utgivelse av symfoni nr. 6 er den femte Mahler-utgivelsen med OFO, i en serie som har mottatt mye heder og \u00e6re b\u00e5de ute og hjemme.<\/p>\n<p><!--more--><\/p>\n<p>Her er Jukka-Pekka Sarastes aller f\u00f8rste Mahler-utgivelse noensinne! Oslo Filharmoniske Orkester videref\u00f8rer sin serie Mahler-symfonier med sin sjefdirigent, og det h\u00f8res i klangen og m\u00e5ten frasen b\u00e6res p\u00e5 at vi har med et ekte &#8216;Mahler-orkester&#8217; \u00e5 gj\u00f8re.<\/p>\n<h4>Skjebne og overtro<\/h4>\n<p>Symfonien er utvilsomt skjebnetung og dyster i utrykket. Mahler forandret rekkef\u00f8lgen p\u00e5 andre og tredje sats frem og tilbake. Etter \u00e5 ha fors\u00f8kt begge muligheter i noen av de tidlige framf\u00f8ringene, bestemte han at andanten skulle komme som nummer to og scherzoen som tredje sats. De tre grufulle, apokalyptiske hammerslagene i finalen s\u00e5 hans kone Alma som forvarsler for de tre skjebneslagene som skulle ramme Mahler; deres f\u00f8rstef\u00f8dte datter Maria d\u00f8de, Mahler ble diagnostisert med en uhelbredelig hjertelidelse, og han ble tvunget til \u00e5 forlate stillingen som operasjef  i Wien.<\/p>\n<h4>Bort fra verdens bekymringer<\/h4>\n<p>Andante moderato i den sjette symfonien kan med rette betegnes som en av Mahlers mest uts\u00f8kte langsomme satser. Selv om den ikke er uten m\u00f8rkere partier, st\u00e5r den ut fra resten av symfonien i kraft av sin uanstrengte lyrikk, melodiske eleganse og jevnt over rolige, varme atmosf\u00e6re. Her h\u00f8rer vi igjen stemmen til Mahler som oppgl\u00f8dd sangskriver, og vi er vitne til komponistens fors\u00f8k p\u00e5 \u00e5 trekke seg tilbake fra verdens bekymringer.<\/p>\n<h4>Med Mahler ut i Europa<\/h4>\n<p>Opptakene p\u00e5 denne utgivelsen ble gjort under konsertene i mars 2010. Oslo Filharmoniske Orkester og Saraste er n\u00e5 invitert ut for \u00e5 gj\u00f8re mer Mahler. Den 25. november er det symfoni nr. 9 som st\u00e5r p\u00e5 programmet i Rotterdam. Simax\u2019 utgivelse av symfoni nr. 6 er den femte Mahler-utgivelsen med OFO, i en serie som har mottatt mye heder og \u00e6re b\u00e5de ute og hjemme.<\/p>\n<p><\/p>","protected":false},"excerpt":{"rendered":"<p>\u2013 Dette, tenker jeg, er Mahler p\u00e5 sitt beste. [Dagbladet]<\/p>\n","protected":false},"featured_media":27749,"comment_status":"closed","ping_status":"open","template":"","meta":[],"product_brand":[],"product_cat":[180],"product_tag":[],"class_list":{"0":"post-722","1":"product","2":"type-product","3":"status-publish","4":"has-post-thumbnail","6":"product_cat-simax-classics","7":"product_shipping_class-cddvd-shipping","8":"uni_artist_tag-gustav-mahler","9":"uni_artist_tag-jukka-pekka-saraste","10":"uni_artist_tag-krzysztof-drab","11":"uni_artist_tag-oslo-philharmonic-orchestra","12":"uni_main_artist_tag-oslo-philharmonic-orchestra","13":"uni_artist_genre-orchestral","15":"first","16":"instock","17":"taxable","18":"shipping-taxable","19":"purchasable","20":"product-type-simple"},"_links":{"self":[{"href":"https:\/\/grappa.no\/no\/wp-json\/wp\/v2\/product\/722","targetHints":{"allow":["GET"]}}],"collection":[{"href":"https:\/\/grappa.no\/no\/wp-json\/wp\/v2\/product"}],"about":[{"href":"https:\/\/grappa.no\/no\/wp-json\/wp\/v2\/types\/product"}],"replies":[{"embeddable":true,"href":"https:\/\/grappa.no\/no\/wp-json\/wp\/v2\/comments?post=722"}],"wp:featuredmedia":[{"embeddable":true,"href":"https:\/\/grappa.no\/no\/wp-json\/wp\/v2\/media\/27749"}],"wp:attachment":[{"href":"https:\/\/grappa.no\/no\/wp-json\/wp\/v2\/media?parent=722"}],"wp:term":[{"taxonomy":"product_brand","embeddable":true,"href":"https:\/\/grappa.no\/no\/wp-json\/wp\/v2\/product_brand?post=722"},{"taxonomy":"product_cat","embeddable":true,"href":"https:\/\/grappa.no\/no\/wp-json\/wp\/v2\/product_cat?post=722"},{"taxonomy":"product_tag","embeddable":true,"href":"https:\/\/grappa.no\/no\/wp-json\/wp\/v2\/product_tag?post=722"}],"curies":[{"name":"wp","href":"https:\/\/api.w.org\/{rel}","templated":true}]}}