{"id":718,"date":"2008-11-24T00:00:00","date_gmt":"2008-11-23T23:00:00","guid":{"rendered":"http:\/\/www.grappa.no\/albums\/uncategorized\/pulverheksas-jul\/"},"modified":"2016-12-08T09:18:11","modified_gmt":"2016-12-08T08:18:11","slug":"pulverheksas-jul","status":"publish","type":"product","link":"https:\/\/grappa.no\/no\/albums\/grappa\/pulverheksas-jul\/","title":{"rendered":"Pulverheksas jul"},"content":{"rendered":"<p><\/p>\n<p>Julestemning med Pulverheksa<\/p>\n<p>Ingunn Aamodts b\u00f8ker om Pulverheksa har blitt en stor suksess og har i mange \u00e5r v\u00e6rt en favoritt hos barna. Maj Britt Andersen har gitt liv til denne popul\u00e6re karakteren gjennom en rekke familieforestillinger over hele landet og i 2007 kom den f\u00f8rste CDen, den Spellemannsnominerte Pulverheksa. \u00c5ret etter kom Pulverheksas jul og ga ivrige lyttere et etterlengtet gjenh\u00f8r med Pulverheksa og vennene hennes. Pulverheksas jul er bygd p\u00e5 boken Pulverheksa og Julenissen og skildrer ventetiden f\u00f8r jul. Vi f\u00e5r h\u00f8re om Pulverheksas juleforberedelser og sammen med velkjente karakterer som Hokus, Pokus, Suppegj\u00f8ken og Dr\u00f8mmeprinsen pynter hun til jul og venter spent p\u00e5 julenissen.<\/p>\n<p><!--more--><\/p>\n<p>F\u00f8lg Pulverheksa i en f\u00f8rjulstid full av overraskelser!<\/p>\n<h4>Juleforberedelser<\/h4>\n<p>Pulverheksas jul er bygd p\u00e5 boken Pulverheksa og Julenissen og skildrer ventetiden f\u00f8r jul. Vi f\u00e5r h\u00f8re om Pulverheksas juleforberedelser og sammen med velkjente karakterer som Hokus, Pokus, Suppegj\u00f8ken og Dr\u00f8mmeprinsen pynter hun til jul og venter spent p\u00e5 julenissen. Ingunn Aamodt har selv skrevet tekster til utgivelsen og med et friskt blikk og fine rim skaper hun ekte Pulverheks-stemning. Andersen tolker disse tekstene p\u00e5 briljant vis og med varme og innlevelse inviterer hun b\u00e5de sm\u00e5 og store inn i et univers som er b\u00e5de morsomt og alvorlig, trygt og magisk.<\/p>\n<h4>Barneplate med s\u00e6rpreg<\/h4>\n<p>Geir Holmsen har satt musikk til Aamodts tekster og som alltid leverer han vakker og melodi\u00f8s kvalitetsmusikk. Med p\u00e5 laget har han f\u00e5tt med noen av Norges beste musikere: Gjermund Larsen, Paolo Vinaccia, Ivar Anton Waagard, Andreas Utnem samt Steinerskolen barnekor ledet av Tone Margrethe Wik. I det musikalske landskapet finner vi elementer b\u00e5de fra norsk folkemusikk og mer moderne popul\u00e6rmusikk. Dette, sammen med bruken av instrumenter som fele, ukulele og tr\u00e5orgel, gir denne barneplaten et sv\u00e6rt kj\u00e6rkomment s\u00e6rpreg.<\/p>\n<h4><\/h4>\n<\/p>\n<p><\/p>","protected":false},"excerpt":{"rendered":"<p>\u2013 Endelig en juleplate som gir de sm\u00e5 det de fortjener. [Asbj\u00f8rn Bakke \/ Aftenposten]<\/p>\n","protected":false},"featured_media":27023,"comment_status":"closed","ping_status":"open","template":"","meta":[],"product_brand":[],"product_cat":[6],"product_tag":[],"class_list":{"0":"post-718","1":"product","2":"type-product","3":"status-publish","4":"has-post-thumbnail","6":"product_cat-grappa","7":"product_shipping_class-cddvd-shipping","8":"uni_artist_tag-andreas-utnem","9":"uni_artist_tag-geir-holmsen","10":"uni_artist_tag-gjermund-larsen","11":"uni_artist_tag-ivar-anton-waagaard","12":"uni_artist_tag-maj-britt-andersen","13":"uni_artist_tag-paolo-vinaccia","14":"uni_artist_tag-tone-margrethe-wik","15":"uni_main_artist_tag-maj-britt-andersen","16":"uni_artist_genre-children","17":"uni_artist_genre-christmas-music","18":"uni_artist_genre-norwegian","20":"first","21":"instock","22":"taxable","23":"shipping-taxable","24":"purchasable","25":"product-type-simple"},"_links":{"self":[{"href":"https:\/\/grappa.no\/no\/wp-json\/wp\/v2\/product\/718","targetHints":{"allow":["GET"]}}],"collection":[{"href":"https:\/\/grappa.no\/no\/wp-json\/wp\/v2\/product"}],"about":[{"href":"https:\/\/grappa.no\/no\/wp-json\/wp\/v2\/types\/product"}],"replies":[{"embeddable":true,"href":"https:\/\/grappa.no\/no\/wp-json\/wp\/v2\/comments?post=718"}],"wp:featuredmedia":[{"embeddable":true,"href":"https:\/\/grappa.no\/no\/wp-json\/wp\/v2\/media\/27023"}],"wp:attachment":[{"href":"https:\/\/grappa.no\/no\/wp-json\/wp\/v2\/media?parent=718"}],"wp:term":[{"taxonomy":"product_brand","embeddable":true,"href":"https:\/\/grappa.no\/no\/wp-json\/wp\/v2\/product_brand?post=718"},{"taxonomy":"product_cat","embeddable":true,"href":"https:\/\/grappa.no\/no\/wp-json\/wp\/v2\/product_cat?post=718"},{"taxonomy":"product_tag","embeddable":true,"href":"https:\/\/grappa.no\/no\/wp-json\/wp\/v2\/product_tag?post=718"}],"curies":[{"name":"wp","href":"https:\/\/api.w.org\/{rel}","templated":true}]}}