{"id":714,"date":"2011-09-23T00:00:00","date_gmt":"2011-09-22T23:00:00","guid":{"rendered":"http:\/\/www.grappa.no\/albums\/uncategorized\/ragnhild-hemsing-yr\/"},"modified":"2019-02-22T16:04:21","modified_gmt":"2019-02-22T15:04:21","slug":"ragnhild-hemsing-yr","status":"publish","type":"product","link":"https:\/\/grappa.no\/no\/albums\/simax-classics\/ragnhild-hemsing-yr\/","title":{"rendered":"Ragnhild Hemsing YR"},"content":{"rendered":"<p><\/p>\n<p>Suverent!<\/p>\n<p>Hardingfele og fiolin. P\u00e5 debututgivelsen YR viser Ragnhild Hemsing (f.1988) hvor suverent det faktisk kan gj\u00f8res. Ragnhild lar Valdrestradisjonens elegante kraft bringe villskap og naturlig skj\u00f8nnhet inn i den klassiske tradisjonen. Med sin bakgrunn treffer Ragnhild timing og frasering perfekt i Griegs F-dur. Og dermed smeller musikken solid inn i den store kontinentale sonatetradisjonen, der Grieg mente den h\u00f8rte hjemme.<\/p>\n<p>Fire av stykkene p\u00e5 platen er fra Ragnhilds hjemlige hardingfeletradisjon i Valdres, og hun har l\u00e6rt dem p\u00e5 \u00f8ret ettet de gamle mestre. Det kreves teknisk overskudd og stor indre ro for \u00e5 f\u00e5 dette til \u00e5 klinge som det skal \u2013 og Ragnhild har masser av begge deler. Lasse Thoresens YR er et stykke magisk realisme for solo fiolin \u2013 et vindu som \u00e5pnes mot tradisjon, samtid og natur. En stilfull video med Hallgrim Hanseg\u00e5rd ligger ogs\u00e5 med p\u00e5 utgivelsen.<\/p>\n<p><!--more--><\/p>\n<p>Hardingfele og fiolin. P\u00e5 debututgivelsen YR viser Ragnhild Hemsing (f.1988) hvor suverent det faktisk kan gj\u00f8res.<\/p>\n<h4>Griegs &#8216;norske&#8217; F-dur \u2013 ikke folketonepastisj \u2013 men stor, romantisk fiolinsonate<\/h4>\n<p>Grieg tok folketonene p\u00e5 alvor, det var det sterke kunstuttrykket i dem han ville bruke. Med sin bakgrunn treffer Ragnhild timing og frasering perfekt. Og dermed smeller musikken solid inn i den store kontinentale sonatetradisjonen, der Grieg mente den h\u00f8rte hjemme. Ragnhild er kanskje den eneste norske fiolinisten n\u00e5 som gj\u00f8r nettopp dette grepet i F-dur sonaten, med pianisten Tor Espen Aspaas som briljant medmusikant.<\/p>\n<h4>Lydarl\u00e5tter med d\u00e5m og &#8216;Seks bygdevisur fr\u00e5 Lom&#8217;<\/h4>\n<p>Fire av stykkene p\u00e5 platen er fra Ragnhilds hjemmlige hardingfeletradisjon i Valdres, og hun har l\u00e6rt dem p\u00e5 \u00f8ret ettet de gamle mestre. Blant l\u00e5ttene er det to lydarl\u00e5tter; alts\u00e5 ikke dansemusikk men rett og slett &#8216;lyttemusikk&#8217;. Det kreves teknisk overskudd og stor indre ro for \u00e5 f\u00e5 dette til \u00e5 klinge som det skal \u2013 og Ragnhild har masser av begge deler. De samme kvalitetene kommer ogs\u00e5 til sin rett i Sparre Olsens samling med vakre bygdeviser fra Lom.<\/p>\n<h4>Samtid og n\u00e5tid m\u00f8tes \u2013 i musikk og koreografi<\/h4>\n<p>Lasse Thoresens YR er et stykke magisk realisme for solo fiolin \u2013 et vindu som \u00e5pnes mot tradisjon, samtid og natur. Thoresen lar tradisjonsmusikkens byggestener utvikles til ny musikk i v\u00e5r tid. Ragnhild m\u00e5 v\u00e6re noe av en idealut\u00f8ver for stykket, og komponisten har da ogs\u00e5 uttalt: \u00abRagnhild spiller utrolig, fabelaktig bra! Yr er et usedvanelig vanskelig stykke \u00e5 spille, og hun gj\u00f8r det briljant\u00bb. Ragnhild og samboer Hallgrim Hanseg\u00e5rd har utviklet en besn\u00e6rende visuell realisering av stykket, som ogs\u00e5 ligger med p\u00e5 denne utgivelsen som video.<\/p>\n<p><\/p>","protected":false},"excerpt":{"rendered":"<p>Elegant kraft og villskap<\/p>\n","protected":false},"featured_media":27744,"comment_status":"closed","ping_status":"open","template":"","meta":[],"product_brand":[],"product_cat":[180],"product_tag":[],"class_list":{"0":"post-714","1":"product","2":"type-product","3":"status-publish","4":"has-post-thumbnail","6":"product_cat-simax-classics","7":"product_shipping_class-cddvd-shipping","8":"uni_artist_tag-carl-gustav-sparre-olsen","9":"uni_artist_tag-edvard-grieg","10":"uni_artist_tag-jorn-pedersen","11":"uni_artist_tag-lasse-thoresen","12":"uni_artist_tag-ragnhild-hemsing","13":"uni_artist_tag-tor-espen-aspaas","14":"uni_artist_tag-trad","15":"uni_main_artist_tag-ragnhild-hemsing","16":"uni_artist_genre-classical","17":"uni_artist_genre-contemporary-music","18":"uni_artist_genre-debut","19":"uni_artist_genre-folk-music","20":"uni_artist_genre-strings","21":"uni_artist_genre-young-norwegian","23":"first","24":"outofstock","25":"taxable","26":"shipping-taxable","27":"product-type-simple"},"_links":{"self":[{"href":"https:\/\/grappa.no\/no\/wp-json\/wp\/v2\/product\/714","targetHints":{"allow":["GET"]}}],"collection":[{"href":"https:\/\/grappa.no\/no\/wp-json\/wp\/v2\/product"}],"about":[{"href":"https:\/\/grappa.no\/no\/wp-json\/wp\/v2\/types\/product"}],"replies":[{"embeddable":true,"href":"https:\/\/grappa.no\/no\/wp-json\/wp\/v2\/comments?post=714"}],"wp:featuredmedia":[{"embeddable":true,"href":"https:\/\/grappa.no\/no\/wp-json\/wp\/v2\/media\/27744"}],"wp:attachment":[{"href":"https:\/\/grappa.no\/no\/wp-json\/wp\/v2\/media?parent=714"}],"wp:term":[{"taxonomy":"product_brand","embeddable":true,"href":"https:\/\/grappa.no\/no\/wp-json\/wp\/v2\/product_brand?post=714"},{"taxonomy":"product_cat","embeddable":true,"href":"https:\/\/grappa.no\/no\/wp-json\/wp\/v2\/product_cat?post=714"},{"taxonomy":"product_tag","embeddable":true,"href":"https:\/\/grappa.no\/no\/wp-json\/wp\/v2\/product_tag?post=714"}],"curies":[{"name":"wp","href":"https:\/\/api.w.org\/{rel}","templated":true}]}}