{"id":713,"date":"2011-02-07T00:00:00","date_gmt":"2011-02-06T23:00:00","guid":{"rendered":"http:\/\/www.grappa.no\/albums\/uncategorized\/sigbjorn-apeland-glossolalia\/"},"modified":"2018-10-12T06:39:30","modified_gmt":"2018-10-12T05:39:30","slug":"glossolalia","status":"publish","type":"product","link":"https:\/\/grappa.no\/no\/albums\/hubro\/glossolalia\/","title":{"rendered":"Glossolalia"},"content":{"rendered":"<p><\/p>\n<p>Tungetale<\/p>\n<p>\u201dGlossolalia\u201d er det aller f\u00f8rste soloalbumet til den innovative musikeren Sigbj\u00f8rn Apeland. Det har blitt et modig og utfordrende album med improvisert musikk for harmonium.  Termen glossolalia kommer fra det greske glossa som betyr tunge og lalia \u2013 \u00e5 snakke. Tungetale eller \u00e5 tale i tunger, er \u00e5 snakke et spr\u00e5k av uforst\u00e5elige lyder under religi\u00f8s henf\u00f8relse. Albumtittelen spiller b\u00e5de p\u00e5 instrumentets tilkobling til det lavkirkelige, at musikken har \u201dkommet til\u201d Apeland i \u00f8yeblikket,  og at et tr\u00f8orgel til forskjell fra for eksempel et kirkeorgel ikke har piper, men frie \u201dtunger\u201d.<\/p>\n<p>Harmoniumet hadde sin storhetstid mellom 1880 og 1960. Instrumentet har sine tekniske begrensninger og gj\u00f8r motstand mot alle typer virtuositet. \u201dDe fleste harmoniumer er gamle, d\u00e5rlig vedlikeholdt og mer eller mindre ustemte \u2013 og noen ganger ogs\u00e5 mer eller mindre defekte.\u201d sier Apeland. \u201dFor de fleste skolerte musikere er dette et problem, men jeg har isteden pr\u00f8vd \u00e5 utnytte potensialet i disse svakhetene til \u00e5 skape en form for musikk som tidligere ikke har v\u00e6rt h\u00f8rt.\u201d<\/p>\n<p>\u201dJeg vokste opp med dette instrumentet, men byttet til piano og kirkeorgel, helt til jeg gjennopdaget harmoniumet som et veldig anvendelig instrument i samarbeidene mine med norske folkemusikere. Gradvis oppdaget jeg ogs\u00e5 instrumentets muligheter innen improvisert og eksperimentelle musikalske settinger.\u201d Apeland beskriver musikken p\u00e5 albumet som \u201dmitt fors\u00f8k p\u00e5 lage en form for akustisk ambient musikk.\u201d <\/p>\n<p>Sigbj\u00f8rn Apeland (f\u00f8dt 1966) er norsk plateprodusent, musiker (orgel, harmonium) og innehar Norges eneste doktograd i etnomusikologi. Han er kjent for \u00e5 operere i grenseland mellom folkemusikk, kirkemusikk og improvisatorisk musikk. Han jobber som organist, har fordypet seg i frijazz med den legendariske britiske trommeslageren John Stevens og har deltatt p\u00e5 en rekke plater bl.a. med Nils \u00d8kland, Sigrid Moldestad, folkesangerne \u00c5sne Valland Nordli, Berit Opheim Versto og Agnes Buen Garn\u00e5s, jazzmusikere som \u00d8yvind Skarb\u00f8, Per J\u00f8rgensen og Bj\u00f8rn Kjellemyr, elektronikainnovat\u00f8rene Alog og st\u00f8yduoen Golden Serenades.<\/p>\n<p><!--more--><\/p>\n<p>\u201dGlossolalia\u201d er det aller f\u00f8rste soloalbumet til den innovative musikeren Sigbj\u00f8rn Apeland. Det har blitt et modig og utfordrende album med improvisert musikk for harmonium.<\/p>\n<h4>Harmonium<\/h4>\n<p>Harmoniumet hadde sin storhetstid mellom 1880 og 1960. Instrumentet har sine tekniske begrensninger og gj\u00f8r motstand mot alle typer virtuositet. \u201dDe fleste harmoniumer er gamle, d\u00e5rlig vedlikeholdt og mer eller mindre ustemte \u2013 og noen ganger ogs\u00e5 mer eller mindre defekte.\u201d sier Apeland. \u201dFor de fleste skolerte musikere er dette et problem, men jeg har isteden pr\u00f8vd \u00e5 utnytte potensialet i disse svakhetene til \u00e5 skape en form for musikk som tidligere ikke har v\u00e6rt h\u00f8rt.\u201d<\/p>\n<p>\u201dJeg vokste opp med dette instrumentet, men byttet til piano og kirkeorgel, helt til jeg gjennopdaget harmoniumet som et veldig anvendelig instrument i samarbeidene mine med norske folkemusikere. Gradvis oppdaget jeg ogs\u00e5 instrumentets muligheter innen improvisert og eksperimentelle musikalske settinger.\u201d Apeland beskriver musikken p\u00e5 albumet som \u201dmitt fors\u00f8k p\u00e5 lage en form for akustisk ambient musikk.\u201d<\/p>\n<h4>Om Sigbj\u00f8rn Apeland<\/h4>\n<p>Sigbj\u00f8rn Apeland (f\u00f8dt 1966) er norsk plateprodusent, musiker (orgel, harmonium) og innehar Norges eneste doktograd i etnomusikologi. Han er kjent for \u00e5 operere i grenseland mellom folkemusikk, kirkemusikk og improvisatorisk musikk. Han jobber som organist, har fordypet seg i frijazz med den legendariske britiske trommeslageren John Stevens og har deltatt p\u00e5 en rekke plater bl.a. med Nils \u00d8kland, Sigrid Moldestad, folkesangerne \u00c5sne Valland Nordli, Berit Opheim Versto og Agnes Buen Garn\u00e5s, jazzmusikere som \u00d8yvind Skarb\u00f8, Per J\u00f8rgensen og Bj\u00f8rn Kjellemyr, elektronikainnovat\u00f8rene Alog og st\u00f8yduoen Golden Serenades.<\/p>\n<h4><\/h4>\n<\/p>\n<p><\/p>","protected":false},"excerpt":{"rendered":"<p>\u201dGlossolalia\u201d er det aller f\u00f8rste soloalbumet til den innovative musikeren Sigbj\u00f8rn Apeland.<\/p>\n","protected":false},"featured_media":27344,"comment_status":"closed","ping_status":"open","template":"","meta":[],"product_brand":[],"product_cat":[36],"product_tag":[],"class_list":{"0":"post-713","1":"product","2":"type-product","3":"status-publish","4":"has-post-thumbnail","6":"product_cat-hubro","7":"product_shipping_class-cddvd-shipping","8":"uni_artist_tag-andreas-risanger-meland","9":"uni_artist_tag-sigbjorn-apeland","10":"uni_main_artist_tag-sigbjorn-apeland","11":"uni_artist_genre-improvised-music","12":"uni_artist_genre-instrumental","14":"first","15":"instock","16":"taxable","17":"shipping-taxable","18":"purchasable","19":"product-type-simple"},"_links":{"self":[{"href":"https:\/\/grappa.no\/no\/wp-json\/wp\/v2\/product\/713","targetHints":{"allow":["GET"]}}],"collection":[{"href":"https:\/\/grappa.no\/no\/wp-json\/wp\/v2\/product"}],"about":[{"href":"https:\/\/grappa.no\/no\/wp-json\/wp\/v2\/types\/product"}],"replies":[{"embeddable":true,"href":"https:\/\/grappa.no\/no\/wp-json\/wp\/v2\/comments?post=713"}],"wp:featuredmedia":[{"embeddable":true,"href":"https:\/\/grappa.no\/no\/wp-json\/wp\/v2\/media\/27344"}],"wp:attachment":[{"href":"https:\/\/grappa.no\/no\/wp-json\/wp\/v2\/media?parent=713"}],"wp:term":[{"taxonomy":"product_brand","embeddable":true,"href":"https:\/\/grappa.no\/no\/wp-json\/wp\/v2\/product_brand?post=713"},{"taxonomy":"product_cat","embeddable":true,"href":"https:\/\/grappa.no\/no\/wp-json\/wp\/v2\/product_cat?post=713"},{"taxonomy":"product_tag","embeddable":true,"href":"https:\/\/grappa.no\/no\/wp-json\/wp\/v2\/product_tag?post=713"}],"curies":[{"name":"wp","href":"https:\/\/api.w.org\/{rel}","templated":true}]}}