{"id":708,"date":"2011-01-31T00:00:00","date_gmt":"2011-01-30T23:00:00","guid":{"rendered":"http:\/\/www.grappa.no\/albums\/uncategorized\/jean-alain-complete-works-for-organ\/"},"modified":"2019-02-22T16:04:17","modified_gmt":"2019-02-22T15:04:17","slug":"jean-alain-complete-works-for-organ","status":"publish","type":"product","link":"https:\/\/grappa.no\/no\/albums\/simax-classics\/jean-alain-complete-works-for-organ\/","title":{"rendered":"Jean Alain Complete Works for Organ"},"content":{"rendered":"<p><\/p>\n<p>Jehan Alains vidunderlige univers<\/p>\n<p>Et stort nytt orgel er p\u00e5 plass i Fagerborg kirke, og organist Lars Notto Birkeland CD-debuterer med en enest\u00e5ende dobbeltplate. Musikken er spektakul\u00e6r, sky, introvert, ekstrovert, humoristisk og seri\u00f8s. Det franske fenomenet Jehan Alain ville fylt 100 \u00e5r i 2011 \u2013 Birkeland markerer med en komplett innspilling av hans orgelmusikk. <\/p>\n<p>Allerede f\u00f8r orgelbyggeren var helt ferdig med det nye Goll-orgelet i november 2009, begynte Lars Notto Birkeland \u00e5 \u2018pr\u00f8vekj\u00f8re\u2019 orgelet med Alains musikk. Og svaret kom umiddelbart: instrumentet er perfekt for denne jordiske \u2013 men himmelskuende \u2013 musikken. Jehan Alain (1911\u201340) var en kontinuerlig skapende sjel hele livet, igjennom en mengde tekster og tegninger, og en liste med musikkverk som teller over 140.<\/p>\n<p><!--more--><\/p>\n<p>Et stort nytt orgel er p\u00e5 plass i Fagerborg kirke, og organist Lars Notto Birkeland CD-debuterer med en enest\u00e5ende dobbeltplate. Musikken er spektakul\u00e6r, sky, introvert, ekstrovert, humoristisk og seri\u00f8s. Det franske fenomenet Jehan Alain ville fylt 100 \u00e5r i 2011 \u2013 Birkeland markerer med en komplett innspilling av hans orgelmusikk.<\/p>\n<h4>Kirkeorgel hjemme i stua<\/h4>\n<p>Jehan Alain (1911\u201340) var en kontinuerlig skapende sjel hele livet,  igjennom en mengde tekster og tegninger, og en liste med musikkverk som teller over 140. Hans far var ogs\u00e5 orgelbygger, faktisk bygde han et stort orgel hjemme i familiens egen stue \u2013 her \u00f8vde og fantaserte den unge Jehan. Komponistens notatb\u00f8ker er overstr\u00f8dd av detaljerte tegninger og kommentarer til musikkverkene \u2013 det er hans skisser som preger omslaget p\u00e5 denne utgivelsen. Han studerte komposisjon hos Paul Dukas og Marcel Dupr\u00e9 ved konservatoriet i Paris, men ble innkalt til milit\u00e6rtjeneste og mistet s\u00e5 tragisk livet i kamp bare 29 \u00e5r gammel.<\/p>\n<h4>\u00abDen hele sannhet\u00bb om livet \u2013 slik det er<\/h4>\n<p>Alains musikk er ukjent for mange, kanskje med unntak av Litanies og Trois Danses. Kun fem verker ble utgitt p\u00e5 noter i Alains levetid, og Birkeland har studert komponistens manuskripter i detalj for \u00e5 kunne gj\u00f8re denne innspillingen. Mange av Alains stykker er alvorlige og behandler eksistensielle temaer, og samtidig er de fulle av absurd humor og selvironi. Vi kan for eksempel h\u00f8re at han har skrevet toglyder inn i musikken (Premiere Fantaisie og Fantasmagorie m.fl.), rett og slett fordi han ofte satt p\u00e5 toget og komponerte. Han ville speile livet slik det er \u2013 en ofte paradoksal helhet.<\/p>\n<h4>Lars Notto Birkeland<\/h4>\n<p>Birkeland (1969) er utdannet ved Norges musikkh\u00f8gskole, og gjorde sin debutkonsert i Oslo Domkrike i 1998. Senere har han hatt en aktiv ut\u00f8verkarriere, blant annet som solist p\u00e5 turn\u00e9 med Oslo Filharmoniske Orkester i Poulencs orgelkonsert og Saint-Sans&#8217; orgelsymfoni. Han har gjort recital-konserter ved en rekke festivaler, deriblant Festspillene i Bergen og Oslo Internasjonale Kirkemusikkfestival. Birkeland har arbeidet inng\u00e5ende med Alains musikk i 10 \u00e5r \u2013 han fremf\u00f8rte bl.a. alle komponistens verker over tre konserter i 2008. I 2010 knyttet han Alains musikk inn i en  oppsetning av Antoine de Saint-Exup\u00e9rys &#8216;Den Lille Prinsen&#8217;.<\/p>\n<p><\/p>","protected":false},"excerpt":{"rendered":"<p>\u2013 perfekt for denne jordiske \u2013 men himmelskuende \u2013 musikken.<\/p>\n","protected":false},"featured_media":27742,"comment_status":"closed","ping_status":"open","template":"","meta":[],"product_brand":[],"product_cat":[180],"product_tag":[],"class_list":{"0":"post-708","1":"product","2":"type-product","3":"status-publish","4":"has-post-thumbnail","6":"product_cat-simax-classics","7":"product_shipping_class-cddvd-shipping","8":"uni_artist_tag-jehan-alain","9":"uni_artist_tag-lars-notto-birkeland","10":"uni_artist_tag-sean-lewis","11":"uni_main_artist_tag-lars-notto-birkeland","12":"uni_artist_genre-complete","13":"uni_artist_genre-organ","15":"first","16":"instock","17":"taxable","18":"shipping-taxable","19":"purchasable","20":"product-type-simple"},"_links":{"self":[{"href":"https:\/\/grappa.no\/no\/wp-json\/wp\/v2\/product\/708","targetHints":{"allow":["GET"]}}],"collection":[{"href":"https:\/\/grappa.no\/no\/wp-json\/wp\/v2\/product"}],"about":[{"href":"https:\/\/grappa.no\/no\/wp-json\/wp\/v2\/types\/product"}],"replies":[{"embeddable":true,"href":"https:\/\/grappa.no\/no\/wp-json\/wp\/v2\/comments?post=708"}],"wp:featuredmedia":[{"embeddable":true,"href":"https:\/\/grappa.no\/no\/wp-json\/wp\/v2\/media\/27742"}],"wp:attachment":[{"href":"https:\/\/grappa.no\/no\/wp-json\/wp\/v2\/media?parent=708"}],"wp:term":[{"taxonomy":"product_brand","embeddable":true,"href":"https:\/\/grappa.no\/no\/wp-json\/wp\/v2\/product_brand?post=708"},{"taxonomy":"product_cat","embeddable":true,"href":"https:\/\/grappa.no\/no\/wp-json\/wp\/v2\/product_cat?post=708"},{"taxonomy":"product_tag","embeddable":true,"href":"https:\/\/grappa.no\/no\/wp-json\/wp\/v2\/product_tag?post=708"}],"curies":[{"name":"wp","href":"https:\/\/api.w.org\/{rel}","templated":true}]}}