{"id":707,"date":"2010-09-20T00:00:00","date_gmt":"2010-09-19T23:00:00","guid":{"rendered":"http:\/\/www.grappa.no\/albums\/uncategorized\/sputer-og-drev-munnharpe-i-100\/"},"modified":"2016-11-18T16:36:00","modified_gmt":"2016-11-18T15:36:00","slug":"sputer-og-drev-munnharpe-i-100","status":"publish","type":"product","link":"https:\/\/grappa.no\/no\/albums\/heilo\/sputer-og-drev-munnharpe-i-100\/","title":{"rendered":"Sputer og drev &#8211; Munnharpe i 100"},"content":{"rendered":"<p><\/p>\n<p>Munnharper i 100<\/p>\n<p>Eirik R\u00f8ine har spilt munnharpe i 55 \u00e5r og Hallgrim Berg i 45 \u2013 n\u00e5 feirer de hundre\u00e5rsjubileet med ny plate. Med \u00f8nske om \u00e5 gj\u00f8re en produksjon som det er fart og fres i, kommer platen Sputer og drev \u2013 Munnharpe i 100. R\u00f8ine og Berg vil vise potensialet i munnharpa som instrument, med et utvalg av sl\u00e5tter, tonearter, klangfarger, tempo og rytme som viser noe av variasjonsbredden som ligger i den norske munnharpetradisjonen anno 2010. De \u00f8nsker \u00e5 prise den utviklingen som har skutt fart i munnharpemilj\u00f8et de siste femti \u00e5ra. Fram til 1980-90 var de to mest alene p\u00e5 scenen, men med flere gode instrumentmakere og mange nye talenter er fremtiden lys. Denne gangen \u2013 i eksperimentell samklang \u2013 har de med seg fleire av folkemusikkens fremste ut\u00f8vere i landet, deriblant Knut og Ole Aastad Br\u00e5ten, Roar Vangen, Jo Asgeir Lie, Kirsten Br\u00e5ten Berg, Torill Kvalv\u00e5gnes samt \u201chistorisk komp\u201d med gitaristen Robert Normann og teknogruppa Ari Thunda.<\/p>\n<p><!--more--><\/p>\n<h4><\/h4>\n<\/p>\n<h4><\/h4>\n<p><h4><\/h4>\n<\/p>\n<p><\/p>","protected":false},"excerpt":{"rendered":"<p>R\u00f8ine og Berg vil vise potensialet i munnharpa som instrument, med et utvalg av sl\u00e5tter, tonearter, klangfarger, tempo og rytme som viser noe av variasjonsbredden som ligger i den norske munnharpetradisjonen anno 2010.<\/p>\n","protected":false},"featured_media":27290,"comment_status":"closed","ping_status":"open","template":"","meta":[],"product_brand":[],"product_cat":[35],"product_tag":[],"class_list":{"0":"post-707","1":"product","2":"type-product","3":"status-publish","4":"has-post-thumbnail","6":"product_cat-heilo","7":"product_shipping_class-cddvd-shipping","8":"uni_artist_tag-ari-thunda","9":"uni_artist_tag-erik-roine","10":"uni_artist_tag-hallgrim-berg","11":"uni_artist_tag-jo-asgeir-lie","12":"uni_artist_tag-kirsten-braten-berg","13":"uni_artist_tag-knut-aastad-braten","14":"uni_artist_tag-ole-aastad-braten","15":"uni_artist_tag-roar-vangen","16":"uni_artist_tag-robert-normann","17":"uni_artist_tag-tor-magne-hallibakken","18":"uni_artist_tag-torill-kvalvagnes","19":"uni_artist_tag-trad","20":"uni_main_artist_tag-hallgrim-berg","21":"uni_artist_genre-folk-music","22":"uni_artist_genre-norwegian","23":"uni_artist_genre-traditional","25":"first","26":"outofstock","27":"taxable","28":"shipping-taxable","29":"product-type-simple"},"_links":{"self":[{"href":"https:\/\/grappa.no\/no\/wp-json\/wp\/v2\/product\/707","targetHints":{"allow":["GET"]}}],"collection":[{"href":"https:\/\/grappa.no\/no\/wp-json\/wp\/v2\/product"}],"about":[{"href":"https:\/\/grappa.no\/no\/wp-json\/wp\/v2\/types\/product"}],"replies":[{"embeddable":true,"href":"https:\/\/grappa.no\/no\/wp-json\/wp\/v2\/comments?post=707"}],"wp:featuredmedia":[{"embeddable":true,"href":"https:\/\/grappa.no\/no\/wp-json\/wp\/v2\/media\/27290"}],"wp:attachment":[{"href":"https:\/\/grappa.no\/no\/wp-json\/wp\/v2\/media?parent=707"}],"wp:term":[{"taxonomy":"product_brand","embeddable":true,"href":"https:\/\/grappa.no\/no\/wp-json\/wp\/v2\/product_brand?post=707"},{"taxonomy":"product_cat","embeddable":true,"href":"https:\/\/grappa.no\/no\/wp-json\/wp\/v2\/product_cat?post=707"},{"taxonomy":"product_tag","embeddable":true,"href":"https:\/\/grappa.no\/no\/wp-json\/wp\/v2\/product_tag?post=707"}],"curies":[{"name":"wp","href":"https:\/\/api.w.org\/{rel}","templated":true}]}}