{"id":706,"date":"2010-03-01T00:00:00","date_gmt":"2010-02-28T23:00:00","guid":{"rendered":"http:\/\/www.grappa.no\/albums\/uncategorized\/sigrid-moldestad-sandkorn\/"},"modified":"2016-11-18T16:35:57","modified_gmt":"2016-11-18T15:35:57","slug":"sigrid-moldestad-sandkorn","status":"publish","type":"product","link":"https:\/\/grappa.no\/no\/albums\/heilo\/sigrid-moldestad-sandkorn\/","title":{"rendered":"Sigrid Moldestad &#8211; Sandkorn"},"content":{"rendered":"<p><\/p>\n<p>Heidrar kj\u00e6rleiken<\/p>\n<p>Plateinnspelinga starta Jonsoknatt 2009. Det meste du h\u00f8yrer er spelt inn live av rause musikarar som har str\u00f8dd sitt musikalske overskot utover l\u00e5tane. Det er tr\u00f8orgel, slidegitar, hardingfeler, gitar, rhodespiano, saz, kontrabass, el.gitarar, mandolin og bratsj. Vi har opplevd vestlandsk vinterpoesi, stjernekl\u00e5r hausthimmel og sprakande jonsokb\u00e5l i l\u00f8pet av innspelingane i Sporlyd Studio, Vaksdal. Vi har laga ei sessionplate med knirk av tr\u00f8orgel og sus fr\u00e5 toga som passerar like ved. <\/p>\n<p>Sandkorn ei plate som heidrar kj\u00e6rleiken, b\u00e5de den som gjekk fint og den du m\u00e5tte forlate. Eg er ikkje s\u00e5 oppteken av genre, men h\u00e5par den djupe vestlandske fjorden og dei h\u00f8ge fjella kling i musikken. At den musikalske leiken mellom musikarar kan kjennast og dei blodraude historiene treffe hjartet.<\/p>\n<p><!--more--><\/p>\n<h4><\/h4>\n<\/p>\n<h4><\/h4>\n<p><h4><\/h4>\n<\/p>\n<p><\/p>","protected":false},"excerpt":{"rendered":"<p>Den musikalske leiken mellom musikarar kan kjennast og dei blodraude historiene treffe hjartet.<\/p>\n","protected":false},"featured_media":27283,"comment_status":"closed","ping_status":"open","template":"","meta":[],"product_brand":[],"product_cat":[35],"product_tag":[],"class_list":{"0":"post-706","1":"product","2":"type-product","3":"status-publish","4":"has-post-thumbnail","6":"product_cat-heilo","7":"product_shipping_class-cddvd-shipping","8":"uni_artist_tag-anders-bitustoyl","9":"uni_artist_tag-anders-hall","10":"uni_artist_tag-hans-olav-molde","11":"uni_artist_tag-jorgen-sandvik","12":"uni_artist_tag-kim-andre-rysstad","13":"uni_artist_tag-mattias-perez","14":"uni_artist_tag-morten-skage","15":"uni_artist_tag-sigbjorn-apeland","16":"uni_artist_tag-sigrid-moldestad","17":"uni_artist_tag-stein-urheim","18":"uni_artist_tag-thomas-nokling","19":"uni_artist_tag-trad","20":"uni_main_artist_tag-sigrid-moldestad","21":"uni_artist_genre-folk-music","23":"first","24":"instock","25":"taxable","26":"shipping-taxable","27":"purchasable","28":"product-type-simple"},"_links":{"self":[{"href":"https:\/\/grappa.no\/no\/wp-json\/wp\/v2\/product\/706","targetHints":{"allow":["GET"]}}],"collection":[{"href":"https:\/\/grappa.no\/no\/wp-json\/wp\/v2\/product"}],"about":[{"href":"https:\/\/grappa.no\/no\/wp-json\/wp\/v2\/types\/product"}],"replies":[{"embeddable":true,"href":"https:\/\/grappa.no\/no\/wp-json\/wp\/v2\/comments?post=706"}],"wp:featuredmedia":[{"embeddable":true,"href":"https:\/\/grappa.no\/no\/wp-json\/wp\/v2\/media\/27283"}],"wp:attachment":[{"href":"https:\/\/grappa.no\/no\/wp-json\/wp\/v2\/media?parent=706"}],"wp:term":[{"taxonomy":"product_brand","embeddable":true,"href":"https:\/\/grappa.no\/no\/wp-json\/wp\/v2\/product_brand?post=706"},{"taxonomy":"product_cat","embeddable":true,"href":"https:\/\/grappa.no\/no\/wp-json\/wp\/v2\/product_cat?post=706"},{"taxonomy":"product_tag","embeddable":true,"href":"https:\/\/grappa.no\/no\/wp-json\/wp\/v2\/product_tag?post=706"}],"curies":[{"name":"wp","href":"https:\/\/api.w.org\/{rel}","templated":true}]}}