{"id":705,"date":"2010-02-22T00:00:00","date_gmt":"2010-02-21T23:00:00","guid":{"rendered":"http:\/\/www.grappa.no\/albums\/uncategorized\/pa-storfele\/"},"modified":"2016-11-18T16:35:55","modified_gmt":"2016-11-18T15:35:55","slug":"pa-storfele","status":"publish","type":"product","link":"https:\/\/grappa.no\/no\/albums\/heilo\/pa-storfele\/","title":{"rendered":"P\u00e5 Storfele"},"content":{"rendered":"<p><\/p>\n<p>Fransk alto, tysk bratsche, svensk altfiol<\/p>\n<p>Bratsjen er strykefamiliens altstemme, og har frem til nyere tid levd noe i skyggen av fiolinen og celloen, men litt etter litt inntatt en sterkere posisjon som soloinstrument. Instrumentet har en m\u00f8rk og varm tone, og slik sett anstr\u00f8k av den verdighet som ligger i karakteristikken \u00abdronningen blant strykeinstrumentene\u00bb. Bratsjen er nok heller ukjent i sammenheng med folkemusikk, men den presenteres p\u00e5 disse innspillingene b\u00e5de som solo og improvisasjonsinstrument. <\/p>\n<p>Her vil du finne gamle r\u00f8rosvalser, pols  og reinlendere spilt p\u00e5 samme m\u00e5te som fela, men bratsjen gir dem et salgs \u00abstorfele\u00bb-preg. Den klanglige bredden i innspillingene understrekes ytterligere av improviserte understemmer, og samklangen med nyckelharpen gir en viss assosiasjon av barokk klang.<\/p>\n<p><!--more--><\/p>\n<h4><\/h4>\n<\/p>\n<h4><\/h4>\n<p><h4><\/h4>\n<\/p>\n<p><\/p>","protected":false},"excerpt":{"rendered":"<p class=\"qtranxs-available-languages-message qtranxs-available-languages-message-no\">Post is not available in the requested language<\/p>\n<p>The big fiddle<\/p>\n","protected":false},"featured_media":27288,"comment_status":"closed","ping_status":"open","template":"","meta":[],"product_brand":[],"product_cat":[35],"product_tag":[],"class_list":{"0":"post-705","1":"product","2":"type-product","3":"status-publish","4":"has-post-thumbnail","6":"product_cat-heilo","7":"product_shipping_class-cddvd-shipping","8":"uni_artist_tag-ashild-breie-nyhus","9":"uni_artist_tag-hilmar-alexandersen","10":"uni_artist_tag-ivar-hultkvist","11":"uni_artist_tag-jan-erik-kongshaug","12":"uni_artist_tag-pers-hans-olsson","13":"uni_artist_tag-sven-nyhus","14":"uni_artist_tag-trad","15":"uni_main_artist_tag-sven-nyhus","16":"uni_artist_genre-chamber-music","17":"uni_artist_genre-folk-music","18":"uni_artist_genre-traditional","20":"first","21":"instock","22":"taxable","23":"shipping-taxable","24":"purchasable","25":"product-type-simple"},"_links":{"self":[{"href":"https:\/\/grappa.no\/no\/wp-json\/wp\/v2\/product\/705","targetHints":{"allow":["GET"]}}],"collection":[{"href":"https:\/\/grappa.no\/no\/wp-json\/wp\/v2\/product"}],"about":[{"href":"https:\/\/grappa.no\/no\/wp-json\/wp\/v2\/types\/product"}],"replies":[{"embeddable":true,"href":"https:\/\/grappa.no\/no\/wp-json\/wp\/v2\/comments?post=705"}],"wp:featuredmedia":[{"embeddable":true,"href":"https:\/\/grappa.no\/no\/wp-json\/wp\/v2\/media\/27288"}],"wp:attachment":[{"href":"https:\/\/grappa.no\/no\/wp-json\/wp\/v2\/media?parent=705"}],"wp:term":[{"taxonomy":"product_brand","embeddable":true,"href":"https:\/\/grappa.no\/no\/wp-json\/wp\/v2\/product_brand?post=705"},{"taxonomy":"product_cat","embeddable":true,"href":"https:\/\/grappa.no\/no\/wp-json\/wp\/v2\/product_cat?post=705"},{"taxonomy":"product_tag","embeddable":true,"href":"https:\/\/grappa.no\/no\/wp-json\/wp\/v2\/product_tag?post=705"}],"curies":[{"name":"wp","href":"https:\/\/api.w.org\/{rel}","templated":true}]}}