{"id":703,"date":"2014-10-10T00:00:00","date_gmt":"2014-10-09T23:00:00","guid":{"rendered":"http:\/\/www.grappa.no\/albums\/uncategorized\/havana-%c2%b7-rio-%c2%b7-moscow\/"},"modified":"2019-02-22T16:04:13","modified_gmt":"2019-02-22T15:04:13","slug":"havana-%c2%b7-rio-%c2%b7-moscow","status":"publish","type":"product","link":"https:\/\/grappa.no\/no\/albums\/simax-classics\/havana-%c2%b7-rio-%c2%b7-moscow\/","title":{"rendered":"Havana \u00b7 Rio \u00b7 Moscow"},"content":{"rendered":"<p><\/p>\n<p>Stein-Erik Olsen og Academy of St Martin in the Fields!<\/p>\n<p>Som f\u00f8rste norske solist gir gitaristen Stein-Erik Olsen ut plate med det legendariske orkesteret Academy of St Martin in the Fields. Tre dager i Abbey Road Studios har resultert i en suveren utgivelse \u2013 blant annet med en konsert skrevet for Bergen!<\/p>\n<p>Stein-Erik Olsen er en h\u00f8yt anerkjent gitarist internasjonalt med en rekke utgivelser bak seg. P\u00e5 denne platen fremf\u00f8res Heitor Villa-Lobos sin gitarkonsert med komponistens manuskript som utgangspunkt. Den spennende Concerto Elegiaco av Leo Brouwer er en oppfinnsom og virtous komposisjon. Russeren Nikita Koshkin er en virtuos gitarist, men hans internasjonale omd\u00f8mme har blitt etablert av hans fantastiske komposisjoner utf\u00f8rt over hele verden.<\/p>\n<p><!--more--><\/p>\n<p>Som f\u00f8rste norske solist gir gitaristen Stein-Erik Olsen ut plate med det legendariske orkesteret Academy of St Martin in the Fields. Tre dager i Abbey Road Studios har resultert i en suveren utgivelse \u2013 blant annet med en helt ny gitarkonsert; \u201dBergen Concerto\u201d.<\/p>\n<h4>The Academy of St Martin in the Fields<\/h4>\n<p>Orkesteret fra London er kjent for sin polerte og raffinerte klang, forankret i musikalitet. The Academy of St Martin of the Fields er sammensatt av ledende musikere, opprinnelig ledet av Sir Neville Marriner. Denne tradisjonen opprettholdes og orkesteret er n\u00e5 ledet av den amerikanske stjernefiolinisten Joshua Bell.<\/p>\n<h4>Villa-Lobos gitarkonsert fra manuskriptet<\/h4>\n<p>Stein-Erik Olsen har tidligere fremf\u00f8rt Heitor Villa-Lobos sin gitarkonsert ved flere anledninger. Versjonen p\u00e5 denne innspillingen er basert p\u00e5 Heitor Villa-Lobos originale manuskript som Olsen fikk tilgang til takket v\u00e6re Villa-Lobos museet i Rio de Janeiro. Med manuskriptet som utgangspunkt har han utviklet en rekke nye id\u00e9er og re-innstudert konserten for denne innspillingen.<\/p>\n<p>Leo Brouwers Concerto Elegiaco er en spennende, oppfinnsom og virtuos komposisjon. Verket er typisk for Leo Brouwer med kraftfulle rytmer i kombinasjon med s\u00f8dmefulle melodiske partier. Verket har tydelige inspirasjonskilder, mest framtredende er intrikate Afro-Cubanske rytmer. Andre sats er en musikalsk perle, en av de mest uts\u00f8kte i gitarlitteraturen.<\/p>\n<h4>Bergen Concerto \u2013 dedisert til Stein-Erik Olsen<\/h4>\n<p>Nikita Koshkin er selv en virtuos gitarist. Det er likevel som komponist for instrumentet at han har oppn\u00e5dd internasjonalt ry, og hans verk blir i dag fremf\u00f8rt over hele verden. Bergen Concerto ble skrevet spesielt til Stein-Erik Olsen. Verket er ekstremt virtuost, dynamisk og friskt. Samtidig finner man, spesielt i andante-satsen, en underliggende melankoli. Konserten har genuine- og gjenkjennelige  musikalske elementer fra Koshkins hjemland Russland.<\/p>\n<p>Lydansvarlig er Arne Akselberg og produsent er Simon Kiln. Begge tilh\u00f8rer den internasjonale elite og har vunnet flere Grammy Awards.<\/p>\n<p><\/p>","protected":false},"excerpt":{"rendered":"<p>&#8211; Since his first appearances at the Cannington Festival in the early &#8217;80s, Stein-Erik Olsen has been a class-act of the highest order, and this triple bill provides further evidence of this world-ranking abilities. [Classical Guitar Magazine]<\/p>\n","protected":false},"featured_media":27740,"comment_status":"closed","ping_status":"open","template":"","meta":[],"product_brand":[],"product_cat":[180],"product_tag":[],"class_list":{"0":"post-703","1":"product","2":"type-product","3":"status-publish","4":"has-post-thumbnail","6":"product_cat-simax-classics","7":"product_shipping_class-cddvd-shipping","8":"uni_artist_tag-academy-of-st-martin-in-the-fields","9":"uni_artist_tag-heitor-villa-lobos","10":"uni_artist_tag-leo-brouwer","11":"uni_artist_tag-nikita-koshkin","12":"uni_artist_tag-simon-kiln","13":"uni_artist_tag-stein-erik-olsen","14":"uni_artist_tag-terje-mikkelsen","15":"uni_main_artist_tag-stein-erik-olsen","16":"uni_artist_genre-concerto","17":"uni_artist_genre-contemporary-music","18":"uni_artist_genre-orchestral","20":"first","21":"instock","22":"taxable","23":"shipping-taxable","24":"purchasable","25":"product-type-simple"},"_links":{"self":[{"href":"https:\/\/grappa.no\/no\/wp-json\/wp\/v2\/product\/703","targetHints":{"allow":["GET"]}}],"collection":[{"href":"https:\/\/grappa.no\/no\/wp-json\/wp\/v2\/product"}],"about":[{"href":"https:\/\/grappa.no\/no\/wp-json\/wp\/v2\/types\/product"}],"replies":[{"embeddable":true,"href":"https:\/\/grappa.no\/no\/wp-json\/wp\/v2\/comments?post=703"}],"wp:featuredmedia":[{"embeddable":true,"href":"https:\/\/grappa.no\/no\/wp-json\/wp\/v2\/media\/27740"}],"wp:attachment":[{"href":"https:\/\/grappa.no\/no\/wp-json\/wp\/v2\/media?parent=703"}],"wp:term":[{"taxonomy":"product_brand","embeddable":true,"href":"https:\/\/grappa.no\/no\/wp-json\/wp\/v2\/product_brand?post=703"},{"taxonomy":"product_cat","embeddable":true,"href":"https:\/\/grappa.no\/no\/wp-json\/wp\/v2\/product_cat?post=703"},{"taxonomy":"product_tag","embeddable":true,"href":"https:\/\/grappa.no\/no\/wp-json\/wp\/v2\/product_tag?post=703"}],"curies":[{"name":"wp","href":"https:\/\/api.w.org\/{rel}","templated":true}]}}