{"id":701,"date":"2010-04-12T00:00:00","date_gmt":"2010-04-11T23:00:00","guid":{"rendered":"http:\/\/www.grappa.no\/albums\/uncategorized\/arve-tellefsen-plays-ole-bull\/"},"modified":"2019-02-22T16:04:08","modified_gmt":"2019-02-22T15:04:08","slug":"arve-tellefsen-plays-ole-bull","status":"publish","type":"product","link":"https:\/\/grappa.no\/no\/albums\/simax-classics\/arve-tellefsen-plays-ole-bull\/","title":{"rendered":"Arve Tellefsen plays Ole Bull"},"content":{"rendered":"<p><\/p>\n<p>Arve Tellefsen spiller Ole Bull<\/p>\n<p>I \u00e5r feirer vi 200-\u00e5rs jubileet for Ole Bull, og hans posisjon er sterkere enn noen gang i moderne tid. Det er ingen overdrivelse \u00e5 si at dette i stor grad er takket v\u00e6re det inspirerte arbeidet til \u00e9n mann: Arve Tellefsen.<\/p>\n<p>Gjennom hele sin lange karriere har Arve Tellefsen v\u00e6rt gl\u00f8dende opptatt av \u00e5 bringe arven etter Ole Bull videre. At han s\u00e5 til de grader har lykkes kan vi glede oss over i dag. I 2004 mottok Arve Tellefsen den f\u00f8rste Ole Bull-Prisen. P\u00e5 denne utgivelsen presenterer Arve b\u00e5de det ekstremt virtuose, lett melankolske og fremfor alt de utrolig sterke melodiene som var Bulls kjennemerke. Arve Tellefsens uforlignelige tone og evne til \u00e5 f\u00e5 en melodi til \u00e5 synge l\u00f8fter musikken ut av det hverdagslige og viser lytteren vei inn til et eventyrrike der alle muligheter er \u00e5pne, nettopp slik Ole Bull ville at musikken hans skulle virke.<\/p>\n<p><!--more--><\/p>\n<p>I 2010 feirer vi 200-\u00e5rs jubileet for Ole Bull, og hans posisjon er sterkere enn noen gang i moderne tid. Det er ingen overdrivelse \u00e5 si at dette i stor grad er takket v\u00e6re det inspirerte arbeidet til \u00e9n mann: Arve Tellefsen.<\/p>\n<h4>Ole Bull-tier gjemt i 200 eksemplarer<\/h4>\n<p>I \u00e5r lanserer Norges Bank en ti-krone med Ole Bull som motiv, nok en anerkjennelse av hans posisjon i norsk samfunnsliv. Det platekj\u00f8pende publikum kan f\u00e5 seg en morsom overraskelse: p\u00e5 200 eksklusive eksemplarer av denne utgivelsen kan man finne en Bull-tier gjemt som en del av omslaget. Snu platen og se p\u00e5 baksiden!<\/p>\n<h4>Profilering av Ole Bull \u00e5ret igjennom<\/h4>\n<p>I 2010 blir det, om mulig, enda mer Ole Bull p\u00e5 Arve. 16. april \u00e5pner den store Menhunin Music Competition for unge fiolinister, arrangert for f\u00f8rste gang i Norge, og med Tellefsen som jurymedlem. I \u00e5r blir det obligatoriske verket av selveste Paganini danket ut av Ole Bull! Festspillene i Bergen har ogs\u00e5 fokus p\u00e5 Ole Bull i \u00e5r, og den selvskrevne spillende programleder under den store festen i Grieghallen er naturligvis Arve Tellefsen. Senere turn\u00e9rer han store deler av landet med Ole Bull p\u00e5 programmet.<\/p>\n<h4>Ole Bull og Edvard Grieg<\/h4>\n<p>Grieg holdt som kjent Bull frem som sin store inspirator og veileder for \u00e5 finne sin nasjonale tone. Likevel finnes det etter sigende bare ett dokumentert tilfelle der de to spiller sammen, 11. august 1873 i Bergen. Konserten skulle gi inntekter til en statue av Leiv Erikson som Ole Bull ville ha satt opp i Boston. To stykker av Grieg var p\u00e5 programmet \u2013 Gavotte og Menuet \u2013 og begge disse har Tellefsen og Gimse tatt med p\u00e5 denne jubileumsutgivelsen.<\/p>\n<p><\/p>","protected":false},"excerpt":{"rendered":"<p>\u2013 Tellefsen er i toppslag. [6 Aftenposten]<\/p>\n","protected":false},"featured_media":27737,"comment_status":"closed","ping_status":"open","template":"","meta":[],"product_brand":[],"product_cat":[180],"product_tag":[],"class_list":{"0":"post-701","1":"product","2":"type-product","3":"status-publish","4":"has-post-thumbnail","6":"product_cat-simax-classics","7":"product_shipping_class-cddvd-shipping","8":"uni_artist_tag-anne-britt-saevig-ardal","9":"uni_artist_tag-arve-tellefsen","10":"uni_artist_tag-bjorn-solum","11":"uni_artist_tag-catherine-bullock","12":"uni_artist_tag-dan-styffe","13":"uni_artist_tag-edvard-grieg","14":"uni_artist_tag-eileen-siegel","15":"uni_artist_tag-eivind-aadland","16":"uni_artist_tag-harald-aadland","17":"uni_artist_tag-havard-gimse","18":"uni_artist_tag-jorn-pedersen","19":"uni_artist_tag-nora-taksdal-viken","20":"uni_artist_tag-ole-bull","21":"uni_artist_tag-trondheim-symphony-orchestra","22":"uni_main_artist_tag-arve-tellefsen","23":"uni_artist_genre-easy-listening","24":"uni_artist_genre-norwegian","25":"uni_artist_genre-strings","27":"first","28":"instock","29":"taxable","30":"shipping-taxable","31":"purchasable","32":"product-type-simple"},"_links":{"self":[{"href":"https:\/\/grappa.no\/no\/wp-json\/wp\/v2\/product\/701","targetHints":{"allow":["GET"]}}],"collection":[{"href":"https:\/\/grappa.no\/no\/wp-json\/wp\/v2\/product"}],"about":[{"href":"https:\/\/grappa.no\/no\/wp-json\/wp\/v2\/types\/product"}],"replies":[{"embeddable":true,"href":"https:\/\/grappa.no\/no\/wp-json\/wp\/v2\/comments?post=701"}],"wp:featuredmedia":[{"embeddable":true,"href":"https:\/\/grappa.no\/no\/wp-json\/wp\/v2\/media\/27737"}],"wp:attachment":[{"href":"https:\/\/grappa.no\/no\/wp-json\/wp\/v2\/media?parent=701"}],"wp:term":[{"taxonomy":"product_brand","embeddable":true,"href":"https:\/\/grappa.no\/no\/wp-json\/wp\/v2\/product_brand?post=701"},{"taxonomy":"product_cat","embeddable":true,"href":"https:\/\/grappa.no\/no\/wp-json\/wp\/v2\/product_cat?post=701"},{"taxonomy":"product_tag","embeddable":true,"href":"https:\/\/grappa.no\/no\/wp-json\/wp\/v2\/product_tag?post=701"}],"curies":[{"name":"wp","href":"https:\/\/api.w.org\/{rel}","templated":true}]}}