{"id":699,"date":"2011-04-04T00:00:00","date_gmt":"2011-04-03T23:00:00","guid":{"rendered":"http:\/\/www.grappa.no\/albums\/uncategorized\/ketil-bjornstad-early-piano-music-2cd\/"},"modified":"2019-01-11T13:18:32","modified_gmt":"2019-01-11T12:18:32","slug":"early-piano-music-2cd","status":"publish","type":"product","link":"https:\/\/grappa.no\/no\/albums\/hubro\/early-piano-music-2cd\/","title":{"rendered":"Early Piano Music 2CD"},"content":{"rendered":"<p><\/p>\n<p>Etterspurt gjenutgivelse<\/p>\n<p>\u201dEarly Piano Music\u201d gj\u00f8r tilgjengelig igjen albumene Preludes vol 1 &amp; 2 og Pianology fra midten av \u00e5ttitallet. Platene har v\u00e6rt umulige \u00e5 f\u00e5 tak i siden midten av nittitallet, og har v\u00e6rt mye etterspurt.<br \/>\nDe tre albumene stammer fra en mellomperiode i Ketil Bj\u00f8rnstads karriere og er innspilt i 1984 og 1987. Musikken er billedskapende og som s\u00e5 ofte hos Bj\u00f8rnstad befinner den seg et sted mellom klassisk musikk og jazz. All musikken p\u00e5 platene er komponert, men med rikelig rom for improvisasjon. Ketil Bj\u00f8rnstad hadde p\u00e5 70- og 80 tallet suksess med flere storsl\u00e5tte og ambisi\u00f8se plateprosjekter p\u00e5 det norske markedet: Leve Patagonia, Tidevann, Aniara etc. Samarbeidet med Manfred Eicher og ECM  som senere skulle bringe ham ut til et stort internasjonalt publikum kom ikke i stand f\u00f8r i 1993.<\/p>\n<p>De til sammen 24 komposisjonen  om utgj\u00f8r Preludes 1 &amp; 2 ble skrevet av Bj\u00f8rnstad i 1984. De ble f\u00f8rst utgitt som to LP plater av den norske undergrundslabelen Uniton som er mest kjent for sine utgivelser med Holy Toy, Conrad Schnitzler, Fra Lippo Lippi og Harold Budd. Preludes 1 &amp; 2 ble senere gitt ut som en samlet CD utgivelse p\u00e5 Bj\u00f8rnstads eget selskap Hermitage og japanske September i 1993.  Pianology kom f\u00f8rst ut p\u00e5 det norske selskapet Hete Blikk i 1987, f\u00f8r det ble gjenutgitt p\u00e5 Hermitage og September i 1994.<\/p>\n<p>Liner notes av Ketil Bj\u00f8rnstad i omlagsheftet.<\/p>\n<p><!--more--><\/p>\n<p>\u201dEarly Piano Music\u201d gj\u00f8r tilgjengelig igjen albumene Preludes vol 1 &amp; 2 og Pianology fra midten av \u00e5ttitallet. Platene har v\u00e6rt umulige \u00e5 f\u00e5 tak i siden midten av nittitallet, og har v\u00e6rt mye etterspurt.<\/p>\n<h4>Mellomperiode<\/h4>\n<p>De tre albumene stammer fra en mellomperiode i Ketil Bj\u00f8rnstads karriere og er innspilt i 1984 og 1987. Musikken er billedskapende og som s\u00e5 ofte hos Bj\u00f8rnstad befinner den seg et sted mellom klassisk musikk og jazz. All musikken p\u00e5 platene er komponert, men med rikelig rom for improvisasjon.<br \/>\nKetil Bj\u00f8rnstad hadde p\u00e5 70- og 80 tallet suksess med flere storsl\u00e5tte og ambisi\u00f8se plateprosjekter p\u00e5 det norske markedet: Leve Patagonia, Tidevann, Aniara etc. Samarbeidet med Manfred Eicher og ECM  som senere skulle bringe ham ut til et stort internasjonalt publikum kom ikke i stand f\u00f8r i 1993 med duoalbumet \u201dWater Stories\u201d sammen med Terje Rypdal.  \u201dAt jeg valgte \u00e5 produsere selv, b\u00e5de p\u00e5 Preludes 1 &amp; 2 og p\u00e5 Pianology, skyldtes nok at jeg var p\u00e5 vei mot et annet kunstnerisk uttrykk.\u201d sier Bj\u00f8rnstad i omslagsteksten.. \u201dAlle de store prosjektene hadde tatt mye tid og krefter, og jeg rettet meg inn mot et mer minimalistisk uttrykk, hadde glede av \u00e5 utforske flygelet alene igjen, og ble minnet om hvilken klangrikdom instrumentet hadde, s\u00e6rlig i et lite og nakent format.\u201d <\/p>\n<p>Selv ser han en et n\u00e6rt slektskap mellom disse to platene og musikken han senere har innspilt for ECM. Flere av preludiene kan gjenfinnes i et st\u00f8rre format p\u00e5 bl.a. albumet \u201dThe Sea\u201d (1995).<\/p>\n<h4>Rainbow Studio<\/h4>\n<p>De til sammen 24 komposisjonen  om utgj\u00f8r Preludes 1 &amp; 2 ble skrevet av Bj\u00f8rnstad i 1984. De ble f\u00f8rst utgitt som to LP plater av den norske undergrundslabelen Uniton som er mest kjent for sine utgivelser med Holy Toy, Conrad Schnitzler, Fra Lippo Lippi og Harold Budd. \u201dJeg spilte dem inn i to forskjellige studioer, med f\u00e5 m\u00e5neders mellomrom. De f\u00f8rste tolv spilte jeg inn sommeren 1984, i det ny\u00e5pnede Rainbow Studio, som den gang ikke var digitalt, og med Espen Dahl som lydtekniker. De tolv neste spilte jeg inn i februar 1985, i Rosenborg Studio, hos min gamle venn Hans Petter Danielsen. Det var det siste vi gjorde sammen, etter et \u00e5relangt samarbeid.\u201d<\/p>\n<p>Preludes 1 &amp; 2 ble senere gitt ut som en samlet CD utgivelse p\u00e5 Bj\u00f8rnstads eget selskap Hermitage og japanske September i 1993.  Pianology kom f\u00f8rst ut p\u00e5 det norske selskapet Hete Blikk i 1987, f\u00f8r det ble gjenutgitt p\u00e5 Hermitage og September i 1994.<\/p>\n<p>\u201dPianology spilte jeg inn i 1987, og s\u00e5vidt jeg husker, var det et av de f\u00f8rste digitalopptakene Jan Erik Kongshaug gjorde i sitt allerede da s\u00e5 ber\u00f8mte Rainbow Studio. Det sto en Steinway Model C der, som jeg var spesielt glad i. Instrumentet gjorde det lettere \u00e5 arbeide i et enda mer minimalistisk uttrykk.\u201d<\/p>\n<p>Liner notes av Ketil Bj\u00f8rnstad i omslagsheftet.<\/p>\n<h4><\/h4>\n<\/p>\n<p><\/p>","protected":false},"excerpt":{"rendered":"<p>Musikken er billedskapende og som s\u00e5 ofte hos Bj\u00f8rnstad befinner den seg et sted mellom klassisk musikk og jazz.<\/p>\n","protected":false},"featured_media":27345,"comment_status":"closed","ping_status":"open","template":"","meta":[],"product_brand":[],"product_cat":[36],"product_tag":[],"class_list":{"0":"post-699","1":"product","2":"type-product","3":"status-publish","4":"has-post-thumbnail","6":"product_cat-hubro","7":"product_shipping_class-cddvd-shipping","8":"uni_artist_tag-ketil-bjornstad","9":"uni_main_artist_tag-ketil-bjornstad","10":"uni_artist_genre-chamber-music","11":"uni_artist_genre-instrumental","12":"uni_artist_genre-jazz","14":"first","15":"instock","16":"taxable","17":"shipping-taxable","18":"purchasable","19":"product-type-simple"},"_links":{"self":[{"href":"https:\/\/grappa.no\/no\/wp-json\/wp\/v2\/product\/699","targetHints":{"allow":["GET"]}}],"collection":[{"href":"https:\/\/grappa.no\/no\/wp-json\/wp\/v2\/product"}],"about":[{"href":"https:\/\/grappa.no\/no\/wp-json\/wp\/v2\/types\/product"}],"replies":[{"embeddable":true,"href":"https:\/\/grappa.no\/no\/wp-json\/wp\/v2\/comments?post=699"}],"wp:featuredmedia":[{"embeddable":true,"href":"https:\/\/grappa.no\/no\/wp-json\/wp\/v2\/media\/27345"}],"wp:attachment":[{"href":"https:\/\/grappa.no\/no\/wp-json\/wp\/v2\/media?parent=699"}],"wp:term":[{"taxonomy":"product_brand","embeddable":true,"href":"https:\/\/grappa.no\/no\/wp-json\/wp\/v2\/product_brand?post=699"},{"taxonomy":"product_cat","embeddable":true,"href":"https:\/\/grappa.no\/no\/wp-json\/wp\/v2\/product_cat?post=699"},{"taxonomy":"product_tag","embeddable":true,"href":"https:\/\/grappa.no\/no\/wp-json\/wp\/v2\/product_tag?post=699"}],"curies":[{"name":"wp","href":"https:\/\/api.w.org\/{rel}","templated":true}]}}