{"id":698,"date":"2007-11-19T00:00:00","date_gmt":"2007-11-18T23:00:00","guid":{"rendered":"http:\/\/www.grappa.no\/albums\/uncategorized\/juletid\/"},"modified":"2016-11-18T16:35:45","modified_gmt":"2016-11-18T15:35:45","slug":"juletid","status":"publish","type":"product","link":"https:\/\/grappa.no\/no\/albums\/heilo\/juletid\/","title":{"rendered":"Juletid"},"content":{"rendered":"<p><\/p>\n<p>Tidl\u00f8s juleplate<\/p>\n<p>&#8216;Juletid&#8217; regnes som en av Norges desidert beste folkemusikkplater. B\u00e5de publikum og kritikere var begeistret for utgivelsen og Kirsten Br\u00e5ten Berg, Hallvard T. Bj\u00f8rgum og Eilert H\u00e6geland ble nominert til Spellemannprisen i kategorien Folkemusikk\/Gammaldans for albumet. Interessen for utgivelsen har holdt seg og i 2007 ble Juletid utgitt p\u00e5 nytt grunnet stor ettersp\u00f8rsel. Repertoaret spenner vidt: Her blandes spennende arrangementer av tradisjonelle julesanger med salmer, stev og folketoner. Resultatet er en verdig og h\u00f8ystemt utgivelse. Br\u00e5ten Berg framf\u00f8rer her noe av det eldste tonematerialet vi kjenner, b\u00e5de a cappella og akkompagnert av Bj\u00f8rgum p\u00e5 hardingfele og H\u00e6geland p\u00e5 orgel. Br\u00e5ten Bergs s\u00e6regne vokal og tonene fra hardingfele og orgel gir en unik musikkopplevelse som skiller seg ut fra den gjengse julemusikken.<\/p>\n<p><!--more--><\/p>\n<p>En av landets beste folkemusikkplater!<\/p>\n<h4>Variert repertoar<\/h4>\n<p>P\u00e5 Juletid f\u00e5r vi h\u00f8re et stort og variert repertoar av julemusikk. Her blandes spennende arrangementer av tradisjonelle julesanger med salmer, stev og folketoner, ikledd folkemusikalske toner. Ikke minst er \u00e5pningssporet \u201dI denne s\u00f8te juletid\u201d for mange blitt en kj\u00e6r melodi i juleh\u00f8ytiden. Det samme har tolkningene av velkjente sanger som \u201dEt barn er f\u00f8dt i Betlehem\u201d og \u201dHer er det ny som p\u00e5 jorderig skjedde\u201d. Resultatet er blitt en verdig og h\u00f8ystemt utgivelse som tar utgangspunkt i ulike aspekter ved norske julemusikktradisjoner.<\/p>\n<h4>Unik musikkopplevelse<\/h4>\n<p>Br\u00e5ten Berg framf\u00f8rer her noe av det eldste tonematerialet vi kjenner, b\u00e5de a cappella og akkompagnert av Bj\u00f8rgum p\u00e5 hardingfele og H\u00e6geland p\u00e5 orgel. Sammen med Br\u00e5ten Bergs s\u00e6regne vokal gir tonene fra hardingfele og orgel en helt unik musikkopplevelse som skiller seg ut fra den gjengse julemusikken. Juletid formidler julestemning med folkemusikksmak og er blitt en viktig del av h\u00f8ytidsfeiringen i mange norske hjem.<\/p>\n<h4><\/h4>\n<\/p>\n<p><\/p>","protected":false},"excerpt":{"rendered":"<p>En julemusikalsk klassiker!<\/p>\n","protected":false},"featured_media":27270,"comment_status":"closed","ping_status":"open","template":"","meta":[],"product_brand":[],"product_cat":[35],"product_tag":[],"class_list":{"0":"post-698","1":"product","2":"type-product","3":"status-publish","4":"has-post-thumbnail","6":"product_cat-heilo","7":"product_shipping_class-cddvd-shipping","8":"uni_artist_tag-eilert-m-haegeland","9":"uni_artist_tag-hallvard-kvale","10":"uni_artist_tag-hallvard-t-bjorgum-harding-hank","11":"uni_artist_tag-kirsten-braten-berg","12":"uni_artist_tag-trad","13":"uni_main_artist_tag-kirsten-braten-berg","14":"uni_artist_genre-christmas-music","15":"uni_artist_genre-folk-music","16":"uni_artist_genre-traditional","18":"first","19":"instock","20":"taxable","21":"shipping-taxable","22":"purchasable","23":"product-type-simple"},"_links":{"self":[{"href":"https:\/\/grappa.no\/no\/wp-json\/wp\/v2\/product\/698","targetHints":{"allow":["GET"]}}],"collection":[{"href":"https:\/\/grappa.no\/no\/wp-json\/wp\/v2\/product"}],"about":[{"href":"https:\/\/grappa.no\/no\/wp-json\/wp\/v2\/types\/product"}],"replies":[{"embeddable":true,"href":"https:\/\/grappa.no\/no\/wp-json\/wp\/v2\/comments?post=698"}],"wp:featuredmedia":[{"embeddable":true,"href":"https:\/\/grappa.no\/no\/wp-json\/wp\/v2\/media\/27270"}],"wp:attachment":[{"href":"https:\/\/grappa.no\/no\/wp-json\/wp\/v2\/media?parent=698"}],"wp:term":[{"taxonomy":"product_brand","embeddable":true,"href":"https:\/\/grappa.no\/no\/wp-json\/wp\/v2\/product_brand?post=698"},{"taxonomy":"product_cat","embeddable":true,"href":"https:\/\/grappa.no\/no\/wp-json\/wp\/v2\/product_cat?post=698"},{"taxonomy":"product_tag","embeddable":true,"href":"https:\/\/grappa.no\/no\/wp-json\/wp\/v2\/product_tag?post=698"}],"curies":[{"name":"wp","href":"https:\/\/api.w.org\/{rel}","templated":true}]}}